{"id":730746,"date":"2025-08-27T21:19:54","date_gmt":"2025-08-27T18:19:54","guid":{"rendered":"https:\/\/roveyayinevi.com.tr\/index.php\/urun\/6-nesil\/"},"modified":"2026-04-16T02:38:36","modified_gmt":"2026-04-15T23:38:36","slug":"6-nesil","status":"publish","type":"product","link":"https:\/\/roveyayinevi.com.tr\/index.php\/urun\/6-nesil\/","title":{"rendered":"6. Nesil"},"content":{"rendered":"<p>\u201cSular \u00e7ekildikten sonra hayatta kalanlar hep birlikte ya\u015fam m\u00fccadelesi vermeye ba\u015flad\u0131. Adonya\u2019n\u0131n baz\u0131 al\u00e7ak kesimleri ise tamamen su alt\u0131nda kal\u0131p yok olmu\u015ftu. Art\u0131k insanlar aras\u0131ndaki ayr\u0131m ortadan kalkm\u0131\u015ft\u0131 eskiden k\u00f6le olanlar ve onlara bunu lay\u0131k g\u00f6ren efendileri hayatta kalmak i\u00e7in e\u015fit \u015fartlardayd\u0131 ve hayatta kalabilmek i\u00e7in zaman zaman birbirlerine yard\u0131m i\u00e7indeydiler. Bu hayatta kalanlar ta ki y\u00fcz seksen y\u0131l \u00f6nce Tangor\u2019un gezegeninize g\u00f6nderdi\u011fi elektromanyetik dalgalara kadar s\u00fcren insanl\u0131\u011f\u0131n be\u015finci neslini olu\u015fturdu. O dalgalara ra\u011fmen hayatta kal\u0131p yepyeni bir medeniyet kuran di\u011fer insanlar\u0131n d\u0131\u015flad\u0131\u011f\u0131, hor g\u00f6rd\u00fc\u011f\u00fc toplum i\u00e7ine dahi almad\u0131\u011f\u0131 otizmli denilen insanlar ise masumiyet \u00e7a\u011f\u0131n\u0131 ba\u015flat\u0131p alt\u0131nc\u0131 neslin temelini olu\u015fturdu\u2026\u201d <\/p>\n","protected":false},"excerpt":{"rendered":"<p>\u201cSular \u00e7ekildikten sonra hayatta kalanlar hep birlikte ya\u015fam m\u00fccadelesi vermeye ba\u015flad\u0131. Adonya\u2019n\u0131n baz\u0131 al\u00e7ak kesimleri ise tamamen su alt\u0131nda kal\u0131p yok olmu\u015ftu. Art\u0131k insanlar aras\u0131ndaki ayr\u0131m<span class=\"excerpt-hellip\"> [\u2026]<\/span><\/p>\n","protected":false},"featured_media":0,"template":"","meta":{"_monsterinsights_skip_tracking":false,"_monsterinsights_sitenote_active":false,"_monsterinsights_sitenote_note":"","_monsterinsights_sitenote_category":0},"product_brand":[],"product_cat":[12291,12711],"product_tag":[],"class_list":{"0":"post-730746","1":"product","2":"type-product","3":"status-publish","5":"product_cat-edebiyat","6":"product_cat-roman-oyku","7":"pa_cilt-ciltsiz","8":"pa_tur-kitap","9":"pa_yayinevi-kuytu-yayinlari","10":"pa_yazar-dilaver-korkmaz","12":"first","13":"instock","14":"sale","15":"shipping-taxable","16":"purchasable","17":"product-type-simple"},"_links":{"self":[{"href":"https:\/\/roveyayinevi.com.tr\/index.php\/wp-json\/wp\/v2\/product\/730746","targetHints":{"allow":["GET"]}}],"collection":[{"href":"https:\/\/roveyayinevi.com.tr\/index.php\/wp-json\/wp\/v2\/product"}],"about":[{"href":"https:\/\/roveyayinevi.com.tr\/index.php\/wp-json\/wp\/v2\/types\/product"}],"wp:attachment":[{"href":"https:\/\/roveyayinevi.com.tr\/index.php\/wp-json\/wp\/v2\/media?parent=730746"}],"wp:term":[{"taxonomy":"product_brand","embeddable":true,"href":"https:\/\/roveyayinevi.com.tr\/index.php\/wp-json\/wp\/v2\/product_brand?post=730746"},{"taxonomy":"product_cat","embeddable":true,"href":"https:\/\/roveyayinevi.com.tr\/index.php\/wp-json\/wp\/v2\/product_cat?post=730746"},{"taxonomy":"product_tag","embeddable":true,"href":"https:\/\/roveyayinevi.com.tr\/index.php\/wp-json\/wp\/v2\/product_tag?post=730746"}],"curies":[{"name":"wp","href":"https:\/\/api.w.org\/{rel}","templated":true}]}}