{"id":730745,"date":"2025-08-27T21:19:53","date_gmt":"2025-08-27T18:19:53","guid":{"rendered":"https:\/\/roveyayinevi.com.tr\/index.php\/urun\/vuslata-mektuplar\/"},"modified":"2026-04-16T02:38:36","modified_gmt":"2026-04-15T23:38:36","slug":"vuslata-mektuplar","status":"publish","type":"product","link":"https:\/\/roveyayinevi.com.tr\/index.php\/urun\/vuslata-mektuplar\/","title":{"rendered":"Vuslata Mektuplar"},"content":{"rendered":"<p>\u201cHayat\u0131m\u0131zda \u00e7ok b\u00fcy\u00fck yeri olan mektuplar\u0131 teknolojik haberle\u015fmenin h\u0131zl\u0131 geli\u015fmesi yok etmeye ba\u015flam\u0131\u015f olsa bile yerini hi\u00e7bir \u015fey doldurmuyor. Edebiyat\u0131n g\u00fczel t\u00fcrlerinden biri olan mektup metinleri sonsuza kadar var olacakt\u0131r. Mektup yaz\u0131l\u0131rken; yazar birebir kendi hayat\u0131ndan al\u0131nt\u0131lar\u0131n\u0131, m\u00fcthi\u015f kurgular\u0131n\u0131, soyut d\u00fc\u015f\u00fcncelerini ve duygusal zekas\u0131n\u0131 m\u00fckemmel harmanlay\u0131p, herkesin kendisine bir \u015feyler bulaca\u011f\u0131 mektuplar\u0131 yaz\u0131p bo\u015flu\u011fa b\u0131rak\u0131vermi\u015f! Okudu\u011funuzda eski sevdalar\u0131n a\u015fklar\u0131n safl\u0131\u011f\u0131 burcu burcu i\u00e7inize i\u015flerken duygu y\u00fckl\u00fc o m\u00fcthi\u015f kelimeler bir m\u00fczi\u011fin ritmi gibi g\u00f6n\u00fcl telinizi \u00e7alacakt\u0131r&#8230;\u201d<\/p>\n","protected":false},"excerpt":{"rendered":"<p>\u201cHayat\u0131m\u0131zda \u00e7ok b\u00fcy\u00fck yeri olan mektuplar\u0131 teknolojik haberle\u015fmenin h\u0131zl\u0131 geli\u015fmesi yok etmeye ba\u015flam\u0131\u015f olsa bile yerini hi\u00e7bir \u015fey doldurmuyor. Edebiyat\u0131n g\u00fczel t\u00fcrlerinden biri olan mektup metinleri<span class=\"excerpt-hellip\"> [\u2026]<\/span><\/p>\n","protected":false},"featured_media":0,"template":"","meta":{"_monsterinsights_skip_tracking":false,"_monsterinsights_sitenote_active":false,"_monsterinsights_sitenote_note":"","_monsterinsights_sitenote_category":0},"product_brand":[],"product_cat":[12291,12509],"product_tag":[],"class_list":{"0":"post-730745","1":"product","2":"type-product","3":"status-publish","5":"product_cat-edebiyat","6":"product_cat-siir","7":"pa_cilt-ciltsiz","8":"pa_tur-kitap","9":"pa_yayinevi-kuytu-yayinlari","10":"pa_yazar-yuksel-koker","12":"first","13":"instock","14":"sale","15":"shipping-taxable","16":"purchasable","17":"product-type-simple"},"_links":{"self":[{"href":"https:\/\/roveyayinevi.com.tr\/index.php\/wp-json\/wp\/v2\/product\/730745","targetHints":{"allow":["GET"]}}],"collection":[{"href":"https:\/\/roveyayinevi.com.tr\/index.php\/wp-json\/wp\/v2\/product"}],"about":[{"href":"https:\/\/roveyayinevi.com.tr\/index.php\/wp-json\/wp\/v2\/types\/product"}],"wp:attachment":[{"href":"https:\/\/roveyayinevi.com.tr\/index.php\/wp-json\/wp\/v2\/media?parent=730745"}],"wp:term":[{"taxonomy":"product_brand","embeddable":true,"href":"https:\/\/roveyayinevi.com.tr\/index.php\/wp-json\/wp\/v2\/product_brand?post=730745"},{"taxonomy":"product_cat","embeddable":true,"href":"https:\/\/roveyayinevi.com.tr\/index.php\/wp-json\/wp\/v2\/product_cat?post=730745"},{"taxonomy":"product_tag","embeddable":true,"href":"https:\/\/roveyayinevi.com.tr\/index.php\/wp-json\/wp\/v2\/product_tag?post=730745"}],"curies":[{"name":"wp","href":"https:\/\/api.w.org\/{rel}","templated":true}]}}