{"id":730743,"date":"2025-08-27T21:19:51","date_gmt":"2025-08-27T18:19:51","guid":{"rendered":"https:\/\/roveyayinevi.com.tr\/index.php\/urun\/korona-gunlerinde-yol-ayrimi\/"},"modified":"2026-04-16T02:38:36","modified_gmt":"2026-04-15T23:38:36","slug":"korona-gunlerinde-yol-ayrimi","status":"publish","type":"product","link":"https:\/\/roveyayinevi.com.tr\/index.php\/urun\/korona-gunlerinde-yol-ayrimi\/","title":{"rendered":"Korona G\u00fcnlerinde Yol Ayr\u0131m\u0131"},"content":{"rendered":"<p>Sadece yeti\u015fkin olunca de\u011fil, hayat\u0131m\u0131z\u0131n her d\u00f6neminde kar\u015f\u0131la\u015f\u0131r\u0131z yol ayr\u0131mlar\u0131yla&#8230; \u00c7ocukken de se\u00e7ece\u011fimiz bir\u00e7ok yol vard\u0131r. En do\u011frusunu se\u00e7ebilme yetene\u011fine daha \u00e7ocukken eri\u015febilmek kadar b\u00fcy\u00fck hazine olamaz diye d\u00fc\u015f\u00fcn\u00fcyorum. Elinizde tuttu\u011funuz bu kitap, yeti\u015fkinler olarak \u00e7ocuklar\u0131m\u0131za en faydal\u0131 yollar\u0131 se\u00e7ebilme bilincini nas\u0131l a\u015f\u0131layaca\u011f\u0131m\u0131z\u0131 g\u00f6steriyor. \u00c7ocuklara da bu s\u00fcre\u00e7te se\u00e7tikleri yollarda nas\u0131l sonu\u00e7larla kar\u015f\u0131la\u015fabileceklerini \u00f6\u011fretiyor. Hepimizin \u00f6\u011frenece\u011fi \u015feyler var. <\/p>\n","protected":false},"excerpt":{"rendered":"<p>Sadece yeti\u015fkin olunca de\u011fil, hayat\u0131m\u0131z\u0131n her d\u00f6neminde kar\u015f\u0131la\u015f\u0131r\u0131z yol ayr\u0131mlar\u0131yla&#8230; \u00c7ocukken de se\u00e7ece\u011fimiz bir\u00e7ok yol vard\u0131r. En do\u011frusunu se\u00e7ebilme yetene\u011fine daha \u00e7ocukken eri\u015febilmek kadar b\u00fcy\u00fck hazine<span class=\"excerpt-hellip\"> [\u2026]<\/span><\/p>\n","protected":false},"featured_media":0,"template":"","meta":{"_monsterinsights_skip_tracking":false,"_monsterinsights_sitenote_active":false,"_monsterinsights_sitenote_note":"","_monsterinsights_sitenote_category":0},"product_brand":[],"product_cat":[12913,12274],"product_tag":[],"class_list":{"0":"post-730743","1":"product","2":"type-product","3":"status-publish","5":"product_cat-3-6-yas-kitaplari","6":"product_cat-cocuk-ve-genclik-kitaplari","7":"pa_cilt-ciltsiz","8":"pa_tur-kitap","9":"pa_yayinevi-us-yayinlari","10":"pa_yazar-gulay-tol","12":"first","13":"instock","14":"sale","15":"shipping-taxable","16":"purchasable","17":"product-type-simple"},"_links":{"self":[{"href":"https:\/\/roveyayinevi.com.tr\/index.php\/wp-json\/wp\/v2\/product\/730743","targetHints":{"allow":["GET"]}}],"collection":[{"href":"https:\/\/roveyayinevi.com.tr\/index.php\/wp-json\/wp\/v2\/product"}],"about":[{"href":"https:\/\/roveyayinevi.com.tr\/index.php\/wp-json\/wp\/v2\/types\/product"}],"wp:attachment":[{"href":"https:\/\/roveyayinevi.com.tr\/index.php\/wp-json\/wp\/v2\/media?parent=730743"}],"wp:term":[{"taxonomy":"product_brand","embeddable":true,"href":"https:\/\/roveyayinevi.com.tr\/index.php\/wp-json\/wp\/v2\/product_brand?post=730743"},{"taxonomy":"product_cat","embeddable":true,"href":"https:\/\/roveyayinevi.com.tr\/index.php\/wp-json\/wp\/v2\/product_cat?post=730743"},{"taxonomy":"product_tag","embeddable":true,"href":"https:\/\/roveyayinevi.com.tr\/index.php\/wp-json\/wp\/v2\/product_tag?post=730743"}],"curies":[{"name":"wp","href":"https:\/\/api.w.org\/{rel}","templated":true}]}}