{"id":730742,"date":"2025-08-27T21:19:50","date_gmt":"2025-08-27T18:19:50","guid":{"rendered":"https:\/\/roveyayinevi.com.tr\/index.php\/urun\/korona-gunlerinde-dus-bahcesi\/"},"modified":"2026-04-16T02:38:36","modified_gmt":"2026-04-15T23:38:36","slug":"korona-gunlerinde-dus-bahcesi","status":"publish","type":"product","link":"https:\/\/roveyayinevi.com.tr\/index.php\/urun\/korona-gunlerinde-dus-bahcesi\/","title":{"rendered":"Korona G\u00fcnlerinde D\u00fc\u015f Bah\u00e7esi"},"content":{"rendered":"<p>D\u00fc\u015f Bah\u00e7esi; sadece korona g\u00fcnlerinde kaybedilenleri de\u011fil, ayn\u0131 zamanda daha g\u00fczel ve sa\u011fl\u0131kl\u0131 bir d\u00fcnyada ya\u015fama iste\u011finin \u00f6n planda oldu\u011fu bir hik\u00e2ye. Oyun ve merak\u0131n \u00f6n planda yer ald\u0131\u011f\u0131 sayfalarda incelikli mesajlara da yer veriliyor. Dilem\u2019in d\u00fc\u015f\u00fcnde gezinirken, \u00e7evreci bir kurgunun i\u00e7inde buluyorsunuz kendinizi. D\u00fc\u015f Bah\u00e7e\u2019sini okurken, kendi \u00e7ocuklu\u011fumuzda ya da unuttu\u011fumuzu sand\u0131\u011f\u0131m\u0131z bir an\u0131y\u0131 ortaya \u00e7\u0131kard\u0131\u011f\u0131n\u0131 g\u00f6r\u00fcyorsunuz. Ayn\u0131 zamanda s\u00f6zc\u00fckleri ve kurgusunun yan\u0131nda, renkli g\u00f6rselleri ile de etkileyici bir b\u00fct\u00fcnl\u00fck sa\u011fl\u0131yor. S\u00f6zs\u00fcz sayfalar\u0131 bile okuyucusuna bir hediye sunuyor. <\/p>\n","protected":false},"excerpt":{"rendered":"<p>D\u00fc\u015f Bah\u00e7esi; sadece korona g\u00fcnlerinde kaybedilenleri de\u011fil, ayn\u0131 zamanda daha g\u00fczel ve sa\u011fl\u0131kl\u0131 bir d\u00fcnyada ya\u015fama iste\u011finin \u00f6n planda oldu\u011fu bir hik\u00e2ye. Oyun ve merak\u0131n \u00f6n<span class=\"excerpt-hellip\"> [\u2026]<\/span><\/p>\n","protected":false},"featured_media":0,"template":"","meta":{"_monsterinsights_skip_tracking":false,"_monsterinsights_sitenote_active":false,"_monsterinsights_sitenote_note":"","_monsterinsights_sitenote_category":0},"product_brand":[],"product_cat":[12913,12274],"product_tag":[],"class_list":{"0":"post-730742","1":"product","2":"type-product","3":"status-publish","5":"product_cat-3-6-yas-kitaplari","6":"product_cat-cocuk-ve-genclik-kitaplari","7":"pa_cilt-ciltsiz","8":"pa_tur-kitap","9":"pa_yayinevi-us-yayinlari","10":"pa_yazar-gulay-tol","12":"first","13":"instock","14":"sale","15":"shipping-taxable","16":"purchasable","17":"product-type-simple"},"_links":{"self":[{"href":"https:\/\/roveyayinevi.com.tr\/index.php\/wp-json\/wp\/v2\/product\/730742","targetHints":{"allow":["GET"]}}],"collection":[{"href":"https:\/\/roveyayinevi.com.tr\/index.php\/wp-json\/wp\/v2\/product"}],"about":[{"href":"https:\/\/roveyayinevi.com.tr\/index.php\/wp-json\/wp\/v2\/types\/product"}],"wp:attachment":[{"href":"https:\/\/roveyayinevi.com.tr\/index.php\/wp-json\/wp\/v2\/media?parent=730742"}],"wp:term":[{"taxonomy":"product_brand","embeddable":true,"href":"https:\/\/roveyayinevi.com.tr\/index.php\/wp-json\/wp\/v2\/product_brand?post=730742"},{"taxonomy":"product_cat","embeddable":true,"href":"https:\/\/roveyayinevi.com.tr\/index.php\/wp-json\/wp\/v2\/product_cat?post=730742"},{"taxonomy":"product_tag","embeddable":true,"href":"https:\/\/roveyayinevi.com.tr\/index.php\/wp-json\/wp\/v2\/product_tag?post=730742"}],"curies":[{"name":"wp","href":"https:\/\/api.w.org\/{rel}","templated":true}]}}