{"id":730738,"date":"2025-08-27T21:19:46","date_gmt":"2025-08-27T18:19:46","guid":{"rendered":"https:\/\/roveyayinevi.com.tr\/index.php\/urun\/isigin-elleri-insan-enerji-alaniyla-sifa-rehberi\/"},"modified":"2026-04-16T02:38:36","modified_gmt":"2026-04-15T23:38:36","slug":"isigin-elleri-insan-enerji-alaniyla-sifa-rehberi","status":"publish","type":"product","link":"https:\/\/roveyayinevi.com.tr\/index.php\/urun\/isigin-elleri-insan-enerji-alaniyla-sifa-rehberi\/","title":{"rendered":"I\u015f\u0131\u011f\u0131n Elleri : \u0130nsan Enerji Alan\u0131yla \u015eifa Rehberi"},"content":{"rendered":"<p>\u201cBarbara Brennan\u2019\u0131n \u00e7al\u0131\u015fmas\u0131 zihin a\u00e7\u0131yor. Hastal\u0131\u011f\u0131n oynad\u0131\u011f\u0131 rol ve sa\u011fl\u0131\u011fa nas\u0131l ula\u015f\u0131ld\u0131\u011f\u0131yla ilgili kavramlar\u0131 kesinlikle benim tecr\u00fcbelerimle birebir \u00f6rt\u00fc\u015f\u00fcyor.\u201d- Dr. Bernie S. Siegel \/ Love, Medicine and Miracles adl\u0131 kitab\u0131n yazar\u0131Barbara Ann Brennan, bir fizik\u00e7inin netli\u011fi, on be\u015f y\u0131l\u0131 a\u015fk\u0131n bir su\u0308redir 5,000 dan\u0131\u015fan ve \u00f6\u011frenciyi g\u00f6zlemleme tecru\u0308besi, yetenekli bir \u015fifac\u0131n\u0131n merhametiyle mutlulu\u011fu, sa\u011fl\u0131\u011f\u0131 ve potansiyellerini arayan insanlar i\u00e7in var olan ilk kapsaml\u0131 \u0130nsan Enerji Alan\u0131 \u00e7al\u0131\u015fmas\u0131n\u0131 sunmaktad\u0131r. Fiziksel bedenlerimiz, sa\u011fl\u0131k ve hastal\u0131k dahil ger\u00e7eklik tecru\u0308bemizi yaratmam\u0131z\u0131 sa\u011flayan ara\u00e7 olan daha bu\u0308yu\u0308k bir \u201cbedenin\u201d, bir \u0130nsan Enerji Alan\u0131\u2019n\u0131n ya da auras\u0131n\u0131n i\u00e7inde var olmaktad\u0131r. Kendimiz iyile\u015ftirme gu\u0308cu\u0308ne bu enerji alan\u0131 sayesinde sahip oluruz. Bilim insanlar\u0131 taraf\u0131ndan yak\u0131n zamanda do\u011frulanan, ama \u015fifac\u0131 ve mistiklerin uzun zamand\u0131r bildikleri bu enerji bedeni, tu\u0308m hastal\u0131klar\u0131n ba\u015flang\u0131\u00e7 noktas\u0131d\u0131r. Burada en gu\u0308\u00e7lu\u0308 ve engin insan etkile\u015fimlerimiz iyile\u015fir, tu\u0308m fizyolojik ve duygusal rahats\u0131zl\u0131klar\u0131n habercisi ve \u015fifac\u0131s\u0131d\u0131r. I\u015f\u0131\u011f\u0131n Elleri sizi yeni bir bu\u0308tu\u0308nlu\u0308\u011fe g\u00f6tu\u0308ren rehberinizdir.Kitap size:Sa\u011fl\u0131kta, ili\u015fkilerde ve hastal\u0131klarda insan i\u00e7in yeni bir paradigma,\u0130nsan Enerji Alan\u0131\u2019n\u0131n nas\u0131l g\u00f6ru\u0308ndu\u0308\u011fu\u0308ne, i\u015flev g\u00f6sterdi\u011fine, bozuldu\u011funa, iyile\u015fti\u011fine ve arkada\u015f ve e\u015flerle nas\u0131l etkile\u015fim kurdu\u011funa dair bir anlay\u0131\u015f,Auralar\u0131 g\u00f6rme ve yorumlama becerisinde e\u011fitim,Hayat\u0131n tu\u0308m alanlar\u0131ndan farkl\u0131, \u00e7e\u015fitli hastal\u0131klara sahip insanlar\u0131n t\u0131bbi olarak do\u011frulanm\u0131\u015f iyile\u015fme hikayeleri,Kendi kendini ve ba\u015fkalar\u0131n\u0131 iyile\u015ftirmek i\u00e7in yollar,Ve yazar\u0131n, bize bu\u0308yu\u0308me, cesaret ve engin bilin\u00e7 olas\u0131l\u0131klar\u0131 i\u00e7in bir model sunan ki\u015fisel ve merak uyand\u0131ran ya\u015fam hikayesini sunmaktad\u0131r.<\/p>\n","protected":false},"excerpt":{"rendered":"<p>\u201cBarbara Brennan\u2019\u0131n \u00e7al\u0131\u015fmas\u0131 zihin a\u00e7\u0131yor. Hastal\u0131\u011f\u0131n oynad\u0131\u011f\u0131 rol ve sa\u011fl\u0131\u011fa nas\u0131l ula\u015f\u0131ld\u0131\u011f\u0131yla ilgili kavramlar\u0131 kesinlikle benim tecr\u00fcbelerimle birebir \u00f6rt\u00fc\u015f\u00fcyor.\u201d- Dr. Bernie S. Siegel \/ Love, Medicine<span class=\"excerpt-hellip\"> [\u2026]<\/span><\/p>\n","protected":false},"featured_media":0,"template":"","meta":{"_monsterinsights_skip_tracking":false,"_monsterinsights_sitenote_active":false,"_monsterinsights_sitenote_note":"","_monsterinsights_sitenote_category":0},"product_brand":[],"product_cat":[13397,13365],"product_tag":[],"class_list":{"0":"post-730738","1":"product","2":"type-product","3":"status-publish","5":"product_cat-alternatif-tip-sifali-bitkiler","6":"product_cat-saglik","7":"pa_cilt-ciltsiz","8":"pa_tur-kitap","9":"pa_yayinevi-butik-yayinlari","10":"pa_yazar-barbara-ann-brennan","12":"first","13":"instock","14":"sale","15":"shipping-taxable","16":"purchasable","17":"product-type-simple"},"_links":{"self":[{"href":"https:\/\/roveyayinevi.com.tr\/index.php\/wp-json\/wp\/v2\/product\/730738","targetHints":{"allow":["GET"]}}],"collection":[{"href":"https:\/\/roveyayinevi.com.tr\/index.php\/wp-json\/wp\/v2\/product"}],"about":[{"href":"https:\/\/roveyayinevi.com.tr\/index.php\/wp-json\/wp\/v2\/types\/product"}],"wp:attachment":[{"href":"https:\/\/roveyayinevi.com.tr\/index.php\/wp-json\/wp\/v2\/media?parent=730738"}],"wp:term":[{"taxonomy":"product_brand","embeddable":true,"href":"https:\/\/roveyayinevi.com.tr\/index.php\/wp-json\/wp\/v2\/product_brand?post=730738"},{"taxonomy":"product_cat","embeddable":true,"href":"https:\/\/roveyayinevi.com.tr\/index.php\/wp-json\/wp\/v2\/product_cat?post=730738"},{"taxonomy":"product_tag","embeddable":true,"href":"https:\/\/roveyayinevi.com.tr\/index.php\/wp-json\/wp\/v2\/product_tag?post=730738"}],"curies":[{"name":"wp","href":"https:\/\/api.w.org\/{rel}","templated":true}]}}