{"id":730737,"date":"2025-08-27T21:19:46","date_gmt":"2025-08-27T18:19:46","guid":{"rendered":"https:\/\/roveyayinevi.com.tr\/index.php\/urun\/isigin-dogusu\/"},"modified":"2026-04-08T02:47:18","modified_gmt":"2026-04-07T23:47:18","slug":"isigin-dogusu","status":"publish","type":"product","link":"https:\/\/roveyayinevi.com.tr\/index.php\/urun\/isigin-dogusu\/","title":{"rendered":"I\u015f\u0131\u011f\u0131n Do\u011fu\u015fu"},"content":{"rendered":"<p>arbara Ann Brennan&#8217;\u0131n ilk \u00e7ok-satan kitab\u0131 I\u015f\u0131\u011f\u0131n Elleri, onu d\u00fcnyan\u0131n en yetenekli \u015fifac\u0131 ve \u00f6\u011fretmenlerinin aras\u0131na yerle\u015ftirdi. \u015eimdi, uzun zamand\u0131r bekleyen yeni \u00e7al\u0131\u015fmas\u0131nda, sa\u011fl\u0131k veya hastal\u0131k deneyimimizin kayna\u011f\u0131 olan insan enerji alan\u0131na ya da auraya dair \u00e7arp\u0131c\u0131 ke\u015fifler yapmay\u0131 s\u00fcrd\u00fcrmektedir. Ders ve uygulamalar\u0131ndaki pek \u00e7ok yeni geli\u015fmeye odaklanan yazar, hem hasta hem de \u015fifac\u0131 olarak en temel \u015fifal\u0131 g\u00fcc\u00fcm\u00fcz\u00fc nas\u0131l anlayabilece\u011fimizi ve o g\u00fc\u00e7le nas\u0131l \u00e7al\u0131\u015fabilece\u011fimizi g\u00f6stermektedir: insanl\u0131\u011f\u0131m\u0131z\u0131n merkezinden y\u00fckselen \u0131\u015f\u0131kla.\u015eifac\u0131, hasta ve di\u011fer sa\u011fl\u0131k profesyonelleri aras\u0131nda i\u015fbirlik\u00e7i bir \u00e7al\u0131\u015fmay\u0131 te\u015fvik eden e\u015fsiz bir yakla\u015f\u0131mla I\u015f\u0131\u011f\u0131n Do\u011fu\u015fu, \u015fifac\u0131n\u0131n g\u00f6rsel, i\u015fitsel ve kinestetik olarak ne alg\u0131lad\u0131\u011f\u0131n\u0131 ve her birimizin \u015fifa s\u00fcrecinin her a\u015famas\u0131na nas\u0131l kat\u0131labilece\u011fini a\u00e7\u0131klamaktad\u0131r. Holografi bilimine dayanan yeni bir \u015fifa paradigmas\u0131ndan &#8220;hara seviyesine&#8221; ve &#8220;\u00e7ekirdek y\u0131ld\u0131za&#8221; dair anlat\u0131mlara kadar \u00e7ok \u00e7e\u015fitli ara\u015ft\u0131rmalar sunan I\u015f\u0131\u011f\u0131n Do\u011fu\u015fu, \u00e7a\u011f\u0131m\u0131z\u0131n \u015fifa uygulamalar\u0131na yepyeni bir boyut kazand\u0131rmaktad\u0131r.Her birimizin nas\u0131l kendimizi ve ba\u015fkalar\u0131n\u0131 iyile\u015ftirmek i\u00e7in i\u00e7sel g\u00fcc\u00fcm\u00fcze eri\u015febilece\u011fimizi, Bir \u015fifac\u0131 ile \u00e7al\u0131\u015fan hastan\u0131n rehberini; bir \u015fifac\u0131n\u0131n tekni\u011finin ve ama\u00e7lar\u0131n\u0131n, bir doktor veya terapistin teknik ve ama\u00e7lar\u0131ndan nas\u0131l farkl\u0131l\u0131k g\u00f6sterdi\u011fini ve bu profesyonellerin \u015fifa vermek i\u00e7in en iyi nas\u0131l i\u015fbirli\u011fi yapabileceklerini, \u015eifa s\u00fcrecinin yedi katman\u0131n\u0131; her seviyede ihtiya\u00e7lar\u0131n\u0131z\u0131 nas\u0131l kar\u015f\u0131layaca\u011f\u0131n\u0131z\u0131, art\u0131 kendi sa\u011fl\u0131k plan\u0131n\u0131z\u0131 yaratmak i\u00e7in ad\u0131m ad\u0131m neler yapman\u0131z gerekti\u011fini, \u0130li\u015fkilerdeki enerji etkile\u015fimlerine dair \u00e7arp\u0131c\u0131 yeni bilgileri ve negatif kal\u0131plar\u0131 a\u015f\u0131p yak\u0131n\u0131m\u0131zdakilerle nas\u0131l yeni, pozitif etkile\u015fimler kurabilece\u011fimizi, \u015eifa, yarat\u0131c\u0131l\u0131k ve a\u015fk\u0131nl\u0131k aras\u0131ndaki ya\u015famsal ba\u011flant\u0131y\u0131 ve \u00e7ok daha fazlas\u0131n\u0131 \u00f6\u011freneceksiniz. Vaka \u00e7al\u0131\u015fmalar\u0131, egzersizler ve hem siyah-beyaz hem de renkli g\u00f6rsellerle I\u015f\u0131\u011f\u0131n Do\u011fu\u015fu \u015fifaya, b\u00fct\u00fcnl\u00fc\u011fe ve bilince giden yepyeni bir yol sunmaktad\u0131r.<\/p>\n","protected":false},"excerpt":{"rendered":"<p>arbara Ann Brennan&#8217;\u0131n ilk \u00e7ok-satan kitab\u0131 I\u015f\u0131\u011f\u0131n Elleri, onu d\u00fcnyan\u0131n en yetenekli \u015fifac\u0131 ve \u00f6\u011fretmenlerinin aras\u0131na yerle\u015ftirdi. \u015eimdi, uzun zamand\u0131r bekleyen yeni \u00e7al\u0131\u015fmas\u0131nda, sa\u011fl\u0131k veya hastal\u0131k<span class=\"excerpt-hellip\"> [\u2026]<\/span><\/p>\n","protected":false},"featured_media":0,"template":"","meta":{"_monsterinsights_skip_tracking":false,"_monsterinsights_sitenote_active":false,"_monsterinsights_sitenote_note":"","_monsterinsights_sitenote_category":0},"product_brand":[],"product_cat":[12364,12376],"product_tag":[],"class_list":{"0":"post-730737","1":"product","2":"type-product","3":"status-publish","5":"product_cat-genel-konular","6":"product_cat-kisisel-gelisim","7":"pa_cilt-ciltsiz","8":"pa_tur-kitap","9":"pa_yayinevi-butik-yayinlari","10":"pa_yazar-barbara-ann-brennan","12":"first","13":"instock","14":"sale","15":"shipping-taxable","16":"purchasable","17":"product-type-simple"},"_links":{"self":[{"href":"https:\/\/roveyayinevi.com.tr\/index.php\/wp-json\/wp\/v2\/product\/730737","targetHints":{"allow":["GET"]}}],"collection":[{"href":"https:\/\/roveyayinevi.com.tr\/index.php\/wp-json\/wp\/v2\/product"}],"about":[{"href":"https:\/\/roveyayinevi.com.tr\/index.php\/wp-json\/wp\/v2\/types\/product"}],"wp:attachment":[{"href":"https:\/\/roveyayinevi.com.tr\/index.php\/wp-json\/wp\/v2\/media?parent=730737"}],"wp:term":[{"taxonomy":"product_brand","embeddable":true,"href":"https:\/\/roveyayinevi.com.tr\/index.php\/wp-json\/wp\/v2\/product_brand?post=730737"},{"taxonomy":"product_cat","embeddable":true,"href":"https:\/\/roveyayinevi.com.tr\/index.php\/wp-json\/wp\/v2\/product_cat?post=730737"},{"taxonomy":"product_tag","embeddable":true,"href":"https:\/\/roveyayinevi.com.tr\/index.php\/wp-json\/wp\/v2\/product_tag?post=730737"}],"curies":[{"name":"wp","href":"https:\/\/api.w.org\/{rel}","templated":true}]}}