{"id":730736,"date":"2025-08-27T21:19:45","date_gmt":"2025-08-27T18:19:45","guid":{"rendered":"https:\/\/roveyayinevi.com.tr\/index.php\/urun\/guce-karsi-kuvvet\/"},"modified":"2026-04-07T02:47:35","modified_gmt":"2026-04-06T23:47:35","slug":"guce-karsi-kuvvet","status":"publish","type":"product","link":"https:\/\/roveyayinevi.com.tr\/index.php\/urun\/guce-karsi-kuvvet\/","title":{"rendered":"G\u00fcce Kar\u015f\u0131 Kuvvet"},"content":{"rendered":"<p>Tahayy\u00fcl edin &#8211; sormak istedi\u011finiz herhangi bir soruya kar\u015f\u0131l\u0131k basit bir evet-veya-hay\u0131r cevab\u0131na eri\u015fiminiz olsayd\u0131. Do\u011frulu\u011fu kan\u0131tlanabilir bir cevap. Soru i\u015fareti kullan\u0131lmaks\u0131z\u0131n ifade edilmi\u015f herhangi bir soru\u2026 Bir d\u00fc\u015f\u00fcn\u00fcn.Kontrol\u00fcm\u00fczde olan kuvvetler sayesinde ya\u015fad\u0131\u011f\u0131m\u0131z\u0131 zannederiz ama asl\u0131nda kayna\u011f\u0131 a\u00e7\u0131\u011fa \u00e7\u0131kmam\u0131\u015f, kontrol edemedi\u011fimiz bir g\u00fc\u00e7 taraf\u0131ndan y\u00f6netiliyoruz. Takip edece\u011fimiz yollar\u0131 bir bir se\u00e7erken evren nefesini tutar \u00e7\u00fcnk\u00fc hayat\u0131n \u00f6z\u00fc olan evren son derece bilin\u00e7lidir. Her davran\u0131\u015f, d\u00fc\u015f\u00fcnce ve tercih daimi mozai\u011fe bir par\u00e7a ekler; kararlar\u0131m\u0131z bilin\u00e7 evreninde dalgalanarak herkesin hayat\u0131n\u0131 etkiler.&#8221;Tanr\u0131 vergisi bir kitap\u2026 Yazd\u0131klar\u0131nla sevin\u00e7, sevgi, ve \u015fefkat sa\u00e7\u0131yorsun. Bu \u00fc\u00e7\u00fcn\u00fcn meyvas\u0131, senin de bildi\u011fin gibi, huzurdur\u2026&#8221;- Rahibe Teresa&#8221;\u2026 tam zaman\u0131nda\u2026 bug\u00fcn kar\u015f\u0131la\u015ft\u0131\u011f\u0131m\u0131z sorunlar\u0131 anlamak ve bu sorunlarla ba\u015fa \u00e7\u0131kmak i\u00e7in \u00f6nemli bir destek.&#8221;- Lee Iacocca<\/p>\n","protected":false},"excerpt":{"rendered":"<p>Tahayy\u00fcl edin &#8211; sormak istedi\u011finiz herhangi bir soruya kar\u015f\u0131l\u0131k basit bir evet-veya-hay\u0131r cevab\u0131na eri\u015fiminiz olsayd\u0131. Do\u011frulu\u011fu kan\u0131tlanabilir bir cevap. Soru i\u015fareti kullan\u0131lmaks\u0131z\u0131n ifade edilmi\u015f herhangi bir<span class=\"excerpt-hellip\"> [\u2026]<\/span><\/p>\n","protected":false},"featured_media":0,"template":"","meta":{"_monsterinsights_skip_tracking":false,"_monsterinsights_sitenote_active":false,"_monsterinsights_sitenote_note":"","_monsterinsights_sitenote_category":0},"product_brand":[],"product_cat":[12364,12376],"product_tag":[],"class_list":{"0":"post-730736","1":"product","2":"type-product","3":"status-publish","5":"product_cat-genel-konular","6":"product_cat-kisisel-gelisim","7":"pa_cilt-ciltsiz","8":"pa_tur-kitap","9":"pa_yayinevi-butik-yayinlari","10":"pa_yazar-david-r-hawkins","12":"first","13":"instock","14":"sale","15":"shipping-taxable","16":"purchasable","17":"product-type-simple"},"_links":{"self":[{"href":"https:\/\/roveyayinevi.com.tr\/index.php\/wp-json\/wp\/v2\/product\/730736","targetHints":{"allow":["GET"]}}],"collection":[{"href":"https:\/\/roveyayinevi.com.tr\/index.php\/wp-json\/wp\/v2\/product"}],"about":[{"href":"https:\/\/roveyayinevi.com.tr\/index.php\/wp-json\/wp\/v2\/types\/product"}],"wp:attachment":[{"href":"https:\/\/roveyayinevi.com.tr\/index.php\/wp-json\/wp\/v2\/media?parent=730736"}],"wp:term":[{"taxonomy":"product_brand","embeddable":true,"href":"https:\/\/roveyayinevi.com.tr\/index.php\/wp-json\/wp\/v2\/product_brand?post=730736"},{"taxonomy":"product_cat","embeddable":true,"href":"https:\/\/roveyayinevi.com.tr\/index.php\/wp-json\/wp\/v2\/product_cat?post=730736"},{"taxonomy":"product_tag","embeddable":true,"href":"https:\/\/roveyayinevi.com.tr\/index.php\/wp-json\/wp\/v2\/product_tag?post=730736"}],"curies":[{"name":"wp","href":"https:\/\/api.w.org\/{rel}","templated":true}]}}