{"id":730735,"date":"2025-08-27T21:19:44","date_gmt":"2025-08-27T18:19:44","guid":{"rendered":"https:\/\/roveyayinevi.com.tr\/index.php\/urun\/genc-bir-isadamina\/"},"modified":"2026-04-16T02:38:36","modified_gmt":"2026-04-15T23:38:36","slug":"genc-bir-isadamina","status":"publish","type":"product","link":"https:\/\/roveyayinevi.com.tr\/index.php\/urun\/genc-bir-isadamina\/","title":{"rendered":"Gen\u00e7 Bir \u0130\u015fadam\u0131na"},"content":{"rendered":"<p>\u0130\u015fadaml\u0131\u011f\u0131n\u0131 d\u00fcr\u00fcst\u00e7e \u00fc\u00e7ten al\u0131p d\u00fcr\u00fcst\u00e7e be\u015fe satmak zannetme. Onu yapana esnaf derler.\u0130\u015fadaml\u0131\u011f\u0131, ihtiyac\u0131 olan aptaldan aptal\u0131 oynayarak \u00fc\u00e7e al\u0131p ihtiyac\u0131 olmayan aptala yine aptal\u0131 oynayarak be\u015fe satmakt\u0131r. Buradaki h\u00fcner, \u00fc\u00e7ten al\u0131p be\u015fe satmak de\u011fildir. Aptal\u0131 bir star kalitesinde oynayabilmektir.\u0130\u015f d\u00fcnyas\u0131nda teorik bir ahlak ge\u00e7erli olsayd\u0131 kimse s\u0131f\u0131rdan zengin olamazd\u0131. Zenginler de asla kaybetmezlerdi. S\u0131n\u0131flar aras\u0131 ge\u00e7i\u015fi sa\u011flayan, pratik bir ahlaks\u0131zl\u0131kt\u0131r.K\u00f6lelerin ve \u00e7ocuklar\u0131n\u0131n haklar\u0131 olur. Efendilerin ve \u00e7ocuklar\u0131n\u0131n ise imtiyazlar\u0131. M\u00fclk edinme hakk\u0131, veraset imtiyaz\u0131 ve f\u0131rsat e\u015fitli\u011fiBu \u00fc\u00e7\u00fcn\u00fc bir arada yutturmak kolay de\u011fildir. Ne garip, eskiden insanlar\u0131 zorla k\u00f6le yapard\u0131k. \u015eimdi seve seve geliyorlar. Kapitalizmin en g\u00f6z kama\u015ft\u0131r\u0131c\u0131 ba\u015far\u0131s\u0131 budur.Ruhunu sat. Hemen, bir an \u00f6nce sat ve kurtul. Nerede ve nas\u0131l m\u0131 satmal\u0131s\u0131n? Piyasa seni bulacak merak etme! Ondan sonras\u0131 daha kolayd\u0131r.Sessiz bir yaz ak\u015fam\u0131 a\u00e7\u0131k penceremden, yolda y\u00fcr\u00fcyen Tarih&#8217;in ayak seslerini duydum. Seks&#8230; Para&#8230; Seks&#8230; Para&#8230; diye ad\u0131ml\u0131yordu sokaklar\u0131 yapayaln\u0131z.<\/p>\n","protected":false},"excerpt":{"rendered":"<p>\u0130\u015fadaml\u0131\u011f\u0131n\u0131 d\u00fcr\u00fcst\u00e7e \u00fc\u00e7ten al\u0131p d\u00fcr\u00fcst\u00e7e be\u015fe satmak zannetme. Onu yapana esnaf derler.\u0130\u015fadaml\u0131\u011f\u0131, ihtiyac\u0131 olan aptaldan aptal\u0131 oynayarak \u00fc\u00e7e al\u0131p ihtiyac\u0131 olmayan aptala yine aptal\u0131 oynayarak be\u015fe<span class=\"excerpt-hellip\"> [\u2026]<\/span><\/p>\n","protected":false},"featured_media":0,"template":"","meta":{"_monsterinsights_skip_tracking":false,"_monsterinsights_sitenote_active":false,"_monsterinsights_sitenote_note":"","_monsterinsights_sitenote_category":0},"product_brand":[],"product_cat":[13043,17647],"product_tag":[],"class_list":{"0":"post-730735","1":"product","2":"type-product","3":"status-publish","5":"product_cat-ekonomi","6":"product_cat-is-dunyasi","7":"pa_cilt-ciltsiz","8":"pa_tur-kitap","9":"pa_yayinevi-butik-yayinlari","10":"pa_yazar-emre-yilmaz","12":"first","13":"instock","14":"sale","15":"shipping-taxable","16":"purchasable","17":"product-type-simple"},"_links":{"self":[{"href":"https:\/\/roveyayinevi.com.tr\/index.php\/wp-json\/wp\/v2\/product\/730735","targetHints":{"allow":["GET"]}}],"collection":[{"href":"https:\/\/roveyayinevi.com.tr\/index.php\/wp-json\/wp\/v2\/product"}],"about":[{"href":"https:\/\/roveyayinevi.com.tr\/index.php\/wp-json\/wp\/v2\/types\/product"}],"wp:attachment":[{"href":"https:\/\/roveyayinevi.com.tr\/index.php\/wp-json\/wp\/v2\/media?parent=730735"}],"wp:term":[{"taxonomy":"product_brand","embeddable":true,"href":"https:\/\/roveyayinevi.com.tr\/index.php\/wp-json\/wp\/v2\/product_brand?post=730735"},{"taxonomy":"product_cat","embeddable":true,"href":"https:\/\/roveyayinevi.com.tr\/index.php\/wp-json\/wp\/v2\/product_cat?post=730735"},{"taxonomy":"product_tag","embeddable":true,"href":"https:\/\/roveyayinevi.com.tr\/index.php\/wp-json\/wp\/v2\/product_tag?post=730735"}],"curies":[{"name":"wp","href":"https:\/\/api.w.org\/{rel}","templated":true}]}}