{"id":730733,"date":"2025-08-27T21:19:43","date_gmt":"2025-08-27T18:19:43","guid":{"rendered":"https:\/\/roveyayinevi.com.tr\/index.php\/urun\/enerji-tibbi\/"},"modified":"2026-04-03T02:45:54","modified_gmt":"2026-04-02T23:45:54","slug":"enerji-tibbi","status":"publish","type":"product","link":"https:\/\/roveyayinevi.com.tr\/index.php\/urun\/enerji-tibbi\/","title":{"rendered":"Enerji T\u0131bb\u0131"},"content":{"rendered":"<p>Zihinlerin a\u00e7\u0131lma ve bedenlerin iyile\u015fme zaman\u0131 geldi. Okuyun, \u00f6\u011frenin ve i\u00e7sel \u015fifa becerilerinizi ke\u015ffedin.-Dr. Bernie Siegel, Love, Medicine &amp; Miracles Adl\u0131 Kitab\u0131n Yazar\u0131-Donna Eden&#8217;\u0131n enerji t\u0131bb\u0131na dair bu klasik rehberde yazar, okurlar\u0131na sa\u011fl\u0131\u011f\u0131 ve refah\u0131 art\u0131rmak i\u00e7in bedenin enerji sistemleriyle nas\u0131l \u00e7al\u0131\u015fabileceklerini g\u00f6stermektedir. Bu kitap, insanlar\u0131n beden enerjileri kullan\u0131ld\u0131\u011f\u0131 takdirde nas\u0131l: Diren\u00e7 ve canl\u0131l\u0131\u011f\u0131 art\u0131rd\u0131klar\u0131n\u0131, Ba\u011f\u0131\u015f\u0131kl\u0131k sistemini g\u00fc\u00e7lendirdiklerini, A\u011fr\u0131 ve so\u011fuk alg\u0131nl\u0131\u011f\u0131, ba\u015f a\u011fr\u0131lar\u0131 gibi s\u0131k\u00e7a g\u00f6r\u00fclen \u015fik\u00e2yetleri hafiflettiklerini, Haf\u0131za ve zihni \u00e7al\u0131\u015ft\u0131rd\u0131klar\u0131n\u0131, Be\u015f dakikal\u0131k g\u00fcnl\u00fck bir rutinle genel sa\u011fl\u0131\u011f\u0131 ve ruh halini g\u00fc\u00e7lendirdiklerini g\u00f6stermektedir.Son on y\u0131l i\u00e7inde Eden&#8217;\u0131n binlerce hasta ve \u00f6\u011frenciyle yapt\u0131\u011f\u0131 \u00e7al\u0131\u015fmalardan al\u0131nan kapsaml\u0131 g\u00fcncellemelerle revize edilmi\u015f bu bask\u0131, yazardan bir \u00f6ns\u00f6z ve ameliyat veya kemoterapi gibi agresif operasyonlar gerekli oldu\u011funda bedeni korumak ve iyile\u015ftirmek i\u00e7in gerekli enerji tekniklerini konu alan bir b\u00f6l\u00fcm i\u00e7ermektedir.Donna Eden, enerji t\u0131bb\u0131 ad\u0131 verilen bu s\u00fcratle geni\u015fleyen ve son derece \u00f6nemli alanda en keyifli ve etkili \u00f6nc\u00fclerden biridir. Enerji t\u0131bb\u0131 \u00fczerine bir klasik olan bu kitap merhamet, b\u00fct\u00fcnl\u00fck ve bilgelikle \u00e7a\u011flayan inan\u0131lmaz pratik bir rehberdir.-Dr. Christiane Northup, Women&#8217;s Bodies, Women&#8217;s Wisdom ve The Wisdom of Menopause \u0130simli Kitab\u0131n Yazar\u0131-Donna Eden&#8217;\u0131n beden-enerji \u00e7al\u0131\u015fmas\u0131, belki de bu alanda g\u00f6rd\u00fc\u011f\u00fcn en zeki, kapsaml\u0131 ve etkili sistemdir.-Profes\u00f6r Jean Houston, The Possible Human Adl\u0131 Kitab\u0131n Yazar\u0131-En dik kafal\u0131 doktor bile baz\u0131 insanlar\u0131n bizi -ve ba\u011f\u0131\u015f\u0131kl\u0131k sistemimizi- eskisinden daha iyi yapaniyile\u015ftirici bir varl\u0131klar\u0131 oldu\u011funu kabul edecektir. Donna Eden o ender \u015fifac\u0131lardan biridir.-Gloria Steinem-<\/p>\n","protected":false},"excerpt":{"rendered":"<p>Zihinlerin a\u00e7\u0131lma ve bedenlerin iyile\u015fme zaman\u0131 geldi. Okuyun, \u00f6\u011frenin ve i\u00e7sel \u015fifa becerilerinizi ke\u015ffedin.-Dr. Bernie Siegel, Love, Medicine &amp; Miracles Adl\u0131 Kitab\u0131n Yazar\u0131-Donna Eden&#8217;\u0131n enerji t\u0131bb\u0131na<span class=\"excerpt-hellip\"> [\u2026]<\/span><\/p>\n","protected":false},"featured_media":0,"template":"","meta":{"_monsterinsights_skip_tracking":false,"_monsterinsights_sitenote_active":false,"_monsterinsights_sitenote_note":"","_monsterinsights_sitenote_category":0},"product_brand":[],"product_cat":[12364,12376],"product_tag":[],"class_list":{"0":"post-730733","1":"product","2":"type-product","3":"status-publish","5":"product_cat-genel-konular","6":"product_cat-kisisel-gelisim","7":"pa_cilt-ciltsiz","8":"pa_tur-kitap","9":"pa_yayinevi-butik-yayinlari","10":"pa_yazar-david-feinstein-donna-eden","12":"first","13":"instock","14":"sale","15":"shipping-taxable","16":"purchasable","17":"product-type-simple"},"_links":{"self":[{"href":"https:\/\/roveyayinevi.com.tr\/index.php\/wp-json\/wp\/v2\/product\/730733","targetHints":{"allow":["GET"]}}],"collection":[{"href":"https:\/\/roveyayinevi.com.tr\/index.php\/wp-json\/wp\/v2\/product"}],"about":[{"href":"https:\/\/roveyayinevi.com.tr\/index.php\/wp-json\/wp\/v2\/types\/product"}],"wp:attachment":[{"href":"https:\/\/roveyayinevi.com.tr\/index.php\/wp-json\/wp\/v2\/media?parent=730733"}],"wp:term":[{"taxonomy":"product_brand","embeddable":true,"href":"https:\/\/roveyayinevi.com.tr\/index.php\/wp-json\/wp\/v2\/product_brand?post=730733"},{"taxonomy":"product_cat","embeddable":true,"href":"https:\/\/roveyayinevi.com.tr\/index.php\/wp-json\/wp\/v2\/product_cat?post=730733"},{"taxonomy":"product_tag","embeddable":true,"href":"https:\/\/roveyayinevi.com.tr\/index.php\/wp-json\/wp\/v2\/product_tag?post=730733"}],"curies":[{"name":"wp","href":"https:\/\/api.w.org\/{rel}","templated":true}]}}