{"id":730732,"date":"2025-08-27T21:19:42","date_gmt":"2025-08-27T18:19:42","guid":{"rendered":"https:\/\/roveyayinevi.com.tr\/index.php\/urun\/muhasebe-denetiminde-ornek-olaylar\/"},"modified":"2026-04-16T02:38:36","modified_gmt":"2026-04-15T23:38:36","slug":"muhasebe-denetiminde-ornek-olaylar","status":"publish","type":"product","link":"https:\/\/roveyayinevi.com.tr\/index.php\/urun\/muhasebe-denetiminde-ornek-olaylar\/","title":{"rendered":"Muhasebe Denetiminde \u00d6rnek Olaylar"},"content":{"rendered":"<p>Denetim muhasebe bilgilerinden yararlanacak olan karar al\u0131c\u0131lar i\u00e7in hayati \u00f6neme sahip olan bir s\u00fcre\u00e7tir. Bu s\u00fcre\u00e7 m\u00fc\u015fterinin se\u00e7ilmesi ve i\u015fin kabul\u00fc ile ba\u015flar, raporun tamamlanmas\u0131 ile son bulur. Elinizdeki kitap, denetim mesle\u011fine ve bu s\u00fcrece ilgi duyanlar i\u00e7in haz\u0131rlanm\u0131\u015ft\u0131r. Haz\u0131rl\u0131k s\u00fcreci 2011 y\u0131l\u0131 i\u00e7erisinde T\u00fcrkiye Serbest Muhasebeci Mali M\u00fc\u015favirler ve Yeminli Mali M\u00fc\u015favirler Odalar\u0131 Birli\u011fi (T\u00dcRMOB)taraf\u0131ndan y\u00fcr\u00fct\u00fclen denet\u00e7i e\u011fitimleri ile ba\u015flad\u0131. Bunu, 2013-2015 y\u0131llar\u0131 aras\u0131nda Kamu G\u00f6zetimi Muhasebe ve Denetimi Standartlar\u0131 Kurulu (KGK)\u2019 nun \u00e7\u0131kard\u0131\u011f\u0131 ba\u011f\u0131ms\u0131z denetim y\u00f6netmeli\u011finin ge\u00e7ici 1 inci maddesi \u00e7er\u00e7evesinde yap\u0131lan ge\u00e7i\u015f d\u00f6nemi e\u011fitimleri takip etti. Verilen t\u00fcm e\u011fitimlerde serbest muhasebeci mali m\u00fc\u015favir ve yeminli mali m\u00fc\u015favirler ile \u00f6rnek olay \u00e7al\u0131\u015fmas\u0131 yapma f\u0131rsat\u0131 elde edildi. Ayr\u0131ca T\u00dcRMOB taraf\u0131ndan d\u00fczenlenen 2. Muhasebe Eti\u011fi Kongresi&#8217;nde 30 ki\u015filik d\u00f6rt ayr\u0131 salon i\u00e7erisinde olu\u015fturulan alt\u0131 ki\u015filik gruplar ve belirlenen s\u00f6zc\u00fclerle, 4. Etik Kongresinde ise, 300 ki\u015filik b\u00fcy\u00fck bir salonda grup halinde \u00f6rnek olay \u00e7\u00f6z\u00fcmleme \u015fans\u0131 bulundu. T\u00fcm bu e\u011fitimler s\u0131ras\u0131nda elde edilen tecr\u00fcbeler, \u00f6rnek olay\u0131n do\u011fas\u0131 ile ilgili geri d\u00f6n\u00fc\u015fler ve kat\u0131l\u0131mc\u0131lar\u0131n kendi ba\u015flar\u0131ndan ge\u00e7en olaylar elinizdeki kitab\u0131n omurgas\u0131n\u0131 olu\u015fturmaktad\u0131r. Ayn\u0131 zamanda  Borsa \u0130stanbul\u2019da  i\u015flem g\u00f6ren \u015firketlerin ba\u011f\u0131ms\u0131z denetim raporlar\u0131ndan da \u015firket isimleri de\u011fi\u015ftirilerek yararlan\u0131lm\u0131\u015ft\u0131r. <\/p>\n","protected":false},"excerpt":{"rendered":"<p>Denetim muhasebe bilgilerinden yararlanacak olan karar al\u0131c\u0131lar i\u00e7in hayati \u00f6neme sahip olan bir s\u00fcre\u00e7tir. Bu s\u00fcre\u00e7 m\u00fc\u015fterinin se\u00e7ilmesi ve i\u015fin kabul\u00fc ile ba\u015flar, raporun tamamlanmas\u0131 ile<span class=\"excerpt-hellip\"> [\u2026]<\/span><\/p>\n","protected":false},"featured_media":0,"template":"","meta":{"_monsterinsights_skip_tracking":false,"_monsterinsights_sitenote_active":false,"_monsterinsights_sitenote_note":"","_monsterinsights_sitenote_category":0},"product_brand":[],"product_cat":[13043,14381],"product_tag":[],"class_list":{"0":"post-730732","1":"product","2":"type-product","3":"status-publish","5":"product_cat-ekonomi","6":"product_cat-isletme-muhasebe-maliye","7":"pa_cilt-ciltsiz","8":"pa_tur-kitap","9":"pa_yayinevi-siyasal-kitabevi","10":"pa_yazar-eymen-gurel","12":"first","13":"instock","14":"sale","15":"shipping-taxable","16":"purchasable","17":"product-type-simple"},"_links":{"self":[{"href":"https:\/\/roveyayinevi.com.tr\/index.php\/wp-json\/wp\/v2\/product\/730732","targetHints":{"allow":["GET"]}}],"collection":[{"href":"https:\/\/roveyayinevi.com.tr\/index.php\/wp-json\/wp\/v2\/product"}],"about":[{"href":"https:\/\/roveyayinevi.com.tr\/index.php\/wp-json\/wp\/v2\/types\/product"}],"wp:attachment":[{"href":"https:\/\/roveyayinevi.com.tr\/index.php\/wp-json\/wp\/v2\/media?parent=730732"}],"wp:term":[{"taxonomy":"product_brand","embeddable":true,"href":"https:\/\/roveyayinevi.com.tr\/index.php\/wp-json\/wp\/v2\/product_brand?post=730732"},{"taxonomy":"product_cat","embeddable":true,"href":"https:\/\/roveyayinevi.com.tr\/index.php\/wp-json\/wp\/v2\/product_cat?post=730732"},{"taxonomy":"product_tag","embeddable":true,"href":"https:\/\/roveyayinevi.com.tr\/index.php\/wp-json\/wp\/v2\/product_tag?post=730732"}],"curies":[{"name":"wp","href":"https:\/\/api.w.org\/{rel}","templated":true}]}}