{"id":730729,"date":"2025-08-27T21:19:40","date_gmt":"2025-08-27T18:19:40","guid":{"rendered":"https:\/\/roveyayinevi.com.tr\/index.php\/urun\/batili-zihniyetin-demokrasi-prangalari\/"},"modified":"2026-04-12T02:45:43","modified_gmt":"2026-04-11T23:45:43","slug":"batili-zihniyetin-demokrasi-prangalari","status":"publish","type":"product","link":"https:\/\/roveyayinevi.com.tr\/index.php\/urun\/batili-zihniyetin-demokrasi-prangalari\/","title":{"rendered":"Bat\u0131l\u0131 Zihniyetin Demokrasi Prangalar\u0131"},"content":{"rendered":"<p>S\u00f6zlerime ba\u015flarken Rabbime sonsuz hamd\u00fcsenalar olsun ve onun resul\u00fc Hz. Muhammed (s.a.v.) peygamberimiz liderimiz, iki cihan g\u00fcne\u015fi, k\u00e2inat\u0131n efendisi ahir zaman nebisi rahmetenlil \u00e2lemine selat\u00fc selam olsun.  \u00c2line ashab\u0131na ve k\u0131yamet sabah\u0131na kadar ona \u00fcmmetli\u011fe eri\u015fenlere ve dahi onun izinde Allah yolunda cihat edip \u0130slam\u2019\u0131n do\u011fu\u015fundan k\u0131yamet sabah\u0131na kadar \u015fehit olan karde\u015flerime de selam olsun. Bu k\u00fcf\u00fcr diyar\u0131 k\u00f6hne Avrupa\u2019ya i\u015f\u00e7iler olarak gelip \u00e7ok b\u00fcy\u00fck zorluklar i\u00e7inde m\u00fccadele verip Avrupa\u2019n\u0131n karanl\u0131k sokaklar\u0131nda kaybolmadan var olma yok olma sava\u015f\u0131 veren,  T\u00fcrkiye\u2019mizin inan\u00e7l\u0131 ve vakarl\u0131 aziz insanlar\u0131na da selam olsun. Belki k\u00fcf\u00fcr diyar\u0131nda maddi ve manevi y\u00f6nden, istenilen hedeflere eri\u015femedik ama bu diyarda asl\u0131ndan ve inanc\u0131ndan kopmadan hayata tutunmak bence bir ba\u015far\u0131 bir zirvedir. Allah\u2019\u0131n yard\u0131m\u0131yla elimizden geldi\u011fi kadar, \u00fclkemiz i\u00e7in maddi seferberlik kuru\u015fumuzu zayi etmeden, cennet T\u00fcrkiye\u2019mizde harcad\u0131k.  Lakin 1980 ile 2002 y\u0131llar\u0131 aras\u0131ndaki idareciler Avrupa\u2019dan akan bu d\u00f6viz selini de\u011ferlendiremediler. T\u00fcrkiye\u2019ye ne kadar \u00e7ok d\u00f6viz geldiyse \u00fclke o kadar geriledi, yoksulla\u015ft\u0131. T\u00fcrkiye\u2019nin onda biri olmayan \u00fclkelere dilencilik elleri a\u00e7\u0131larak, koskoca bir imparator milletinin itibar\u0131n\u0131 s\u0131f\u0131rlayan h\u00fck\u00fbmetler geldi T\u00fcrkiye\u2019ye. \u00d6te yandan M\u00fcsl\u00fcman T\u00fcrk insan\u0131, Avrupa\u2019ya koyun s\u00fcrer gibi s\u00fcr\u00fclerek, yaln\u0131zl\u0131\u011fa terk edildi. \u00c2cizane bu y\u00fczden b\u00f6yle bir kitap yazmaya, ya\u015fad\u0131\u011f\u0131m\u0131z olaylardan dolay\u0131 ihtiya\u00e7 duydum. <\/p>\n","protected":false},"excerpt":{"rendered":"<p>S\u00f6zlerime ba\u015flarken Rabbime sonsuz hamd\u00fcsenalar olsun ve onun resul\u00fc Hz. Muhammed (s.a.v.) peygamberimiz liderimiz, iki cihan g\u00fcne\u015fi, k\u00e2inat\u0131n efendisi ahir zaman nebisi rahmetenlil \u00e2lemine selat\u00fc selam<span class=\"excerpt-hellip\"> [\u2026]<\/span><\/p>\n","protected":false},"featured_media":0,"template":"","meta":{"_monsterinsights_skip_tracking":false,"_monsterinsights_sitenote_active":false,"_monsterinsights_sitenote_note":"","_monsterinsights_sitenote_category":0},"product_brand":[],"product_cat":[20085,12337],"product_tag":[],"class_list":{"0":"post-730729","1":"product","2":"type-product","3":"status-publish","5":"product_cat-islam-ortadogu","6":"product_cat-politika-siyaset","7":"pa_cilt-ciltsiz","8":"pa_tur-kitap","9":"pa_yayinevi-gulnar-yayinlari","10":"pa_yazar-osman-aksoy","12":"first","13":"instock","14":"sale","15":"shipping-taxable","16":"purchasable","17":"product-type-simple"},"_links":{"self":[{"href":"https:\/\/roveyayinevi.com.tr\/index.php\/wp-json\/wp\/v2\/product\/730729","targetHints":{"allow":["GET"]}}],"collection":[{"href":"https:\/\/roveyayinevi.com.tr\/index.php\/wp-json\/wp\/v2\/product"}],"about":[{"href":"https:\/\/roveyayinevi.com.tr\/index.php\/wp-json\/wp\/v2\/types\/product"}],"wp:attachment":[{"href":"https:\/\/roveyayinevi.com.tr\/index.php\/wp-json\/wp\/v2\/media?parent=730729"}],"wp:term":[{"taxonomy":"product_brand","embeddable":true,"href":"https:\/\/roveyayinevi.com.tr\/index.php\/wp-json\/wp\/v2\/product_brand?post=730729"},{"taxonomy":"product_cat","embeddable":true,"href":"https:\/\/roveyayinevi.com.tr\/index.php\/wp-json\/wp\/v2\/product_cat?post=730729"},{"taxonomy":"product_tag","embeddable":true,"href":"https:\/\/roveyayinevi.com.tr\/index.php\/wp-json\/wp\/v2\/product_tag?post=730729"}],"curies":[{"name":"wp","href":"https:\/\/api.w.org\/{rel}","templated":true}]}}