{"id":730728,"date":"2025-08-27T21:19:39","date_gmt":"2025-08-27T18:19:39","guid":{"rendered":"https:\/\/roveyayinevi.com.tr\/index.php\/urun\/kolay-tarot-kiti\/"},"modified":"2026-04-16T02:38:36","modified_gmt":"2026-04-15T23:38:36","slug":"kolay-tarot-kiti","status":"publish","type":"product","link":"https:\/\/roveyayinevi.com.tr\/index.php\/urun\/kolay-tarot-kiti\/","title":{"rendered":"Kolay Tarot Kiti"},"content":{"rendered":"<p>Kolay Tarot Kiti, Tarot kartlar\u0131n\u0131 okumay\u0131 \u00f6\u011frenmek ve bu rehberlik alan\u0131nda derinle\u015fmek isteyenler i\u00e7in \u00f6zel olarak haz\u0131rland\u0131. Bu \u00f6zel kitte yetmi\u015f sekiz karttan olu\u015fan me\u015fhur Yald\u0131zl\u0131 Tarot (Gilded Tarot) destesiyle birlikte, yazar Josephine Ellershaw\u2019un otuz y\u0131l\u0131 a\u015fk\u0131nd\u0131r devam eden Tarot yolculu\u011funa dayanan bilgi ve deneyimlerle haz\u0131rlad\u0131\u011f\u0131 bir kitap\u00e7\u0131k da var. Kitap\u00e7\u0131kta, Tarot kartlar\u0131 ile \u00e7al\u0131\u015fmak i\u00e7in ba\u015flang\u0131\u00e7 \u00f6nerileri, \u00f6nemli ipu\u00e7lar\u0131, farkl\u0131 ama\u00e7lar ve sorular i\u00e7in kullan\u0131lacak a\u00e7\u0131l\u0131mlar ile size zaman ve i\u00e7g\u00f6r\u00fc kazand\u0131racak teknikleri bulabilirsiniz. Yald\u0131zl\u0131 Tarot destesini kullanarak yetmi\u015f sekiz kart\u0131n birbirine nas\u0131l ba\u011fland\u0131\u011f\u0131n\u0131 \u00f6\u011frenecek ve Tarot kartlar\u0131 arac\u0131l\u0131\u011f\u0131yla rehberlik alman\u0131n keyfini \u00e7\u0131karacaks\u0131n\u0131z. Klasikle\u015fen a\u00e7\u0131l\u0131mlardan Ger\u00e7eklik Ha\u00e7\u0131 ve Kelt Ha\u00e7\u0131\u2019n\u0131n yan\u0131 s\u0131ra, bu kite \u00f6zel Ya\u015fam A\u00e7\u0131l\u0131m\u0131\u2019n\u0131 nas\u0131l kullanabilece\u011finizi \u00f6\u011frenebileceksiniz. Ayr\u0131ca kitap\u00e7\u0131\u011f\u0131n sonunda yan yana gelen baz\u0131 kartlar\u0131n verebilece\u011fi mesajlar ve yorumlar\u0131n listesi de var. Kolay Tarot El Kitab\u0131\u2019ndan a\u015fa\u011f\u0131daki konularda da rehberlik alabilirsiniz: Kartlar\u0131n anlamlar\u0131 ve mesajlar\u0131 i\u00e7in h\u0131zl\u0131 bir k\u0131lavuz \u00d6rnek okumalar, destenizi koruma \u00f6nlemleri ve etik y\u00f6nergeler Tarot g\u00fcnl\u00fc\u011f\u00fc tutman\u0131n ipu\u00e7lar\u0131 \u201cYa kartlar birbirine ba\u011fl\u0131 g\u00f6r\u00fcnm\u00fcyorsa?\u201d gibi her Tarot okuyucusunun kar\u015f\u0131la\u015fabilece\u011fi sorular\u0131 ele alan sorun giderme \u00f6nerileri <\/p>\n","protected":false},"excerpt":{"rendered":"<p>Kolay Tarot Kiti, Tarot kartlar\u0131n\u0131 okumay\u0131 \u00f6\u011frenmek ve bu rehberlik alan\u0131nda derinle\u015fmek isteyenler i\u00e7in \u00f6zel olarak haz\u0131rland\u0131. Bu \u00f6zel kitte yetmi\u015f sekiz karttan olu\u015fan me\u015fhur Yald\u0131zl\u0131<span class=\"excerpt-hellip\"> [\u2026]<\/span><\/p>\n","protected":false},"featured_media":0,"template":"","meta":{"_monsterinsights_skip_tracking":false,"_monsterinsights_sitenote_active":false,"_monsterinsights_sitenote_note":"","_monsterinsights_sitenote_category":0},"product_brand":[],"product_cat":[18082,15563],"product_tag":[],"class_list":{"0":"post-730728","1":"product","2":"type-product","3":"status-publish","5":"product_cat-astroloji-fal-ruya","6":"product_cat-hobi","7":"pa_cilt-ciltsiz","8":"pa_tur-kitap","9":"pa_yayinevi-omega","10":"pa_yazar-josephine-ellershaw","12":"first","13":"instock","14":"sale","15":"shipping-taxable","16":"purchasable","17":"product-type-simple"},"_links":{"self":[{"href":"https:\/\/roveyayinevi.com.tr\/index.php\/wp-json\/wp\/v2\/product\/730728","targetHints":{"allow":["GET"]}}],"collection":[{"href":"https:\/\/roveyayinevi.com.tr\/index.php\/wp-json\/wp\/v2\/product"}],"about":[{"href":"https:\/\/roveyayinevi.com.tr\/index.php\/wp-json\/wp\/v2\/types\/product"}],"wp:attachment":[{"href":"https:\/\/roveyayinevi.com.tr\/index.php\/wp-json\/wp\/v2\/media?parent=730728"}],"wp:term":[{"taxonomy":"product_brand","embeddable":true,"href":"https:\/\/roveyayinevi.com.tr\/index.php\/wp-json\/wp\/v2\/product_brand?post=730728"},{"taxonomy":"product_cat","embeddable":true,"href":"https:\/\/roveyayinevi.com.tr\/index.php\/wp-json\/wp\/v2\/product_cat?post=730728"},{"taxonomy":"product_tag","embeddable":true,"href":"https:\/\/roveyayinevi.com.tr\/index.php\/wp-json\/wp\/v2\/product_tag?post=730728"}],"curies":[{"name":"wp","href":"https:\/\/api.w.org\/{rel}","templated":true}]}}