{"id":730726,"date":"2025-08-27T21:19:37","date_gmt":"2025-08-27T18:19:37","guid":{"rendered":"https:\/\/roveyayinevi.com.tr\/index.php\/urun\/yar-denince\/"},"modified":"2026-04-16T02:38:36","modified_gmt":"2026-04-15T23:38:36","slug":"yar-denince","status":"publish","type":"product","link":"https:\/\/roveyayinevi.com.tr\/index.php\/urun\/yar-denince\/","title":{"rendered":"Yar Denince"},"content":{"rendered":"<p>Neylerse bu g\u00f6n\u00fcl sevdama eyler Kalbe sarar h\u00fcz\u00fcn hazandan eyler A\u015fka b\u00fclb\u00fcl olmu\u015f dal\u0131nda g\u00fcl\u00fcm Y\u00e2r denince y\u00fcrek derdini s\u00f6yler   Yoklu\u011fun i\u00e7imde bitmeyen yara And\u0131k\u00e7a ismini kan\u0131yor yara Nere gitsem al\u0131p ba\u015f\u0131m\u0131 g\u00fcl\u00fcm Y\u00e2r denince y\u00fcrek derdini s\u00f6yler   G\u00fcl y\u00fczl\u00fcm resmini duvara ast\u0131m Gelirsen kilidi kap\u0131ma ast\u0131m Ben seni g\u00f6n\u00fclden sevmi\u015ftim g\u00fcl\u00fcm Y\u00e2r denince y\u00fcrek derdini s\u00f6yler   K\u0131r\u0131ld\u0131 kalemim sineye yazd\u0131m T\u00fckenmez sevdama m\u0131sralar yazd\u0131m G\u00f6msem de maziye unutamam g\u00fcl\u00fcm Y\u00e2r denince y\u00fcrek derdini s\u00f6yler <\/p>\n","protected":false},"excerpt":{"rendered":"<p>Neylerse bu g\u00f6n\u00fcl sevdama eyler Kalbe sarar h\u00fcz\u00fcn hazandan eyler A\u015fka b\u00fclb\u00fcl olmu\u015f dal\u0131nda g\u00fcl\u00fcm Y\u00e2r denince y\u00fcrek derdini s\u00f6yler Yoklu\u011fun i\u00e7imde bitmeyen yara And\u0131k\u00e7a ismini<span class=\"excerpt-hellip\"> [\u2026]<\/span><\/p>\n","protected":false},"featured_media":0,"template":"","meta":{"_monsterinsights_skip_tracking":false,"_monsterinsights_sitenote_active":false,"_monsterinsights_sitenote_note":"","_monsterinsights_sitenote_category":0},"product_brand":[],"product_cat":[12291,12509],"product_tag":[],"class_list":{"0":"post-730726","1":"product","2":"type-product","3":"status-publish","5":"product_cat-edebiyat","6":"product_cat-siir","7":"pa_cilt-ciltsiz","8":"pa_tur-kitap","9":"pa_yayinevi-gulnar-yayinlari","10":"pa_yazar-cetin-aslan","12":"first","13":"instock","14":"sale","15":"shipping-taxable","16":"purchasable","17":"product-type-simple"},"_links":{"self":[{"href":"https:\/\/roveyayinevi.com.tr\/index.php\/wp-json\/wp\/v2\/product\/730726","targetHints":{"allow":["GET"]}}],"collection":[{"href":"https:\/\/roveyayinevi.com.tr\/index.php\/wp-json\/wp\/v2\/product"}],"about":[{"href":"https:\/\/roveyayinevi.com.tr\/index.php\/wp-json\/wp\/v2\/types\/product"}],"wp:attachment":[{"href":"https:\/\/roveyayinevi.com.tr\/index.php\/wp-json\/wp\/v2\/media?parent=730726"}],"wp:term":[{"taxonomy":"product_brand","embeddable":true,"href":"https:\/\/roveyayinevi.com.tr\/index.php\/wp-json\/wp\/v2\/product_brand?post=730726"},{"taxonomy":"product_cat","embeddable":true,"href":"https:\/\/roveyayinevi.com.tr\/index.php\/wp-json\/wp\/v2\/product_cat?post=730726"},{"taxonomy":"product_tag","embeddable":true,"href":"https:\/\/roveyayinevi.com.tr\/index.php\/wp-json\/wp\/v2\/product_tag?post=730726"}],"curies":[{"name":"wp","href":"https:\/\/api.w.org\/{rel}","templated":true}]}}