{"id":730725,"date":"2025-08-27T21:19:36","date_gmt":"2025-08-27T18:19:36","guid":{"rendered":"https:\/\/roveyayinevi.com.tr\/index.php\/urun\/gozlerinde-gordugum\/"},"modified":"2026-04-16T02:38:35","modified_gmt":"2026-04-15T23:38:35","slug":"gozlerinde-gordugum","status":"publish","type":"product","link":"https:\/\/roveyayinevi.com.tr\/index.php\/urun\/gozlerinde-gordugum\/","title":{"rendered":"G\u00f6zlerinde G\u00f6rd\u00fc\u011f\u00fcm"},"content":{"rendered":"<p>Yay\u0131lmadan \u00e7\u0131\u011fl\u0131\u011f\u0131n sesi, Toparland\u0131m sanki diye diye.. Telkinim kendime nafile, \u00c7ok acil \u00e7\u0131kmal\u0131y\u0131m bu yerden Uzun uzun y\u00fcr\u00fcmeliyim, Da\u011f havas\u0131n\u0131n so\u011fu\u011funda \u00fc\u015f\u00fcmeden <\/p>\n","protected":false},"excerpt":{"rendered":"<p>Yay\u0131lmadan \u00e7\u0131\u011fl\u0131\u011f\u0131n sesi, Toparland\u0131m sanki diye diye.. Telkinim kendime nafile, \u00c7ok acil \u00e7\u0131kmal\u0131y\u0131m bu yerden Uzun uzun y\u00fcr\u00fcmeliyim, Da\u011f havas\u0131n\u0131n so\u011fu\u011funda \u00fc\u015f\u00fcmeden<\/p>\n","protected":false},"featured_media":0,"template":"","meta":{"_monsterinsights_skip_tracking":false,"_monsterinsights_sitenote_active":false,"_monsterinsights_sitenote_note":"","_monsterinsights_sitenote_category":0},"product_brand":[],"product_cat":[12291,12509],"product_tag":[],"class_list":{"0":"post-730725","1":"product","2":"type-product","3":"status-publish","5":"product_cat-edebiyat","6":"product_cat-siir","7":"pa_cilt-ciltsiz","8":"pa_tur-kitap","9":"pa_yayinevi-gulnar-yayinlari","10":"pa_yazar-nese-ataci","12":"first","13":"instock","14":"sale","15":"shipping-taxable","16":"purchasable","17":"product-type-simple"},"_links":{"self":[{"href":"https:\/\/roveyayinevi.com.tr\/index.php\/wp-json\/wp\/v2\/product\/730725","targetHints":{"allow":["GET"]}}],"collection":[{"href":"https:\/\/roveyayinevi.com.tr\/index.php\/wp-json\/wp\/v2\/product"}],"about":[{"href":"https:\/\/roveyayinevi.com.tr\/index.php\/wp-json\/wp\/v2\/types\/product"}],"wp:attachment":[{"href":"https:\/\/roveyayinevi.com.tr\/index.php\/wp-json\/wp\/v2\/media?parent=730725"}],"wp:term":[{"taxonomy":"product_brand","embeddable":true,"href":"https:\/\/roveyayinevi.com.tr\/index.php\/wp-json\/wp\/v2\/product_brand?post=730725"},{"taxonomy":"product_cat","embeddable":true,"href":"https:\/\/roveyayinevi.com.tr\/index.php\/wp-json\/wp\/v2\/product_cat?post=730725"},{"taxonomy":"product_tag","embeddable":true,"href":"https:\/\/roveyayinevi.com.tr\/index.php\/wp-json\/wp\/v2\/product_tag?post=730725"}],"curies":[{"name":"wp","href":"https:\/\/api.w.org\/{rel}","templated":true}]}}