{"id":730724,"date":"2025-08-27T21:19:35","date_gmt":"2025-08-27T18:19:35","guid":{"rendered":"https:\/\/roveyayinevi.com.tr\/index.php\/urun\/dusunuyorum-oyleyse-varim\/"},"modified":"2026-04-16T02:38:35","modified_gmt":"2026-04-15T23:38:35","slug":"dusunuyorum-oyleyse-varim","status":"publish","type":"product","link":"https:\/\/roveyayinevi.com.tr\/index.php\/urun\/dusunuyorum-oyleyse-varim\/","title":{"rendered":"D\u00fc\u015f\u00fcn\u00fcyorum, \u00d6yleyse Var\u0131m!"},"content":{"rendered":"<p>\u00d6nce \u201cinsan\u201c olmas\u0131n\u0131 istedi\u011fimiz \u00e7ocuklar\u0131m\u0131za&#8230; D\u00fcnyan\u0131n en \u00fcnl\u00fc ki\u015fisel geli\u015fim yazarlar\u0131n\u0131n \u00e7ocuk kitaplar\u0131 T\u00fcrkiye\u2019de! D\u00fc\u015f\u00fcn\u00fcyorum, \u00d6yleyse Var\u0131m! \u00c7ocuklara Olumlu D\u00fc\u015f\u00fcnmenin G\u00fcc\u00fcn\u00fc \u00d6\u011fretmek \u201cD\u00fc\u015f\u00fcnceleriniz ya\u015fam\u0131n\u0131z\u0131 yarat\u0131r!\u201c Louise Hay\u2019in 25 y\u0131l\u0131 a\u015fk\u0131nd\u0131r t\u00fcm d\u00fcnyadaki insanlara \u00f6\u011fretmeye \u00e7al\u0131\u015ft\u0131\u011f\u0131 mesaj budur. \u00c7ocuklar d\u00fc\u015f\u00fcnceleri ve s\u00f6zleri \u00fczerinde denetimleri oldu\u011fu g\u00fc\u00e7l\u00fc d\u00fc\u015f\u00fcncesini \u00f6\u011frenebilir ve anlayabilirler. Bunun ya\u015famlar\u0131 \u00fczerindeki etkilerini g\u00f6rebilirler. D\u00fc\u015f\u00fcn\u00fcyorum, \u00d6yleyse Var\u0131m adl\u0131 kitab\u0131n sayfalar\u0131nda, \u00e7ocuklar negatif d\u00fc\u015f\u00fcnceler ve pozitif onamalar aras\u0131ndaki fark\u0131 g\u00f6recekler. E\u011flenceli resimler ve basit metinlerle negative d\u00fc\u015f\u00fcnce ve s\u00f6zc\u00fckleri pozitif olanlarla ik\u00e2me etmenin yolunu \u00f6\u011frenecekler. Bu becerinin kazand\u0131rd\u0131\u011f\u0131 mutluluk ve g\u00fcven t\u00fcm ya\u015famlar\u0131 boyunca \u00e7ocuklara yard\u0131m edecektir.<\/p>\n","protected":false},"excerpt":{"rendered":"<p>\u00d6nce \u201cinsan\u201c olmas\u0131n\u0131 istedi\u011fimiz \u00e7ocuklar\u0131m\u0131za&#8230; D\u00fcnyan\u0131n en \u00fcnl\u00fc ki\u015fisel geli\u015fim yazarlar\u0131n\u0131n \u00e7ocuk kitaplar\u0131 T\u00fcrkiye\u2019de! D\u00fc\u015f\u00fcn\u00fcyorum, \u00d6yleyse Var\u0131m! \u00c7ocuklara Olumlu D\u00fc\u015f\u00fcnmenin G\u00fcc\u00fcn\u00fc \u00d6\u011fretmek \u201cD\u00fc\u015f\u00fcnceleriniz ya\u015fam\u0131n\u0131z\u0131 yarat\u0131r!\u201c Louise<span class=\"excerpt-hellip\"> [\u2026]<\/span><\/p>\n","protected":false},"featured_media":0,"template":"","meta":{"_monsterinsights_skip_tracking":false,"_monsterinsights_sitenote_active":false,"_monsterinsights_sitenote_note":"","_monsterinsights_sitenote_category":0},"product_brand":[],"product_cat":[12274,12631],"product_tag":[],"class_list":{"0":"post-730724","1":"product","2":"type-product","3":"status-publish","5":"product_cat-cocuk-ve-genclik-kitaplari","6":"product_cat-diger-cocuk-ve-genclik-kitaplari","7":"pa_cilt-ciltsiz","8":"pa_tur-kitap","9":"pa_yayinevi-butik-yayinlari","10":"pa_yazar-loise-l-hay","12":"first","13":"instock","14":"sale","15":"shipping-taxable","16":"purchasable","17":"product-type-simple"},"_links":{"self":[{"href":"https:\/\/roveyayinevi.com.tr\/index.php\/wp-json\/wp\/v2\/product\/730724","targetHints":{"allow":["GET"]}}],"collection":[{"href":"https:\/\/roveyayinevi.com.tr\/index.php\/wp-json\/wp\/v2\/product"}],"about":[{"href":"https:\/\/roveyayinevi.com.tr\/index.php\/wp-json\/wp\/v2\/types\/product"}],"wp:attachment":[{"href":"https:\/\/roveyayinevi.com.tr\/index.php\/wp-json\/wp\/v2\/media?parent=730724"}],"wp:term":[{"taxonomy":"product_brand","embeddable":true,"href":"https:\/\/roveyayinevi.com.tr\/index.php\/wp-json\/wp\/v2\/product_brand?post=730724"},{"taxonomy":"product_cat","embeddable":true,"href":"https:\/\/roveyayinevi.com.tr\/index.php\/wp-json\/wp\/v2\/product_cat?post=730724"},{"taxonomy":"product_tag","embeddable":true,"href":"https:\/\/roveyayinevi.com.tr\/index.php\/wp-json\/wp\/v2\/product_tag?post=730724"}],"curies":[{"name":"wp","href":"https:\/\/api.w.org\/{rel}","templated":true}]}}