{"id":730720,"date":"2025-08-27T21:19:31","date_gmt":"2025-08-27T18:19:31","guid":{"rendered":"https:\/\/roveyayinevi.com.tr\/index.php\/urun\/cimri-ciltli\/"},"modified":"2026-04-03T02:45:54","modified_gmt":"2026-04-02T23:45:54","slug":"cimri-ciltli","status":"publish","type":"product","link":"https:\/\/roveyayinevi.com.tr\/index.php\/urun\/cimri-ciltli\/","title":{"rendered":"Cimri (Ciltli)"},"content":{"rendered":"<p>Kibarl\u0131k Budalas\u0131, Hastal\u0131k Hastas\u0131, Tartuffe gibi unutulmaz eserlerin m\u00fcellifi Moli\u00e9re\u2019in t\u00fcm zamanlar\u0131n en bilinen piyeslerinden biri olan Cimri adl\u0131 eserinin d\u00fcnyada oldu\u011fu gibi \u00fclkemizde de \u00e7ok say\u0131da \u00e7evirisi yap\u0131lm\u0131\u015f ve T\u00fcrk tiyatrolar\u0131 sahnelerini defalarca bu e\u015fsiz oyuna a\u00e7m\u0131\u015ft\u0131r. Oyunun, evine giren herkesi h\u0131rs\u0131z sanacak kadar tak\u0131nt\u0131l\u0131 ve tamahk\u00e2r kahraman\u0131 Harpagon, cimrili\u011fin ete kemi\u011fe b\u00fcr\u00fcnm\u00fc\u015f h\u00e2lidir. Moli\u00e9re\u2019in ele\u015ftirileri bu nekes karakter \u00fczerinden insano\u011flunun ahlaki d\u00fc\u015f\u00fckl\u00fc\u011f\u00fcne de y\u00f6nelir ve d\u00f6nemine g\u00f6re hayli sert olan hicvi baz\u0131 \u00e7evrelerde esasl\u0131 has\u0131mlar edinmesine de sebep olur. Bu ele\u015ftirilerden ne fayda has\u0131l olmu\u015ftur bilinmez zira Harpagon karakterinde tecess\u00fcm eden kusurlar, insano\u011flu varolduk\u00e7a s\u00fcrecektir. Bu y\u00f6n\u00fcyle Moli\u00e9re kadar Harpagon da \u00f6l\u00fcms\u00fczd\u00fcr. \u201cCimri\u2019nin mevzusunu Moli\u00e9re hayattan m\u0131 ald\u0131, kitaptan m\u0131? Bu mesele bilhassa kendisinden sonra bir\u00e7ok m\u00fcellifleri i\u015fgal etmi\u015f ve netice itibar\u0131yla b\u00fcy\u00fck d\u00e2hinin eserleri i\u00e7inde en \u00e7ok kaynaklar\u0131 olan piyesin bu piyes oldu\u011funda herkes ittifak etmi\u015ftir.\u201d<\/p>\n","protected":false},"excerpt":{"rendered":"<p>Kibarl\u0131k Budalas\u0131, Hastal\u0131k Hastas\u0131, Tartuffe gibi unutulmaz eserlerin m\u00fcellifi Moli\u00e9re\u2019in t\u00fcm zamanlar\u0131n en bilinen piyeslerinden biri olan Cimri adl\u0131 eserinin d\u00fcnyada oldu\u011fu gibi \u00fclkemizde de \u00e7ok<span class=\"excerpt-hellip\"> [\u2026]<\/span><\/p>\n","protected":false},"featured_media":0,"template":"","meta":{"_monsterinsights_skip_tracking":false,"_monsterinsights_sitenote_active":false,"_monsterinsights_sitenote_note":"","_monsterinsights_sitenote_category":0},"product_brand":[],"product_cat":[12291,12711],"product_tag":[],"class_list":{"0":"post-730720","1":"product","2":"type-product","3":"status-publish","5":"product_cat-edebiyat","6":"product_cat-roman-oyku","7":"pa_cilt-ciltli","8":"pa_tur-kitap","9":"pa_yayinevi-otuken-nesriyat","10":"pa_yazar-moliere","12":"first","13":"instock","14":"sale","15":"shipping-taxable","16":"purchasable","17":"product-type-simple"},"_links":{"self":[{"href":"https:\/\/roveyayinevi.com.tr\/index.php\/wp-json\/wp\/v2\/product\/730720","targetHints":{"allow":["GET"]}}],"collection":[{"href":"https:\/\/roveyayinevi.com.tr\/index.php\/wp-json\/wp\/v2\/product"}],"about":[{"href":"https:\/\/roveyayinevi.com.tr\/index.php\/wp-json\/wp\/v2\/types\/product"}],"wp:attachment":[{"href":"https:\/\/roveyayinevi.com.tr\/index.php\/wp-json\/wp\/v2\/media?parent=730720"}],"wp:term":[{"taxonomy":"product_brand","embeddable":true,"href":"https:\/\/roveyayinevi.com.tr\/index.php\/wp-json\/wp\/v2\/product_brand?post=730720"},{"taxonomy":"product_cat","embeddable":true,"href":"https:\/\/roveyayinevi.com.tr\/index.php\/wp-json\/wp\/v2\/product_cat?post=730720"},{"taxonomy":"product_tag","embeddable":true,"href":"https:\/\/roveyayinevi.com.tr\/index.php\/wp-json\/wp\/v2\/product_tag?post=730720"}],"curies":[{"name":"wp","href":"https:\/\/api.w.org\/{rel}","templated":true}]}}