{"id":730719,"date":"2025-08-27T21:19:30","date_gmt":"2025-08-27T18:19:30","guid":{"rendered":"https:\/\/roveyayinevi.com.tr\/index.php\/urun\/izlanda-balikcisi-ciltli\/"},"modified":"2026-04-16T02:38:35","modified_gmt":"2026-04-15T23:38:35","slug":"izlanda-balikcisi-ciltli","status":"publish","type":"product","link":"https:\/\/roveyayinevi.com.tr\/index.php\/urun\/izlanda-balikcisi-ciltli\/","title":{"rendered":"\u0130zlanda Bal\u0131k\u00e7\u0131s\u0131 (Ciltli)"},"content":{"rendered":"<p>Louis Marie Juilen Viaud, bildi\u011fimiz ismiyle Pierre Loti \u00fclkemizde genellikle ilk roman\u0131 olan ve Osmanl\u0131 topraklar\u0131nda ge\u00e7en Aziyade ile tan\u0131n\u0131r. T\u00fcrk dostu olarak bilinen Loti, edebiyatta egzotizm ak\u0131m\u0131n\u0131n \u00f6nc\u00fclerinden birisi olmakla beraber Avrupa\u2019da Do\u011fu\u2019ya ilgi duyulmas\u0131na da sebep olmu\u015ftur. Loti\u2019nin di\u011fer romanlar\u0131na nazaran egzotizm dozu d\u00fc\u015f\u00fck olan eser karakter tasvirleriyle \u00f6ne \u00e7\u0131kmaktad\u0131r. Loti\u2019nin \u00f6l\u00e7\u00fcl\u00fc anlat\u0131m\u0131yla dengelemeye \u00e7al\u0131\u015ft\u0131\u011f\u0131 b\u00fcy\u00fck bir a\u015fk\u0131n hik\u00e2yesinin anlat\u0131ld\u0131\u011f\u0131 \u0130zlanda Bal\u0131k\u00e7\u0131s\u0131, Loti\u2019nin ba\u015fyap\u0131tlar\u0131 aras\u0131nda \u00f6zel bir yere sahiptir. <\/p>\n","protected":false},"excerpt":{"rendered":"<p>Louis Marie Juilen Viaud, bildi\u011fimiz ismiyle Pierre Loti \u00fclkemizde genellikle ilk roman\u0131 olan ve Osmanl\u0131 topraklar\u0131nda ge\u00e7en Aziyade ile tan\u0131n\u0131r. T\u00fcrk dostu olarak bilinen Loti, edebiyatta<span class=\"excerpt-hellip\"> [\u2026]<\/span><\/p>\n","protected":false},"featured_media":0,"template":"","meta":{"_monsterinsights_skip_tracking":false,"_monsterinsights_sitenote_active":false,"_monsterinsights_sitenote_note":"","_monsterinsights_sitenote_category":0},"product_brand":[],"product_cat":[12291,12711],"product_tag":[],"class_list":{"0":"post-730719","1":"product","2":"type-product","3":"status-publish","5":"product_cat-edebiyat","6":"product_cat-roman-oyku","7":"pa_cilt-ciltli","8":"pa_tur-kitap","9":"pa_yayinevi-otuken-nesriyat","10":"pa_yazar-pierre-loti","12":"first","13":"instock","14":"sale","15":"shipping-taxable","16":"purchasable","17":"product-type-simple"},"_links":{"self":[{"href":"https:\/\/roveyayinevi.com.tr\/index.php\/wp-json\/wp\/v2\/product\/730719","targetHints":{"allow":["GET"]}}],"collection":[{"href":"https:\/\/roveyayinevi.com.tr\/index.php\/wp-json\/wp\/v2\/product"}],"about":[{"href":"https:\/\/roveyayinevi.com.tr\/index.php\/wp-json\/wp\/v2\/types\/product"}],"wp:attachment":[{"href":"https:\/\/roveyayinevi.com.tr\/index.php\/wp-json\/wp\/v2\/media?parent=730719"}],"wp:term":[{"taxonomy":"product_brand","embeddable":true,"href":"https:\/\/roveyayinevi.com.tr\/index.php\/wp-json\/wp\/v2\/product_brand?post=730719"},{"taxonomy":"product_cat","embeddable":true,"href":"https:\/\/roveyayinevi.com.tr\/index.php\/wp-json\/wp\/v2\/product_cat?post=730719"},{"taxonomy":"product_tag","embeddable":true,"href":"https:\/\/roveyayinevi.com.tr\/index.php\/wp-json\/wp\/v2\/product_tag?post=730719"}],"curies":[{"name":"wp","href":"https:\/\/api.w.org\/{rel}","templated":true}]}}