{"id":730715,"date":"2025-08-27T21:19:26","date_gmt":"2025-08-27T18:19:26","guid":{"rendered":"https:\/\/roveyayinevi.com.tr\/index.php\/urun\/hiclige-sigmayan\/"},"modified":"2026-04-16T02:38:35","modified_gmt":"2026-04-15T23:38:35","slug":"hiclige-sigmayan","status":"publish","type":"product","link":"https:\/\/roveyayinevi.com.tr\/index.php\/urun\/hiclige-sigmayan\/","title":{"rendered":"Hi\u00e7li\u011fe S\u0131\u011fmayan"},"content":{"rendered":"<p>\u0130nsan\u0131n kendini bilmek istemesi hep \u00f6telenen bir sorgulamad\u0131r. Bu durum, ge\u00e7mi\u015fin duyumsanmas\u0131 ve analiz edilmesine de bariyer olu\u015fturur. Ya\u015fanm\u0131\u015f olan\u0131 sorgulamak, zihni dedikodunun \u00e7\u00f6k\u00fc\u015f\u00fcnden kurtar\u0131p daha \u015feffaf bir bak\u0131\u015fla yarg\u0131lamak, do\u011fru bir yakla\u015f\u0131m olacakt\u0131r. Duruluk, dinginlik ve i\u00e7tenlik, insan\u0131n gelece\u011fe y\u00f6nelimini berrakla\u015ft\u0131r\u0131r. \u0130nsan\u0131n kendinden ka\u00e7\u0131\u015f\u0131 en b\u00fcy\u00fck tuzakt\u0131r. Kendi varolu\u015f dinamiklerini unutan, vazge\u00e7en toplumlar i\u00e7inde; adil, mutlu, ho\u015fg\u00f6r\u00fcl\u00fc birliktelikler ya\u015famak olduk\u00e7a zordur. Adil olamayan toplum g\u00f6r\u00fc\u015f\u00fc, tarih s\u00fcrecince yok olmaya mahk\u00fbmdur, bireylerin ya\u015fad\u0131\u011f\u0131 trajik sonu, kitleler de ya\u015fayacakt\u0131r. \u0130nsan, d\u00fcnya ve evren \u2018kozmos\u2019unda varolu\u015fu i\u00e7in kendi nesliyle bar\u0131\u015f\u0131k, yeni bir ba\u015flang\u0131\u00e7 yapmal\u0131d\u0131r.<\/p>\n","protected":false},"excerpt":{"rendered":"<p>\u0130nsan\u0131n kendini bilmek istemesi hep \u00f6telenen bir sorgulamad\u0131r. Bu durum, ge\u00e7mi\u015fin duyumsanmas\u0131 ve analiz edilmesine de bariyer olu\u015fturur. Ya\u015fanm\u0131\u015f olan\u0131 sorgulamak, zihni dedikodunun \u00e7\u00f6k\u00fc\u015f\u00fcnden kurtar\u0131p daha<span class=\"excerpt-hellip\"> [\u2026]<\/span><\/p>\n","protected":false},"featured_media":0,"template":"","meta":{"_monsterinsights_skip_tracking":false,"_monsterinsights_sitenote_active":false,"_monsterinsights_sitenote_note":"","_monsterinsights_sitenote_category":0},"product_brand":[],"product_cat":[12777,12291],"product_tag":[],"class_list":{"0":"post-730715","1":"product","2":"type-product","3":"status-publish","5":"product_cat-deneme","6":"product_cat-edebiyat","7":"pa_cilt-ciltsiz","8":"pa_tur-kitap","9":"pa_yayinevi-luna-yayinlari","10":"pa_yazar-ibrahim-algan","12":"first","13":"instock","14":"sale","15":"shipping-taxable","16":"purchasable","17":"product-type-simple"},"_links":{"self":[{"href":"https:\/\/roveyayinevi.com.tr\/index.php\/wp-json\/wp\/v2\/product\/730715","targetHints":{"allow":["GET"]}}],"collection":[{"href":"https:\/\/roveyayinevi.com.tr\/index.php\/wp-json\/wp\/v2\/product"}],"about":[{"href":"https:\/\/roveyayinevi.com.tr\/index.php\/wp-json\/wp\/v2\/types\/product"}],"wp:attachment":[{"href":"https:\/\/roveyayinevi.com.tr\/index.php\/wp-json\/wp\/v2\/media?parent=730715"}],"wp:term":[{"taxonomy":"product_brand","embeddable":true,"href":"https:\/\/roveyayinevi.com.tr\/index.php\/wp-json\/wp\/v2\/product_brand?post=730715"},{"taxonomy":"product_cat","embeddable":true,"href":"https:\/\/roveyayinevi.com.tr\/index.php\/wp-json\/wp\/v2\/product_cat?post=730715"},{"taxonomy":"product_tag","embeddable":true,"href":"https:\/\/roveyayinevi.com.tr\/index.php\/wp-json\/wp\/v2\/product_tag?post=730715"}],"curies":[{"name":"wp","href":"https:\/\/api.w.org\/{rel}","templated":true}]}}