{"id":730714,"date":"2025-08-27T21:19:25","date_gmt":"2025-08-27T18:19:25","guid":{"rendered":"https:\/\/roveyayinevi.com.tr\/index.php\/urun\/dus\/"},"modified":"2026-04-13T02:47:19","modified_gmt":"2026-04-12T23:47:19","slug":"dus","status":"publish","type":"product","link":"https:\/\/roveyayinevi.com.tr\/index.php\/urun\/dus\/","title":{"rendered":"D\u00fc\u015f"},"content":{"rendered":"<p>\u00c7etin eve dikkatlice bakmaya devam ederek konu\u015ftu: \u2018Asl\u0131na bakarsan hep b\u00f6yle olmuyor mu? Yani hepimiz ge\u00e7mi\u015fte kalan an\u0131lar\u0131m\u0131z\u0131 hep taze tutarak \u015fimdi, \u015fu anda hapsetmedik mi? Ya da oturdu\u011fumuz yerden gelece\u011fe dair hayali yolculuklar yapm\u0131yor muyuz?\u2019 Elif kafas\u0131n\u0131 kald\u0131rm\u0131\u015f, ba\u015flar\u0131n\u0131n \u00fcst\u00fcnden u\u00e7an ku\u015flara bakarak \u2018Zaman makinesi\u2026\u2019 dedi. \u00c7etin g\u00fcl\u00fcmseyerek cevaplad\u0131: \u2018Evet, zaman makinesi bence insanl\u0131k kadar eski\u2026\u2019\u201d \u00d6l\u00fcmc\u00fcl bir trafik kazas\u0131 ge\u00e7iren Elif, uzun zaman yo\u011fun bak\u0131mda uyutulduktan sonra tekrar hayata g\u00f6zlerini a\u00e7ar. Komada ge\u00e7en g\u00fcnlerinde ailesinden ba\u015fka Elif&#8217;in iyile\u015fmesini bekleyen ve daha \u00f6nce hi\u00e7 tan\u0131mad\u0131\u011f\u0131 birisi daha vard\u0131r: \u00c7etin. Elif ve \u00c7etin&#8217;in birbirlerine olan ilgisi zamanla tutkulu bir a\u015fka d\u00f6n\u00fc\u015f\u00fcrken okuyucuyu s\u00fcrpriz bir son beklemektedir. <\/p>\n","protected":false},"excerpt":{"rendered":"<p>\u00c7etin eve dikkatlice bakmaya devam ederek konu\u015ftu: \u2018Asl\u0131na bakarsan hep b\u00f6yle olmuyor mu? Yani hepimiz ge\u00e7mi\u015fte kalan an\u0131lar\u0131m\u0131z\u0131 hep taze tutarak \u015fimdi, \u015fu anda hapsetmedik mi?<span class=\"excerpt-hellip\"> [\u2026]<\/span><\/p>\n","protected":false},"featured_media":0,"template":"","meta":{"_monsterinsights_skip_tracking":false,"_monsterinsights_sitenote_active":false,"_monsterinsights_sitenote_note":"","_monsterinsights_sitenote_category":0},"product_brand":[],"product_cat":[12291,12711],"product_tag":[],"class_list":{"0":"post-730714","1":"product","2":"type-product","3":"status-publish","5":"product_cat-edebiyat","6":"product_cat-roman-oyku","7":"pa_cilt-ciltsiz","8":"pa_tur-kitap","9":"pa_yayinevi-luna-yayinlari","10":"pa_yazar-eyup-terzi","12":"first","13":"instock","14":"sale","15":"shipping-taxable","16":"purchasable","17":"product-type-simple"},"_links":{"self":[{"href":"https:\/\/roveyayinevi.com.tr\/index.php\/wp-json\/wp\/v2\/product\/730714","targetHints":{"allow":["GET"]}}],"collection":[{"href":"https:\/\/roveyayinevi.com.tr\/index.php\/wp-json\/wp\/v2\/product"}],"about":[{"href":"https:\/\/roveyayinevi.com.tr\/index.php\/wp-json\/wp\/v2\/types\/product"}],"wp:attachment":[{"href":"https:\/\/roveyayinevi.com.tr\/index.php\/wp-json\/wp\/v2\/media?parent=730714"}],"wp:term":[{"taxonomy":"product_brand","embeddable":true,"href":"https:\/\/roveyayinevi.com.tr\/index.php\/wp-json\/wp\/v2\/product_brand?post=730714"},{"taxonomy":"product_cat","embeddable":true,"href":"https:\/\/roveyayinevi.com.tr\/index.php\/wp-json\/wp\/v2\/product_cat?post=730714"},{"taxonomy":"product_tag","embeddable":true,"href":"https:\/\/roveyayinevi.com.tr\/index.php\/wp-json\/wp\/v2\/product_tag?post=730714"}],"curies":[{"name":"wp","href":"https:\/\/api.w.org\/{rel}","templated":true}]}}