{"id":730710,"date":"2025-08-27T21:19:22","date_gmt":"2025-08-27T18:19:22","guid":{"rendered":"https:\/\/roveyayinevi.com.tr\/index.php\/urun\/buzdagimiz-eriyor-10-yil-ozel-baski\/"},"modified":"2026-04-16T02:38:35","modified_gmt":"2026-04-15T23:38:35","slug":"buzdagimiz-eriyor-10-yil-ozel-baski","status":"publish","type":"product","link":"https:\/\/roveyayinevi.com.tr\/index.php\/urun\/buzdagimiz-eriyor-10-yil-ozel-baski\/","title":{"rendered":"Buzda\u011f\u0131m\u0131z Eriyor (10. Y\u0131l \u00d6zel Bask\u0131)"},"content":{"rendered":"<p>T\u00fcm d\u00fcnyadaki bir\u00e7ok kurulu\u015fta milyonlarca hayat\u0131 de\u011fi\u015ftirmi\u015f bir klasik, i\u015fletme d\u00fcnyas\u0131na dair sevilen bir fabl, \u015fimdi g\u00f6zden ge\u00e7irilmi\u015f ve g\u00fcncellenmi\u015f onuncu y\u0131l bask\u0131s\u0131yla.   Buzda\u011f\u0131m\u0131z Eriyor h\u0131zl\u0131 de\u011fi\u015fimin yaratt\u0131\u011f\u0131 stres ve belirsizlikler alt\u0131nda ba\u015far\u0131l\u0131 olabilmeyi anlatan sade ve basit bir hik\u00e2ye. Harvard \u0130\u015fletme Okulu\u2019ndan John Kotter\u2019in \u00f6d\u00fcll\u00fc \u00e7al\u0131\u015fmas\u0131na dayanarak yaz\u0131lm\u0131\u015f bu hik\u00e2ye, hem size hem de i\u015f arkada\u015flar\u0131n\u0131za zor zamanlarda ba\u015far\u0131l\u0131 olabilmeniz i\u00e7in yard\u0131m edebilir.   Antarktika k\u0131y\u0131s\u0131na yak\u0131n bir buzda\u011f\u0131n\u0131n \u00fczerinde bir grup harika imparator penguen y\u0131llard\u0131r yapt\u0131klar\u0131 gibi ya\u015famaya devam ederken, merakl\u0131 bir penguen, yurtlar\u0131n\u0131n gelece\u011fini tehdit eden, y\u0131k\u0131c\u0131 olma potansiyeli y\u00fcksek bir sorunla kar\u015f\u0131la\u015f\u0131r ve neredeyse hi\u00e7 kimse onu dinlemez.   Hik\u00e2yedeki karakterler -Fred, Alice, Louis, Buddy, Profes\u00f6r ve NoNo- \u00e7al\u0131\u015ft\u0131\u011f\u0131n\u0131z kurumda tan\u0131d\u0131\u011f\u0131n\u0131z di\u011fer insanlara hatta kendinize benziyor olabilir. Onlar\u0131nki, bir hayli \u00e7etin g\u00f6r\u00fcnen engellerle ba\u015fa \u00e7\u0131kmak i\u00e7in geli\u015ftirdikleri zekice taktikleri bar\u0131nd\u0131ran, bir de\u011fi\u015fime kar\u015f\u0131 direni\u015f ve kahramanl\u0131k eylemi masal\u0131. Hepimiz yeni ko\u015fullara uyum sa\u011flamak i\u00e7in m\u00fccadele ederken, penguenlerin bize sundu\u011fu bu model \u00e7ok ilham verici.   Buzda\u011f\u0131m\u0131z Eriyor, John Kotter\u2019in her t\u00fcrden grupta de\u011fi\u015fim yaratabilecek sekiz ad\u0131ma ili\u015fkin \u00f6nc\u00fc ara\u015ft\u0131rmas\u0131na dayanmaktad\u0131r. Hik\u00e2yeyi bitirdikten sonra, ne kadar b\u00fcy\u00fck veya k\u00fc\u00e7\u00fck olursa olsun, kendi ekibinizi etkileyebilmek i\u00e7in kuvvetli bir \u00e7er\u00e7eveye sahip olacaks\u0131n\u0131z.   Onuncu y\u0131l bask\u0131s\u0131nda bu zamans\u0131z hik\u00e2yenin metni korunmu\u015f, yeni g\u00f6rseller, g\u00f6zden ge\u00e7irilmi\u015f bir sons\u00f6z ve son on y\u0131lda ald\u0131klar\u0131 geribildirim ve etkile\u015fimler hakk\u0131nda yazarlarla yap\u0131lan bir Soru-Cevap b\u00f6l\u00fcm\u00fc eklenmi\u015ftir. Bu klasik fabl\u0131n zaten hayran\u0131 iseniz ya da onu ilk kez ke\u015ffediyorsan\u0131z bile, ayd\u0131nlanmaya ve keyif almaya haz\u0131rlan\u0131n!   Daha fazla rehberlik, kaynak ve fikir i\u00e7in: www.OurIcebergIsMelting.com <\/p>\n","protected":false},"excerpt":{"rendered":"<p>T\u00fcm d\u00fcnyadaki bir\u00e7ok kurulu\u015fta milyonlarca hayat\u0131 de\u011fi\u015ftirmi\u015f bir klasik, i\u015fletme d\u00fcnyas\u0131na dair sevilen bir fabl, \u015fimdi g\u00f6zden ge\u00e7irilmi\u015f ve g\u00fcncellenmi\u015f onuncu y\u0131l bask\u0131s\u0131yla. Buzda\u011f\u0131m\u0131z Eriyor h\u0131zl\u0131<span class=\"excerpt-hellip\"> [\u2026]<\/span><\/p>\n","protected":false},"featured_media":0,"template":"","meta":{"_monsterinsights_skip_tracking":false,"_monsterinsights_sitenote_active":false,"_monsterinsights_sitenote_note":"","_monsterinsights_sitenote_category":0},"product_brand":[],"product_cat":[18545,12291],"product_tag":[],"class_list":{"0":"post-730710","1":"product","2":"type-product","3":"status-publish","5":"product_cat-anlati","6":"product_cat-edebiyat","7":"pa_cilt-ciltsiz","8":"pa_tur-kitap","9":"pa_yayinevi-butik-yayinlari","10":"pa_yazar-john-kotter","12":"first","13":"instock","14":"sale","15":"shipping-taxable","16":"purchasable","17":"product-type-simple"},"_links":{"self":[{"href":"https:\/\/roveyayinevi.com.tr\/index.php\/wp-json\/wp\/v2\/product\/730710","targetHints":{"allow":["GET"]}}],"collection":[{"href":"https:\/\/roveyayinevi.com.tr\/index.php\/wp-json\/wp\/v2\/product"}],"about":[{"href":"https:\/\/roveyayinevi.com.tr\/index.php\/wp-json\/wp\/v2\/types\/product"}],"wp:attachment":[{"href":"https:\/\/roveyayinevi.com.tr\/index.php\/wp-json\/wp\/v2\/media?parent=730710"}],"wp:term":[{"taxonomy":"product_brand","embeddable":true,"href":"https:\/\/roveyayinevi.com.tr\/index.php\/wp-json\/wp\/v2\/product_brand?post=730710"},{"taxonomy":"product_cat","embeddable":true,"href":"https:\/\/roveyayinevi.com.tr\/index.php\/wp-json\/wp\/v2\/product_cat?post=730710"},{"taxonomy":"product_tag","embeddable":true,"href":"https:\/\/roveyayinevi.com.tr\/index.php\/wp-json\/wp\/v2\/product_tag?post=730710"}],"curies":[{"name":"wp","href":"https:\/\/api.w.org\/{rel}","templated":true}]}}