{"id":730709,"date":"2025-08-27T21:19:21","date_gmt":"2025-08-27T18:19:21","guid":{"rendered":"https:\/\/roveyayinevi.com.tr\/index.php\/urun\/cete-arbede\/"},"modified":"2026-04-16T02:38:35","modified_gmt":"2026-04-15T23:38:35","slug":"cete-arbede","status":"publish","type":"product","link":"https:\/\/roveyayinevi.com.tr\/index.php\/urun\/cete-arbede\/","title":{"rendered":"\u00c7ete &#8211; Arbede"},"content":{"rendered":"<p>\u00d6yk\u00fc, \u00e7eteye girmeyi istemesine sebep olan intikam\u0131n\u0131 alm\u0131\u015f, art\u0131k mutlu olaca\u011f\u0131n\u0131 d\u00fc\u015f\u00fcnmeye ba\u015flam\u0131\u015ft\u0131. Ama yan\u0131l\u0131yordu\u2026 Annesinin hayat\u0131na giren adam,  Barlas\u2019\u0131n fazlas\u0131yla de\u011fer verdi\u011fi k\u0131z arkada\u015f\u0131 Simay ve elbette Demir ona sava\u015fmas\u0131 gereken yeni cepheler a\u00e7\u0131yorlard\u0131. Vermek zorunda kalaca\u011f\u0131 karar ise her \u015feyin sonu olabilirdi.  \u201cHayat\u0131m\u0131 d\u00fc\u015f\u00fcnmeye ba\u015flad\u0131m. Ya\u015fad\u0131klar\u0131m\u0131 ve ya\u015fayacaklar\u0131m\u0131\u2026  Yolunda giden hi\u00e7bir \u015fey yoktu. S\u00fcrekli korku i\u00e7indeydim.  Bu sefer yorulmam\u0131\u015ft\u0131m, bu sefer t\u00fckenmi\u015ftim. \u0130leriye gidemiyordum\u2026 Bu b\u00f6yle devam edemezdi. Hepimizin hayat\u0131n\u0131 kurtaracaksa, yanl\u0131\u015f kararla do\u011fru bir \u015fey yapabilirdim.\u201d <\/p>\n","protected":false},"excerpt":{"rendered":"<p>\u00d6yk\u00fc, \u00e7eteye girmeyi istemesine sebep olan intikam\u0131n\u0131 alm\u0131\u015f, art\u0131k mutlu olaca\u011f\u0131n\u0131 d\u00fc\u015f\u00fcnmeye ba\u015flam\u0131\u015ft\u0131. Ama yan\u0131l\u0131yordu\u2026 Annesinin hayat\u0131na giren adam, Barlas\u2019\u0131n fazlas\u0131yla de\u011fer verdi\u011fi k\u0131z arkada\u015f\u0131 Simay<span class=\"excerpt-hellip\"> [\u2026]<\/span><\/p>\n","protected":false},"featured_media":0,"template":"","meta":{"_monsterinsights_skip_tracking":false,"_monsterinsights_sitenote_active":false,"_monsterinsights_sitenote_note":"","_monsterinsights_sitenote_category":0},"product_brand":[],"product_cat":[12291,50487],"product_tag":[],"class_list":{"0":"post-730709","1":"product","2":"type-product","3":"status-publish","5":"product_cat-edebiyat","6":"product_cat-kurgu","7":"pa_cilt-ciltsiz","8":"pa_tur-kitap","9":"pa_yayinevi-epsilon-yayinlari","10":"pa_yazar-funda-ayten","12":"first","13":"instock","14":"sale","15":"shipping-taxable","16":"purchasable","17":"product-type-simple"},"_links":{"self":[{"href":"https:\/\/roveyayinevi.com.tr\/index.php\/wp-json\/wp\/v2\/product\/730709","targetHints":{"allow":["GET"]}}],"collection":[{"href":"https:\/\/roveyayinevi.com.tr\/index.php\/wp-json\/wp\/v2\/product"}],"about":[{"href":"https:\/\/roveyayinevi.com.tr\/index.php\/wp-json\/wp\/v2\/types\/product"}],"wp:attachment":[{"href":"https:\/\/roveyayinevi.com.tr\/index.php\/wp-json\/wp\/v2\/media?parent=730709"}],"wp:term":[{"taxonomy":"product_brand","embeddable":true,"href":"https:\/\/roveyayinevi.com.tr\/index.php\/wp-json\/wp\/v2\/product_brand?post=730709"},{"taxonomy":"product_cat","embeddable":true,"href":"https:\/\/roveyayinevi.com.tr\/index.php\/wp-json\/wp\/v2\/product_cat?post=730709"},{"taxonomy":"product_tag","embeddable":true,"href":"https:\/\/roveyayinevi.com.tr\/index.php\/wp-json\/wp\/v2\/product_tag?post=730709"}],"curies":[{"name":"wp","href":"https:\/\/api.w.org\/{rel}","templated":true}]}}