{"id":730706,"date":"2025-08-27T21:19:18","date_gmt":"2025-08-27T18:19:18","guid":{"rendered":"https:\/\/roveyayinevi.com.tr\/index.php\/urun\/sessizligin-tarihi\/"},"modified":"2026-04-16T02:38:35","modified_gmt":"2026-04-15T23:38:35","slug":"sessizligin-tarihi","status":"publish","type":"product","link":"https:\/\/roveyayinevi.com.tr\/index.php\/urun\/sessizligin-tarihi\/","title":{"rendered":"Sessizli\u011fin Tarihi"},"content":{"rendered":"<p>Duy bu ince gu\u0308ru\u0308ltu\u0308yu\u0308, ak\u0131yor; sessizlik bu. Dinle, hic\u0327bir s\u0327ey duyulmazken ne duydug\u0306unu dinle   Paul Val\u00e9ry\u2019nin bu tavsiyesine uyup dinleyebilir miyiz sessizli\u011fi yoksa ya\u015fad\u0131\u011f\u0131m\u0131z g\u00fcr\u00fclt\u00fc \u00e7a\u011f\u0131nda unuttuk mu ne oldu\u011funu? Bug\u00fcnlerde bir\u00e7o\u011fumuz i\u00e7in sessizlik doldurulmas\u0131 gereken tekinsiz bir bo\u015flukken, kimilerimiz de sessizli\u011fin hikmetini yeniden \u00f6\u011frenmeye \u00e7al\u0131\u015f\u0131yor.   Fransa\u2019n\u0131n ya\u015fayan en \u00f6nemli tarih\u00e7ilerinden biri kabul edilen Alain Corbin g\u00fcr\u00fclt\u00fcn\u00fcn mek\u00e2ndan uzaya her yeri i\u015fgal etti\u011fi bu \u00e7a\u011fdan hareketle, sessizli\u011fe e\u011fitici bir de\u011fer atfedilen, konu\u015fman\u0131n nadide g\u00f6r\u00fcld\u00fc\u011f\u00fc \u00e7a\u011flara bak\u0131yor. Sessizlik sesin yoklu\u011fu de\u011fil de meditasyonun bir ko\u015fulu olarak \u00e7\u0131k\u0131yor kar\u015f\u0131m\u0131za, tefekk\u00fcr ve derin d\u00fc\u015f\u00fcn\u00fc\u015f olarak; s\u00f6z\u00fcn tezah\u00fcr etti\u011fi i\u00e7sel bir yer olarak&#8230;   Sessizli\u011fi deneyimleme bi\u00e7imlerinin, sessizlik aray\u0131\u015flar\u0131n\u0131n muazzam \u00e7e\u015fitlili\u011fini ve ge\u00e7irdikleri evrimi edebiyat ve d\u00fc\u015f\u00fcnce metinlerine, resim ve sinemaya at\u0131flarla irdeleyen Corbin sessizli\u011fin tarihi \u00fczerine bir ilk \u00e7al\u0131\u015fma olarak g\u00f6rd\u00fc\u011f\u00fc bu kitab\u0131nda, insan\u0131n sessizlikle ili\u015fkisinin ya\u015fam i\u00e7in ne kadar kurucu oldu\u011funa dair \u00f6nemli ipu\u00e7lar\u0131 veriyor. <\/p>\n","protected":false},"excerpt":{"rendered":"<p>Duy bu ince gu\u0308ru\u0308ltu\u0308yu\u0308, ak\u0131yor; sessizlik bu. Dinle, hic\u0327bir s\u0327ey duyulmazken ne duydug\u0306unu dinle Paul Val\u00e9ry\u2019nin bu tavsiyesine uyup dinleyebilir miyiz sessizli\u011fi yoksa ya\u015fad\u0131\u011f\u0131m\u0131z g\u00fcr\u00fclt\u00fc \u00e7a\u011f\u0131nda<span class=\"excerpt-hellip\"> [\u2026]<\/span><\/p>\n","protected":false},"featured_media":0,"template":"","meta":{"_monsterinsights_skip_tracking":false,"_monsterinsights_sitenote_active":false,"_monsterinsights_sitenote_note":"","_monsterinsights_sitenote_category":0},"product_brand":[],"product_cat":[20039,13488],"product_tag":[],"class_list":{"0":"post-730706","1":"product","2":"type-product","3":"status-publish","5":"product_cat-kultur-tarihi","6":"product_cat-toplum-ve-insan","7":"pa_cilt-ciltsiz","8":"pa_tur-kitap","9":"pa_yayinevi-kolektif-kitap","10":"pa_yazar-alain-corbin","12":"first","13":"instock","14":"sale","15":"shipping-taxable","16":"purchasable","17":"product-type-simple"},"_links":{"self":[{"href":"https:\/\/roveyayinevi.com.tr\/index.php\/wp-json\/wp\/v2\/product\/730706","targetHints":{"allow":["GET"]}}],"collection":[{"href":"https:\/\/roveyayinevi.com.tr\/index.php\/wp-json\/wp\/v2\/product"}],"about":[{"href":"https:\/\/roveyayinevi.com.tr\/index.php\/wp-json\/wp\/v2\/types\/product"}],"wp:attachment":[{"href":"https:\/\/roveyayinevi.com.tr\/index.php\/wp-json\/wp\/v2\/media?parent=730706"}],"wp:term":[{"taxonomy":"product_brand","embeddable":true,"href":"https:\/\/roveyayinevi.com.tr\/index.php\/wp-json\/wp\/v2\/product_brand?post=730706"},{"taxonomy":"product_cat","embeddable":true,"href":"https:\/\/roveyayinevi.com.tr\/index.php\/wp-json\/wp\/v2\/product_cat?post=730706"},{"taxonomy":"product_tag","embeddable":true,"href":"https:\/\/roveyayinevi.com.tr\/index.php\/wp-json\/wp\/v2\/product_tag?post=730706"}],"curies":[{"name":"wp","href":"https:\/\/api.w.org\/{rel}","templated":true}]}}