{"id":730705,"date":"2025-08-27T21:19:17","date_gmt":"2025-08-27T18:19:17","guid":{"rendered":"https:\/\/roveyayinevi.com.tr\/index.php\/urun\/meger-omur-dort-mevsimmis\/"},"modified":"2025-11-21T06:48:27","modified_gmt":"2025-11-21T03:48:27","slug":"meger-omur-dort-mevsimmis","status":"publish","type":"product","link":"https:\/\/roveyayinevi.com.tr\/index.php\/urun\/meger-omur-dort-mevsimmis\/","title":{"rendered":"Me\u011fer \u00d6m\u00fcr D\u00f6rt Mevsimmi\u015f"},"content":{"rendered":"<p>bir ilkbaharda ayr\u0131ld\u0131 aram\u0131zdan g\u00f6z\u00fc ya\u015fl\u0131 yetim b\u0131rakarak \u00e7ok arad\u0131m dara d\u00fc\u015ft\u00fck\u00e7e onu ta uzaklara bakarak kural budur gelen sessizce gider i\u00e7imizde bir kor b\u0131rakarak a\u011flamak s\u0131zlamak bo\u015funa d\u00f6n\u00fc\u015f\u00fc olmayan yolda derin bir sonsuzlu\u011fa akarak *  *  * \u015eair Fariz Erdo\u011fan\u2019\u0131n y\u0131llar \u00f6nce kaybetti\u011fi babas\u0131 i\u00e7in yazd\u0131\u011f\u0131 ve yukar\u0131da yer alan dizelerin ta\u015f\u0131d\u0131\u011f\u0131 anlam, geride b\u0131rakt\u0131\u011f\u0131 iki o\u011flu taraf\u0131ndan her ge\u00e7en g\u00fcn daha derinden hissedilmektedir, t\u0131pk\u0131 di\u011fer \u015fiirlerinde oldu\u011fu gibi&#8230; Eski bir defterde toplanm\u0131\u015f olan bu \u015fiirler: \u201chayat ge\u00e7er izi kal\u0131r \/ yaz\u0131 kal\u0131r g\u00fcz\u00fc kal\u0131r \/ \u015fu fariz\u2019in s\u00f6z\u00fc kal\u0131r \/ sevenlerden bir eksilir\u201d dizelerinde yazd\u0131\u011f\u0131 gibi, \u201ciz b\u0131rakt\u0131, yaz\u0131lar\u0131 kald\u0131, s\u00f6z\u00fc kald\u0131, sevenlerden biri eksildi.\u201d <\/p>\n","protected":false},"excerpt":{"rendered":"<p>bir ilkbaharda ayr\u0131ld\u0131 aram\u0131zdan g\u00f6z\u00fc ya\u015fl\u0131 yetim b\u0131rakarak \u00e7ok arad\u0131m dara d\u00fc\u015ft\u00fck\u00e7e onu ta uzaklara bakarak kural budur gelen sessizce gider i\u00e7imizde bir kor b\u0131rakarak a\u011flamak<span class=\"excerpt-hellip\"> [\u2026]<\/span><\/p>\n","protected":false},"featured_media":0,"template":"","meta":{"_monsterinsights_skip_tracking":false,"_monsterinsights_sitenote_active":false,"_monsterinsights_sitenote_note":"","_monsterinsights_sitenote_category":0},"product_brand":[],"product_cat":[12291,12509],"product_tag":[],"class_list":{"0":"post-730705","1":"product","2":"type-product","3":"status-publish","5":"product_cat-edebiyat","6":"product_cat-siir","7":"pa_cilt-ciltsiz","8":"pa_tur-kitap","9":"pa_yayinevi-vaveyla-yayincilik","10":"pa_yazar-fariz-erdogan","12":"first","13":"instock","14":"sale","15":"shipping-taxable","16":"purchasable","17":"product-type-simple"},"_links":{"self":[{"href":"https:\/\/roveyayinevi.com.tr\/index.php\/wp-json\/wp\/v2\/product\/730705","targetHints":{"allow":["GET"]}}],"collection":[{"href":"https:\/\/roveyayinevi.com.tr\/index.php\/wp-json\/wp\/v2\/product"}],"about":[{"href":"https:\/\/roveyayinevi.com.tr\/index.php\/wp-json\/wp\/v2\/types\/product"}],"wp:attachment":[{"href":"https:\/\/roveyayinevi.com.tr\/index.php\/wp-json\/wp\/v2\/media?parent=730705"}],"wp:term":[{"taxonomy":"product_brand","embeddable":true,"href":"https:\/\/roveyayinevi.com.tr\/index.php\/wp-json\/wp\/v2\/product_brand?post=730705"},{"taxonomy":"product_cat","embeddable":true,"href":"https:\/\/roveyayinevi.com.tr\/index.php\/wp-json\/wp\/v2\/product_cat?post=730705"},{"taxonomy":"product_tag","embeddable":true,"href":"https:\/\/roveyayinevi.com.tr\/index.php\/wp-json\/wp\/v2\/product_tag?post=730705"}],"curies":[{"name":"wp","href":"https:\/\/api.w.org\/{rel}","templated":true}]}}