{"id":730704,"date":"2025-08-27T21:19:16","date_gmt":"2025-08-27T18:19:16","guid":{"rendered":"https:\/\/roveyayinevi.com.tr\/index.php\/urun\/the-adventures-of-tom-sawyer-stage-1-books\/"},"modified":"2026-04-16T02:38:35","modified_gmt":"2026-04-15T23:38:35","slug":"the-adventures-of-tom-sawyer-stage-1-books","status":"publish","type":"product","link":"https:\/\/roveyayinevi.com.tr\/index.php\/urun\/the-adventures-of-tom-sawyer-stage-1-books\/","title":{"rendered":"The Adventures of Tom Sawyer Stage 1 Books"},"content":{"rendered":"<p>The Adventures of Tom Sawyer (1876) celebrates boyhood in a town on the Mississippi river. It is a story about a schoolboy named Tom Sawyer who loves the idea of having a life full of adventure. He often plays pranks on his friends and relatives in order to derive fun, which he thinks to be an essential spice of life. He has a couple of trustworthy friends, for instance, Huck and Joe, who entertain in their minds the same notion (as Tom does) that life is a total waste without thrill and excitement. This novel extensively details the adventures Tom and his friends have together. Binbir \u00c7i\u00e7ek, \u00e7ocuklara ve gen\u00e7lere y\u00f6nelik dil yay\u0131nc\u0131l\u0131\u011f\u0131nda \u00fclkemizin \u00f6nde gelen markalar\u0131ndan biri. Her ge\u00e7en g\u00fcn daha da geni\u015fletti\u011fimiz \u00fcr\u00fcn yelpazemize \u015fimdi de d\u00fcnya klasiklerinin seviyelendirilmi\u015f okuma kitaplar\u0131n\u0131 ekliyor ve dil e\u011fitimine de\u011fer kat\u0131yoruz. Bu seride yer alan kitaplar hem i\u00e7erikleri hem de i\u00e7erdikleri kelime say\u0131s\u0131 bak\u0131m\u0131ndan basitle\u015ftirilmi\u015f ve okuyucunun ihtiya\u00e7lar\u0131 do\u011frultusunda yeniden d\u00fczenlenmi\u015ftir. Temel ama\u00e7 kelime bilgisinin geli\u015ftirilmesi, c\u00fcmle yap\u0131s\u0131n\u0131n sindirilmesi ve okuma becerilerinin ilerlemesini sa\u011flamakt\u0131r. T\u00fcm kitaplar\u0131n sonunda bir s\u00f6zl\u00fck ve \u00e7e\u015fitli aktivitelere de yer verilmi\u015ftir.<\/p>\n","protected":false},"excerpt":{"rendered":"<p>The Adventures of Tom Sawyer (1876) celebrates boyhood in a town on the Mississippi river. It is a story about a schoolboy named Tom Sawyer who<span class=\"excerpt-hellip\"> [\u2026]<\/span><\/p>\n","protected":false},"featured_media":0,"template":"","meta":{"_monsterinsights_skip_tracking":false,"_monsterinsights_sitenote_active":false,"_monsterinsights_sitenote_note":"","_monsterinsights_sitenote_category":0},"product_brand":[],"product_cat":[12472],"product_tag":[],"class_list":{"0":"post-730704","1":"product","2":"type-product","3":"status-publish","5":"product_cat-yabanci-dilde-kitaplar","6":"pa_cilt-ciltsiz","7":"pa_tur-kitap","8":"pa_yayinevi-1001-cicek-kitaplar","9":"pa_yazar-mark-twain","11":"first","12":"instock","13":"sale","14":"shipping-taxable","15":"purchasable","16":"product-type-simple"},"_links":{"self":[{"href":"https:\/\/roveyayinevi.com.tr\/index.php\/wp-json\/wp\/v2\/product\/730704","targetHints":{"allow":["GET"]}}],"collection":[{"href":"https:\/\/roveyayinevi.com.tr\/index.php\/wp-json\/wp\/v2\/product"}],"about":[{"href":"https:\/\/roveyayinevi.com.tr\/index.php\/wp-json\/wp\/v2\/types\/product"}],"wp:attachment":[{"href":"https:\/\/roveyayinevi.com.tr\/index.php\/wp-json\/wp\/v2\/media?parent=730704"}],"wp:term":[{"taxonomy":"product_brand","embeddable":true,"href":"https:\/\/roveyayinevi.com.tr\/index.php\/wp-json\/wp\/v2\/product_brand?post=730704"},{"taxonomy":"product_cat","embeddable":true,"href":"https:\/\/roveyayinevi.com.tr\/index.php\/wp-json\/wp\/v2\/product_cat?post=730704"},{"taxonomy":"product_tag","embeddable":true,"href":"https:\/\/roveyayinevi.com.tr\/index.php\/wp-json\/wp\/v2\/product_tag?post=730704"}],"curies":[{"name":"wp","href":"https:\/\/api.w.org\/{rel}","templated":true}]}}