{"id":730703,"date":"2025-08-27T21:19:15","date_gmt":"2025-08-27T18:19:15","guid":{"rendered":"https:\/\/roveyayinevi.com.tr\/index.php\/urun\/hititler-bilinmeyen-bir-dunya-imparatorlugu\/"},"modified":"2026-04-16T02:38:35","modified_gmt":"2026-04-15T23:38:35","slug":"hititler-bilinmeyen-bir-dunya-imparatorlugu","status":"publish","type":"product","link":"https:\/\/roveyayinevi.com.tr\/index.php\/urun\/hititler-bilinmeyen-bir-dunya-imparatorlugu\/","title":{"rendered":"Hititler Bilinmeyen bir D\u00fcnya \u0130mparatorlu\u011fu"},"content":{"rendered":"<p>Teknolojisi, k\u00fclt\u00fcr\u00fc ve hukuk sistemiyle hayranl\u0131k uyand\u0131ran g\u00f6rkemli Tun\u00e7 \u00c7a\u011f\u0131 imparatorlu\u011fu: Hititler. Birgit Brandau ve Hartmut Schickert, Anadolu\u2019nun eski d\u00fcnyas\u0131na bir kap\u0131 a\u00e7arak, bu ola\u011fan\u00fcst\u00fc halk\u0131n d\u00fcnyas\u0131na g\u00f6t\u00fcr\u00fcyorlar bizi. T\u0131pk\u0131 Brandau\u2019nun &#8220;Troia: Bir Kent ve Mitleri&#8221; adl\u0131 kitab\u0131nda yapt\u0131\u011f\u0131 gibi, arkeoloji biliminin en yani bulgular\u0131na ve uzmanlar\u0131n g\u00f6r\u00fc\u015flerine dayanarak. <\/p>\n","protected":false},"excerpt":{"rendered":"<p>Teknolojisi, k\u00fclt\u00fcr\u00fc ve hukuk sistemiyle hayranl\u0131k uyand\u0131ran g\u00f6rkemli Tun\u00e7 \u00c7a\u011f\u0131 imparatorlu\u011fu: Hititler. Birgit Brandau ve Hartmut Schickert, Anadolu\u2019nun eski d\u00fcnyas\u0131na bir kap\u0131 a\u00e7arak, bu ola\u011fan\u00fcst\u00fc halk\u0131n<span class=\"excerpt-hellip\"> [\u2026]<\/span><\/p>\n","protected":false},"featured_media":0,"template":"","meta":{"_monsterinsights_skip_tracking":false,"_monsterinsights_sitenote_active":false,"_monsterinsights_sitenote_note":"","_monsterinsights_sitenote_category":0},"product_brand":[],"product_cat":[12370,12304],"product_tag":[],"class_list":{"0":"post-730703","1":"product","2":"type-product","3":"status-publish","5":"product_cat-arastirma-inceleme","6":"product_cat-tarih","7":"pa_cilt-ciltsiz","8":"pa_tur-kitap","9":"pa_yayinevi-akil-celen-kitaplar","10":"pa_yazar-birgit-brandau-hartmut-schickert","12":"first","13":"instock","14":"sale","15":"shipping-taxable","16":"purchasable","17":"product-type-simple"},"_links":{"self":[{"href":"https:\/\/roveyayinevi.com.tr\/index.php\/wp-json\/wp\/v2\/product\/730703","targetHints":{"allow":["GET"]}}],"collection":[{"href":"https:\/\/roveyayinevi.com.tr\/index.php\/wp-json\/wp\/v2\/product"}],"about":[{"href":"https:\/\/roveyayinevi.com.tr\/index.php\/wp-json\/wp\/v2\/types\/product"}],"wp:attachment":[{"href":"https:\/\/roveyayinevi.com.tr\/index.php\/wp-json\/wp\/v2\/media?parent=730703"}],"wp:term":[{"taxonomy":"product_brand","embeddable":true,"href":"https:\/\/roveyayinevi.com.tr\/index.php\/wp-json\/wp\/v2\/product_brand?post=730703"},{"taxonomy":"product_cat","embeddable":true,"href":"https:\/\/roveyayinevi.com.tr\/index.php\/wp-json\/wp\/v2\/product_cat?post=730703"},{"taxonomy":"product_tag","embeddable":true,"href":"https:\/\/roveyayinevi.com.tr\/index.php\/wp-json\/wp\/v2\/product_tag?post=730703"}],"curies":[{"name":"wp","href":"https:\/\/api.w.org\/{rel}","templated":true}]}}