{"id":730700,"date":"2025-08-27T21:19:13","date_gmt":"2025-08-27T18:19:13","guid":{"rendered":"https:\/\/roveyayinevi.com.tr\/index.php\/urun\/dunya-gezegeni-ciltli\/"},"modified":"2026-04-16T02:38:35","modified_gmt":"2026-04-15T23:38:35","slug":"dunya-gezegeni-ciltli","status":"publish","type":"product","link":"https:\/\/roveyayinevi.com.tr\/index.php\/urun\/dunya-gezegeni-ciltli\/","title":{"rendered":"D\u00fcnya Gezegeni (Ciltli)"},"content":{"rendered":"<p>\u0130nfografik ad\u0131 verilen h\u0131zl\u0131 ve sezgisel ileti\u015fim tekni\u011fi sayesinde D\u00fcnya\u2019y\u0131 ke\u015ffetmek art\u0131k hem kolay hem de \u00e7ok e\u011flenceli. Bu kitapta kavramlar\u0131 ve say\u0131sal verileri \u015fekillere \u00e7evirebilen infografik tablolar yard\u0131m\u0131yla gezegenimiz hakk\u0131nda merak etti\u011finiz bir\u00e7ok bilgiyi kolay ve kal\u0131c\u0131 bir \u015fekilde \u00f6\u011frenebileceksiniz. Bu heyecan verici macerada hayvanlar aleminde s\u00fcper kahraman olarak bilinen tardigrad Tardi size e\u015flik edecek. Tek yapman\u0131z gereken merak\u0131n\u0131z\u0131 takip etmek.<\/p>\n","protected":false},"excerpt":{"rendered":"<p>\u0130nfografik ad\u0131 verilen h\u0131zl\u0131 ve sezgisel ileti\u015fim tekni\u011fi sayesinde D\u00fcnya\u2019y\u0131 ke\u015ffetmek art\u0131k hem kolay hem de \u00e7ok e\u011flenceli. Bu kitapta kavramlar\u0131 ve say\u0131sal verileri \u015fekillere \u00e7evirebilen<span class=\"excerpt-hellip\"> [\u2026]<\/span><\/p>\n","protected":false},"featured_media":0,"template":"","meta":{"_monsterinsights_skip_tracking":false,"_monsterinsights_sitenote_active":false,"_monsterinsights_sitenote_note":"","_monsterinsights_sitenote_category":0},"product_brand":[],"product_cat":[12275,12274],"product_tag":[],"class_list":{"0":"post-730700","1":"product","2":"type-product","3":"status-publish","5":"product_cat-6-12-yas-kitaplari","6":"product_cat-cocuk-ve-genclik-kitaplari","7":"pa_cilt-ciltli","8":"pa_tur-kitap","9":"pa_yayinevi-ketebe-yayinlari","10":"pa_yazar-chiara-piroddi","12":"first","13":"instock","14":"sale","15":"shipping-taxable","16":"purchasable","17":"product-type-simple"},"_links":{"self":[{"href":"https:\/\/roveyayinevi.com.tr\/index.php\/wp-json\/wp\/v2\/product\/730700","targetHints":{"allow":["GET"]}}],"collection":[{"href":"https:\/\/roveyayinevi.com.tr\/index.php\/wp-json\/wp\/v2\/product"}],"about":[{"href":"https:\/\/roveyayinevi.com.tr\/index.php\/wp-json\/wp\/v2\/types\/product"}],"wp:attachment":[{"href":"https:\/\/roveyayinevi.com.tr\/index.php\/wp-json\/wp\/v2\/media?parent=730700"}],"wp:term":[{"taxonomy":"product_brand","embeddable":true,"href":"https:\/\/roveyayinevi.com.tr\/index.php\/wp-json\/wp\/v2\/product_brand?post=730700"},{"taxonomy":"product_cat","embeddable":true,"href":"https:\/\/roveyayinevi.com.tr\/index.php\/wp-json\/wp\/v2\/product_cat?post=730700"},{"taxonomy":"product_tag","embeddable":true,"href":"https:\/\/roveyayinevi.com.tr\/index.php\/wp-json\/wp\/v2\/product_tag?post=730700"}],"curies":[{"name":"wp","href":"https:\/\/api.w.org\/{rel}","templated":true}]}}