{"id":730697,"date":"2025-08-27T21:19:10","date_gmt":"2025-08-27T18:19:10","guid":{"rendered":"https:\/\/roveyayinevi.com.tr\/index.php\/urun\/otekiler-intikam-atesi\/"},"modified":"2026-04-16T02:38:35","modified_gmt":"2026-04-15T23:38:35","slug":"otekiler-intikam-atesi","status":"publish","type":"product","link":"https:\/\/roveyayinevi.com.tr\/index.php\/urun\/otekiler-intikam-atesi\/","title":{"rendered":"\u00d6tekiler &#8211; \u0130ntikam Ate\u015fi"},"content":{"rendered":"<p>\u201c\u0130\u00e7inizdeki k\u00f6stebek,O bilgiyi verecek.Asil beyaz komutan,Yerin dibinden gelecek.Ak ova inleyecek.\u00c7ifte \u00e7emberin sahibine,\u00dc\u00e7\u00fcnc\u00fc \u00e7ember eklenecek.T\u0131ls\u0131m ate\u015flenecek.Siyah siyah golanlar,Simsiyah kesilecek.\u201dKehanet g\u00f6r\u00fcnd\u00fc\u011f\u00fc gibi olmad\u0131! Yoksa kehaneti yanl\u0131\u015f m\u0131 yorumlam\u0131\u015flard\u0131?D\u00fc\u015fman siyah ya da beyaz golanlar de\u011fil miydi?Ak Ova\u2019da \u015feytani golanlara kar\u015f\u0131 zafer kazan\u0131lacak m\u0131?Re\u015fha bu sefer t\u0131ls\u0131m\u0131 ate\u015fleyebilecek mi?A\u015fk, ihtiras, ihanet, kin, intikam, merhamet, sava\u015f ve korkunun i\u00e7 i\u00e7e ge\u00e7ti\u011fi soluksuz bir roman\u2026Hi\u00e7bir \u015fey g\u00f6r\u00fcnd\u00fc\u011f\u00fc gibi olmayabilir?<\/p>\n","protected":false},"excerpt":{"rendered":"<p>\u201c\u0130\u00e7inizdeki k\u00f6stebek,O bilgiyi verecek.Asil beyaz komutan,Yerin dibinden gelecek.Ak ova inleyecek.\u00c7ifte \u00e7emberin sahibine,\u00dc\u00e7\u00fcnc\u00fc \u00e7ember eklenecek.T\u0131ls\u0131m ate\u015flenecek.Siyah siyah golanlar,Simsiyah kesilecek.\u201dKehanet g\u00f6r\u00fcnd\u00fc\u011f\u00fc gibi olmad\u0131! Yoksa kehaneti yanl\u0131\u015f m\u0131 yorumlam\u0131\u015flard\u0131?D\u00fc\u015fman<span class=\"excerpt-hellip\"> [\u2026]<\/span><\/p>\n","protected":false},"featured_media":0,"template":"","meta":{"_monsterinsights_skip_tracking":false,"_monsterinsights_sitenote_active":false,"_monsterinsights_sitenote_note":"","_monsterinsights_sitenote_category":0},"product_brand":[],"product_cat":[12291,14777],"product_tag":[],"class_list":{"0":"post-730697","1":"product","2":"type-product","3":"status-publish","5":"product_cat-edebiyat","6":"product_cat-fantastik","7":"pa_cilt-ciltsiz","8":"pa_tur-kitap","9":"pa_yayinevi-nesil-yayinlari","10":"pa_yazar-asuman-saritac","12":"first","13":"instock","14":"sale","15":"shipping-taxable","16":"purchasable","17":"product-type-simple"},"_links":{"self":[{"href":"https:\/\/roveyayinevi.com.tr\/index.php\/wp-json\/wp\/v2\/product\/730697","targetHints":{"allow":["GET"]}}],"collection":[{"href":"https:\/\/roveyayinevi.com.tr\/index.php\/wp-json\/wp\/v2\/product"}],"about":[{"href":"https:\/\/roveyayinevi.com.tr\/index.php\/wp-json\/wp\/v2\/types\/product"}],"wp:attachment":[{"href":"https:\/\/roveyayinevi.com.tr\/index.php\/wp-json\/wp\/v2\/media?parent=730697"}],"wp:term":[{"taxonomy":"product_brand","embeddable":true,"href":"https:\/\/roveyayinevi.com.tr\/index.php\/wp-json\/wp\/v2\/product_brand?post=730697"},{"taxonomy":"product_cat","embeddable":true,"href":"https:\/\/roveyayinevi.com.tr\/index.php\/wp-json\/wp\/v2\/product_cat?post=730697"},{"taxonomy":"product_tag","embeddable":true,"href":"https:\/\/roveyayinevi.com.tr\/index.php\/wp-json\/wp\/v2\/product_tag?post=730697"}],"curies":[{"name":"wp","href":"https:\/\/api.w.org\/{rel}","templated":true}]}}