{"id":730693,"date":"2025-08-27T21:19:06","date_gmt":"2025-08-27T18:19:06","guid":{"rendered":"https:\/\/roveyayinevi.com.tr\/index.php\/urun\/biz-bizim-hikayemiz-ciltli\/"},"modified":"2026-04-03T02:45:53","modified_gmt":"2026-04-02T23:45:53","slug":"biz-bizim-hikayemiz-ciltli","status":"publish","type":"product","link":"https:\/\/roveyayinevi.com.tr\/index.php\/urun\/biz-bizim-hikayemiz-ciltli\/","title":{"rendered":"Biz, Bizim Hikayemiz (Ciltli)"},"content":{"rendered":"<p>Bu bizim hik\u00e2yemiz. Yaln\u0131zca krallar\u0131n, krali\u00e7elerin, imparatorlar\u0131n, \u00e7arlar\u0131n, sultanlar\u0131n, diktat\u00f6rlerin hik\u00e2yesi de\u011fil. Bizim hik\u00e2yemiz. \u0130nsanl\u0131k tarihinin ba\u015f\u0131ndan bu yana d\u00fcnyadan ge\u00e7mi\u015f olan t\u00fcm erkeklerin, kad\u0131nlar\u0131n ve \u00e7ocuklar\u0131n izi var bu kitapta. Hepimiz y\u00fcz elli bin y\u0131l \u00f6nce ba\u015flam\u0131\u015f bu g\u00f6rkemli hik\u00e2yenin isimsiz kahramanlar\u0131y\u0131z. Bu uzun tarih boyunca k\u00f6t\u00fc d\u00f6nemler, sava\u015flar, salg\u0131nlar, k\u0131tl\u0131klar ya\u015fad\u0131k ve h\u00e2l\u00e2 ya\u015f\u0131yoruz. Uygarl\u0131klar kurduk, uygarl\u0131klar y\u0131kt\u0131k. Sava\u015f\u0131 icat etti\u011fimiz gibi sanat\u0131 da icat ettik. Birbirimize d\u00fc\u015fman olduk, ama a\u015fk\u0131, arkada\u015fl\u0131\u011f\u0131, elbirli\u011fini, dayan\u0131\u015fmay\u0131 da yaratt\u0131k. Do\u011fay\u0131 ve kendimizi anlamaya \u00e7al\u0131\u015fmaktan hi\u00e7 vazge\u00e7medik. \u00dcrettik, ke\u015ffettik ve d\u00fcnyay\u0131 de\u011fi\u015ftirdik. Yvan Pommaux ile Christophe Ylla-Somers\u2019in ortak \u00e7al\u0131\u015fmas\u0131n\u0131n \u00fcr\u00fcn\u00fc olan, Fransa\u2019da \u00e7ocuk ve gen\u00e7lik edebiyat\u0131 alan\u0131nda verilen Sorci\u00e8res \u00d6d\u00fcl\u00fc\u2019n\u00fc kazanan Biz, Bizim Hik\u00e2yemiz i\u015fte insanl\u0131k tarihinin bu d\u00f6n\u00fcm noktalar\u0131n\u0131 anlat\u0131yor bize. Her sayfas\u0131 g\u00f6z dolduran harikulade resimlemeleri farkl\u0131 zaman dilimlerini, farkl\u0131 co\u011frafyalar\u0131 g\u00f6z\u00fcm\u00fczde canland\u0131rmam\u0131z\u0131 sa\u011fl\u0131yor.  Bu reng\u00e2renk, kocaman kitap insanl\u0131k tarihinde b\u00fcy\u00fcleyici bir yolculu\u011fa \u00e7a\u011f\u0131r\u0131yor bizi. \u00d6yleyse kapa\u011f\u0131n\u0131 a\u00e7al\u0131m ve ser\u00fcven ba\u015flas\u0131n<\/p>\n","protected":false},"excerpt":{"rendered":"<p>Bu bizim hik\u00e2yemiz. Yaln\u0131zca krallar\u0131n, krali\u00e7elerin, imparatorlar\u0131n, \u00e7arlar\u0131n, sultanlar\u0131n, diktat\u00f6rlerin hik\u00e2yesi de\u011fil. Bizim hik\u00e2yemiz. \u0130nsanl\u0131k tarihinin ba\u015f\u0131ndan bu yana d\u00fcnyadan ge\u00e7mi\u015f olan t\u00fcm erkeklerin, kad\u0131nlar\u0131n ve<span class=\"excerpt-hellip\"> [\u2026]<\/span><\/p>\n","protected":false},"featured_media":0,"template":"","meta":{"_monsterinsights_skip_tracking":false,"_monsterinsights_sitenote_active":false,"_monsterinsights_sitenote_note":"","_monsterinsights_sitenote_category":0},"product_brand":[],"product_cat":[12275,12274],"product_tag":[],"class_list":{"0":"post-730693","1":"product","2":"type-product","3":"status-publish","5":"product_cat-6-12-yas-kitaplari","6":"product_cat-cocuk-ve-genclik-kitaplari","7":"pa_cilt-ciltli","8":"pa_tur-kitap","9":"pa_yayinevi-yordam-kitap","10":"pa_yazar-christophe-ylla-somers-yvan-pommaux","12":"first","13":"instock","14":"sale","15":"shipping-taxable","16":"purchasable","17":"product-type-simple"},"_links":{"self":[{"href":"https:\/\/roveyayinevi.com.tr\/index.php\/wp-json\/wp\/v2\/product\/730693","targetHints":{"allow":["GET"]}}],"collection":[{"href":"https:\/\/roveyayinevi.com.tr\/index.php\/wp-json\/wp\/v2\/product"}],"about":[{"href":"https:\/\/roveyayinevi.com.tr\/index.php\/wp-json\/wp\/v2\/types\/product"}],"wp:attachment":[{"href":"https:\/\/roveyayinevi.com.tr\/index.php\/wp-json\/wp\/v2\/media?parent=730693"}],"wp:term":[{"taxonomy":"product_brand","embeddable":true,"href":"https:\/\/roveyayinevi.com.tr\/index.php\/wp-json\/wp\/v2\/product_brand?post=730693"},{"taxonomy":"product_cat","embeddable":true,"href":"https:\/\/roveyayinevi.com.tr\/index.php\/wp-json\/wp\/v2\/product_cat?post=730693"},{"taxonomy":"product_tag","embeddable":true,"href":"https:\/\/roveyayinevi.com.tr\/index.php\/wp-json\/wp\/v2\/product_tag?post=730693"}],"curies":[{"name":"wp","href":"https:\/\/api.w.org\/{rel}","templated":true}]}}