{"id":730691,"date":"2025-08-27T21:19:04","date_gmt":"2025-08-27T18:19:04","guid":{"rendered":"https:\/\/roveyayinevi.com.tr\/index.php\/urun\/secilmisler\/"},"modified":"2026-04-16T02:38:35","modified_gmt":"2026-04-15T23:38:35","slug":"secilmisler","status":"publish","type":"product","link":"https:\/\/roveyayinevi.com.tr\/index.php\/urun\/secilmisler\/","title":{"rendered":"Se\u00e7ilmi\u015fler"},"content":{"rendered":"<p>Ba\u015fka bir d\u00fcnya daha vard\u0131 hayat\u0131m\u0131z\u0131n tam ortas\u0131nda; karanl\u0131k ve bilinmeyenlerle dolu\u2026 Oda bo\u015ftu, tela\u015fla a\u00e7\u0131k b\u0131rak\u0131lm\u0131\u015f d\u0131\u015f kap\u0131dan bah\u00e7eye do\u011fru ko\u015ftu. K\u00fc\u00e7\u00fck k\u0131z\u0131 bah\u00e7e duvar\u0131n\u0131n kenar\u0131nda hareketsiz duruyordu. Bu kadar\u0131 fazlayd\u0131, k\u0131z\u0131n\u0131n yan\u0131na yakla\u015f\u0131p omzundan hafif\u00e7e sarst\u0131: \u201cGizem ne yap\u0131yorsun gecenin bu vaktinde d\u0131\u015far\u0131da?\u201d K\u00fc\u00e7\u00fck k\u0131z aniden s\u0131\u00e7rad\u0131. Tuhaf, donuk bir bak\u0131\u015f vard\u0131 g\u00f6zlerinde. \u201cSak\u0131n&#8230;\u201d diye f\u0131s\u0131ldad\u0131. \u201cOnunla konu\u015furken bana dokunma.\u201d Korkmu\u015ftu, neler oluyordu k\u00fc\u00e7\u00fck k\u0131z\u0131na? \u201cNeye \u00fcz\u00fcld\u00fcn, hadi anlat annene?\u201d diye sordu, korkuyla dolu bir ses tonuyla. \u201cBenim annem de\u011filsin. Ta\u015f\u0131y\u0131c\u0131ms\u0131n.\u201d Be\u015f ya\u015f\u0131ndaki Gizem de di\u011fer benzerleri gibi ayn\u0131 yan\u0131t\u0131 vermi\u015fti. Ger\u00e7ekte se\u00e7ilmi\u015f kristal \u00e7ocuklard\u0131 onlar: Ve bir g\u00fcn aniden ortadan yok oldular. 1991 y\u0131l\u0131nda ABD-Cape Canaveral Uzay \u00dcss\u00fc\u2019nde Mars\u2019ta ke\u015ffedilen bir kratere \u201cSinop\u201d isminin verilmesiyle ba\u015flayan s\u0131rlar yuma\u011f\u0131 \u00f6nce Nevada\u2019daki 51. B\u00f6lge\u2019ye, oradan da T\u00fcrkiye\u2019ye kadar uzan\u0131yor. Kaybolan k\u0131z\u0131n\u0131n pe\u015fine d\u00fc\u015fen \u00e7aresiz annenin bir yazardan yard\u0131m istemesiyle geli\u015fen olaylar, T\u00fcrkiye\u2019deki bamba\u015fka bir s\u0131rr\u0131n ortaya \u00e7\u0131kmas\u0131n\u0131 sa\u011fl\u0131yor. SE\u00c7\u0130LM\u0130\u015eLER\u2019i okurken soluksuz kalacaks\u0131n\u0131z. <\/p>\n","protected":false},"excerpt":{"rendered":"<p>Ba\u015fka bir d\u00fcnya daha vard\u0131 hayat\u0131m\u0131z\u0131n tam ortas\u0131nda; karanl\u0131k ve bilinmeyenlerle dolu\u2026 Oda bo\u015ftu, tela\u015fla a\u00e7\u0131k b\u0131rak\u0131lm\u0131\u015f d\u0131\u015f kap\u0131dan bah\u00e7eye do\u011fru ko\u015ftu. K\u00fc\u00e7\u00fck k\u0131z\u0131 bah\u00e7e duvar\u0131n\u0131n<span class=\"excerpt-hellip\"> [\u2026]<\/span><\/p>\n","protected":false},"featured_media":0,"template":"","meta":{"_monsterinsights_skip_tracking":false,"_monsterinsights_sitenote_active":false,"_monsterinsights_sitenote_note":"","_monsterinsights_sitenote_category":0},"product_brand":[],"product_cat":[14060,12291],"product_tag":[],"class_list":{"0":"post-730691","1":"product","2":"type-product","3":"status-publish","5":"product_cat-antoloji","6":"product_cat-edebiyat","7":"pa_cilt-ciltsiz","8":"pa_tur-kitap","9":"pa_yayinevi-destek-yayinlari","10":"pa_yazar-haluk-ozdil","12":"first","13":"instock","14":"sale","15":"shipping-taxable","16":"purchasable","17":"product-type-simple"},"_links":{"self":[{"href":"https:\/\/roveyayinevi.com.tr\/index.php\/wp-json\/wp\/v2\/product\/730691","targetHints":{"allow":["GET"]}}],"collection":[{"href":"https:\/\/roveyayinevi.com.tr\/index.php\/wp-json\/wp\/v2\/product"}],"about":[{"href":"https:\/\/roveyayinevi.com.tr\/index.php\/wp-json\/wp\/v2\/types\/product"}],"wp:attachment":[{"href":"https:\/\/roveyayinevi.com.tr\/index.php\/wp-json\/wp\/v2\/media?parent=730691"}],"wp:term":[{"taxonomy":"product_brand","embeddable":true,"href":"https:\/\/roveyayinevi.com.tr\/index.php\/wp-json\/wp\/v2\/product_brand?post=730691"},{"taxonomy":"product_cat","embeddable":true,"href":"https:\/\/roveyayinevi.com.tr\/index.php\/wp-json\/wp\/v2\/product_cat?post=730691"},{"taxonomy":"product_tag","embeddable":true,"href":"https:\/\/roveyayinevi.com.tr\/index.php\/wp-json\/wp\/v2\/product_tag?post=730691"}],"curies":[{"name":"wp","href":"https:\/\/api.w.org\/{rel}","templated":true}]}}