{"id":730689,"date":"2025-08-27T21:19:02","date_gmt":"2025-08-27T18:19:02","guid":{"rendered":"https:\/\/roveyayinevi.com.tr\/index.php\/urun\/buyuk-macera-hayretix-okyanuslarda\/"},"modified":"2026-04-11T02:47:30","modified_gmt":"2026-04-10T23:47:30","slug":"buyuk-macera-hayretix-okyanuslarda","status":"publish","type":"product","link":"https:\/\/roveyayinevi.com.tr\/index.php\/urun\/buyuk-macera-hayretix-okyanuslarda\/","title":{"rendered":"B\u00fcy\u00fck Macera &#8211; Hayretix Okyanuslarda"},"content":{"rendered":"<p>Merhaba Arkada\u015flar, Ben Hayretix. Sizinle \u00f6yle muhte\u015fem bir maceraya at\u0131laca\u011f\u0131z ki! Hayretler i\u00e7erisinde kalacaks\u0131n\u0131z.   Biliyor musunuz? Okyanuslarda boyu 10 metreye ula\u015fan, a\u011f\u0131rl\u0131\u011f\u0131 4 tonu bulan dev bir canavar var. G\u00f6vdesi z\u0131rhla kapl\u0131 olan bu arkada\u015f\u0131m\u0131z, tek \u0131s\u0131r\u0131\u015fta k\u00f6pek bal\u0131\u011f\u0131n\u0131 ikiye ay\u0131rabiliyor. Baz\u0131 canl\u0131lar da, yutamayacaklar\u0131 kadar b\u00fcy\u00fck besinleri yiyebiliyor. Nas\u0131l m\u0131? Mideleri a\u011f\u0131zlar\u0131ndan \u00e7\u0131k\u0131p, avlar\u0131n\u0131 sar\u0131yor ve d\u0131\u015far\u0131da sindirim yap\u0131yor. Sonra da tekrar v\u00fccut i\u00e7lerine \u00e7ekiliyor. 10.000 km2\u2019lik dev buz katman\u0131 alt\u0131nda, \u00f6fkeli bir volkan\u0131n uyudu\u011fu tespit edildi. Bu volkan\u0131n kalp at\u0131\u015flar\u0131na g\u00f6re, bizim buzul s\u00fcrekli b\u00fcy\u00fcy\u00fcp k\u00fc\u00e7\u00fcl\u00fcyor. Hele bir canl\u0131 var ki, deneylerde \u2013272\u00b0C\u2019de helyum i\u00e7ine at\u0131lm\u0131\u015f, 92\u00b0C\u2019de kimyasal maddeler i\u00e7inde haftalarca kaynat\u0131lm\u0131\u015f. Ancak ortam normal \u0131s\u0131ya getirilip, 1 damlac\u0131k olsun su verildi\u011finde hi\u00e7bir \u015fey olmam\u0131\u015f gibi aynen ya\u015famaya ba\u015flam\u0131\u015f.   \u0130\u015fte okyanuslar, bunlar gibi birbirinden ilgin\u00e7 olaylara sahne oluyor. Her ge\u00e7en g\u00fcn, yepyeni s\u0131rlar\u0131n\u0131 f\u0131s\u0131ld\u0131yorlar bizlere. Seslerini duyuyor musunuz? <\/p>\n","protected":false},"excerpt":{"rendered":"<p>Merhaba Arkada\u015flar, Ben Hayretix. Sizinle \u00f6yle muhte\u015fem bir maceraya at\u0131laca\u011f\u0131z ki! Hayretler i\u00e7erisinde kalacaks\u0131n\u0131z. Biliyor musunuz? Okyanuslarda boyu 10 metreye ula\u015fan, a\u011f\u0131rl\u0131\u011f\u0131 4 tonu bulan dev<span class=\"excerpt-hellip\"> [\u2026]<\/span><\/p>\n","protected":false},"featured_media":0,"template":"","meta":{"_monsterinsights_skip_tracking":false,"_monsterinsights_sitenote_active":false,"_monsterinsights_sitenote_note":"","_monsterinsights_sitenote_category":0},"product_brand":[],"product_cat":[12274,12284],"product_tag":[],"class_list":{"0":"post-730689","1":"product","2":"type-product","3":"status-publish","5":"product_cat-cocuk-ve-genclik-kitaplari","6":"product_cat-hikayeler","7":"pa_cilt-ciltsiz","8":"pa_tur-kitap","9":"pa_yayinevi-nar-agaci-cocuk-yayinlari","10":"pa_yazar-elif-lale","12":"first","13":"instock","14":"sale","15":"shipping-taxable","16":"purchasable","17":"product-type-simple"},"_links":{"self":[{"href":"https:\/\/roveyayinevi.com.tr\/index.php\/wp-json\/wp\/v2\/product\/730689","targetHints":{"allow":["GET"]}}],"collection":[{"href":"https:\/\/roveyayinevi.com.tr\/index.php\/wp-json\/wp\/v2\/product"}],"about":[{"href":"https:\/\/roveyayinevi.com.tr\/index.php\/wp-json\/wp\/v2\/types\/product"}],"wp:attachment":[{"href":"https:\/\/roveyayinevi.com.tr\/index.php\/wp-json\/wp\/v2\/media?parent=730689"}],"wp:term":[{"taxonomy":"product_brand","embeddable":true,"href":"https:\/\/roveyayinevi.com.tr\/index.php\/wp-json\/wp\/v2\/product_brand?post=730689"},{"taxonomy":"product_cat","embeddable":true,"href":"https:\/\/roveyayinevi.com.tr\/index.php\/wp-json\/wp\/v2\/product_cat?post=730689"},{"taxonomy":"product_tag","embeddable":true,"href":"https:\/\/roveyayinevi.com.tr\/index.php\/wp-json\/wp\/v2\/product_tag?post=730689"}],"curies":[{"name":"wp","href":"https:\/\/api.w.org\/{rel}","templated":true}]}}