{"id":730688,"date":"2025-08-27T21:19:01","date_gmt":"2025-08-27T18:19:01","guid":{"rendered":"https:\/\/roveyayinevi.com.tr\/index.php\/urun\/buyuk-macera-hayretix-collerde\/"},"modified":"2026-04-11T02:47:30","modified_gmt":"2026-04-10T23:47:30","slug":"buyuk-macera-hayretix-collerde","status":"publish","type":"product","link":"https:\/\/roveyayinevi.com.tr\/index.php\/urun\/buyuk-macera-hayretix-collerde\/","title":{"rendered":"B\u00fcy\u00fck Macera &#8211; Hayretix \u00c7\u00f6llerde"},"content":{"rendered":"<p>Merhaba Arkada\u015flar, Ben Hayretix. Sizinle \u00e7\u00f6llerde \u00f6yle s\u00fcper bir maceraya at\u0131laca\u011f\u0131z ki! Hayretten hayrete s\u00fcr\u00fckleneceksiniz.   Biliyor musunuz? \u00c7\u00f6ller i\u00e7inde \u201cbuz gibi\u201d so\u011fuk olanlar da var. Hele de, bir tanesi var ki! Uzaydan bak\u0131ld\u0131\u011f\u0131nda, bu gizemli \u00e7\u00f6lde \u00e7ok acayip yap\u0131lar g\u00f6r\u00fcl\u00fcyor. Ne olabilir sence? \u00d6yle garip bir \u00e7\u00f6l canl\u0131s\u0131 var ki, hi\u00e7 mi hi\u00e7 ac\u0131 hissetmiyor. \u00dczerine asit bile d\u00f6k\u00fclse, \u201cac\u0131mad\u0131 ki, ac\u0131mad\u0131 ki!\u201d diyor. Sadece kakt\u00fcslerin oldu\u011funu zannetti\u011fimiz \u00e7\u00f6llerde, tam 2 metre y\u00fckseklikte ve 8 metre geni\u015flikte bir bitki ya\u015f\u0131yor. Bu bitki hem de 1500 y\u0131l \u00f6m\u00fcr s\u00fcrebiliyor. \u00d6l\u00fcm Vadisi\u2019ndeki 300 kg\u2019l\u0131k dev kayalar, kendi kendisine yerde kayarak ilerliyor. Sonunda bu gizemli olay\u0131n s\u0131rr\u0131, NASA Jeologlar\u0131 taraf\u0131ndan \u00e7\u00f6z\u00fcld\u00fc.   \u0130\u015fte \u00e7\u00f6ller, bunlar gibi birbirinden ilgin\u00e7 olaylar ve canl\u0131larla dopdolu. Her ge\u00e7en g\u00fcn, yepyeni s\u0131rlar\u0131n\u0131 f\u0131s\u0131ld\u0131yorlar bizlere. Seslerini duyuyor musunuz? <\/p>\n","protected":false},"excerpt":{"rendered":"<p>Merhaba Arkada\u015flar, Ben Hayretix. Sizinle \u00e7\u00f6llerde \u00f6yle s\u00fcper bir maceraya at\u0131laca\u011f\u0131z ki! Hayretten hayrete s\u00fcr\u00fckleneceksiniz. Biliyor musunuz? \u00c7\u00f6ller i\u00e7inde \u201cbuz gibi\u201d so\u011fuk olanlar da var. Hele<span class=\"excerpt-hellip\"> [\u2026]<\/span><\/p>\n","protected":false},"featured_media":0,"template":"","meta":{"_monsterinsights_skip_tracking":false,"_monsterinsights_sitenote_active":false,"_monsterinsights_sitenote_note":"","_monsterinsights_sitenote_category":0},"product_brand":[],"product_cat":[12274,12284],"product_tag":[],"class_list":{"0":"post-730688","1":"product","2":"type-product","3":"status-publish","5":"product_cat-cocuk-ve-genclik-kitaplari","6":"product_cat-hikayeler","7":"pa_cilt-ciltsiz","8":"pa_tur-kitap","9":"pa_yayinevi-nar-agaci-cocuk-yayinlari","10":"pa_yazar-elif-lale","12":"first","13":"instock","14":"sale","15":"shipping-taxable","16":"purchasable","17":"product-type-simple"},"_links":{"self":[{"href":"https:\/\/roveyayinevi.com.tr\/index.php\/wp-json\/wp\/v2\/product\/730688","targetHints":{"allow":["GET"]}}],"collection":[{"href":"https:\/\/roveyayinevi.com.tr\/index.php\/wp-json\/wp\/v2\/product"}],"about":[{"href":"https:\/\/roveyayinevi.com.tr\/index.php\/wp-json\/wp\/v2\/types\/product"}],"wp:attachment":[{"href":"https:\/\/roveyayinevi.com.tr\/index.php\/wp-json\/wp\/v2\/media?parent=730688"}],"wp:term":[{"taxonomy":"product_brand","embeddable":true,"href":"https:\/\/roveyayinevi.com.tr\/index.php\/wp-json\/wp\/v2\/product_brand?post=730688"},{"taxonomy":"product_cat","embeddable":true,"href":"https:\/\/roveyayinevi.com.tr\/index.php\/wp-json\/wp\/v2\/product_cat?post=730688"},{"taxonomy":"product_tag","embeddable":true,"href":"https:\/\/roveyayinevi.com.tr\/index.php\/wp-json\/wp\/v2\/product_tag?post=730688"}],"curies":[{"name":"wp","href":"https:\/\/api.w.org\/{rel}","templated":true}]}}