{"id":730682,"date":"2025-08-27T21:18:55","date_gmt":"2025-08-27T18:18:55","guid":{"rendered":"https:\/\/roveyayinevi.com.tr\/index.php\/urun\/bir-nesil-elestirmeninin-kitabi-mehmed-ziver-bey-mutalaat-i-edebiyye\/"},"modified":"2026-04-16T02:38:35","modified_gmt":"2026-04-15T23:38:35","slug":"bir-nesil-elestirmeninin-kitabi-mehmed-ziver-bey-mutalaat-i-edebiyye","status":"publish","type":"product","link":"https:\/\/roveyayinevi.com.tr\/index.php\/urun\/bir-nesil-elestirmeninin-kitabi-mehmed-ziver-bey-mutalaat-i-edebiyye\/","title":{"rendered":"Bir Nesil Ele\u015ftirmeninin Kitab\u0131 &#8211; Mehmed Ziver Bey M\u00fctalaat-\u0131 Edebiyye"},"content":{"rendered":"<p>\u0130\u00e7indekiler 1. B\u00f6l\u00fcm Ara Nesil\u2019e Bir Bak\u0131\u015f 2.  B\u00f6l\u00fcm Mehmed Ziver Bey\u2019in Hayat\u0131 Ve M\u00fctalaat-I Edebiyye\u2019ye Dair 3.  B\u00f6l\u00fcm M\u00fctalaat-I Edebiyye 4. B\u00f6l\u00fcm M\u00fcalaat-I Edebiyye: Bir D\u00f6nemin Aynas\u0131 5. B\u00f6l\u00fcm S\u00f6zl\u00fck <\/p>\n","protected":false},"excerpt":{"rendered":"<p>\u0130\u00e7indekiler 1. B\u00f6l\u00fcm Ara Nesil\u2019e Bir Bak\u0131\u015f 2. B\u00f6l\u00fcm Mehmed Ziver Bey\u2019in Hayat\u0131 Ve M\u00fctalaat-I Edebiyye\u2019ye Dair 3. B\u00f6l\u00fcm M\u00fctalaat-I Edebiyye 4. B\u00f6l\u00fcm M\u00fcalaat-I Edebiyye: Bir<span class=\"excerpt-hellip\"> [\u2026]<\/span><\/p>\n","protected":false},"featured_media":0,"template":"","meta":{"_monsterinsights_skip_tracking":false,"_monsterinsights_sitenote_active":false,"_monsterinsights_sitenote_note":"","_monsterinsights_sitenote_category":0},"product_brand":[],"product_cat":[12291,12610],"product_tag":[],"class_list":{"0":"post-730682","1":"product","2":"type-product","3":"status-publish","5":"product_cat-edebiyat","6":"product_cat-elestiri-inceleme-kuram","7":"pa_cilt-ciltsiz","8":"pa_tur-kitap","9":"pa_yayinevi-gazi-kitabevi","10":"pa_yazar-ibrahim-ozakman","12":"first","13":"instock","14":"sale","15":"shipping-taxable","16":"purchasable","17":"product-type-simple"},"_links":{"self":[{"href":"https:\/\/roveyayinevi.com.tr\/index.php\/wp-json\/wp\/v2\/product\/730682","targetHints":{"allow":["GET"]}}],"collection":[{"href":"https:\/\/roveyayinevi.com.tr\/index.php\/wp-json\/wp\/v2\/product"}],"about":[{"href":"https:\/\/roveyayinevi.com.tr\/index.php\/wp-json\/wp\/v2\/types\/product"}],"wp:attachment":[{"href":"https:\/\/roveyayinevi.com.tr\/index.php\/wp-json\/wp\/v2\/media?parent=730682"}],"wp:term":[{"taxonomy":"product_brand","embeddable":true,"href":"https:\/\/roveyayinevi.com.tr\/index.php\/wp-json\/wp\/v2\/product_brand?post=730682"},{"taxonomy":"product_cat","embeddable":true,"href":"https:\/\/roveyayinevi.com.tr\/index.php\/wp-json\/wp\/v2\/product_cat?post=730682"},{"taxonomy":"product_tag","embeddable":true,"href":"https:\/\/roveyayinevi.com.tr\/index.php\/wp-json\/wp\/v2\/product_tag?post=730682"}],"curies":[{"name":"wp","href":"https:\/\/api.w.org\/{rel}","templated":true}]}}