{"id":730681,"date":"2025-08-27T21:18:54","date_gmt":"2025-08-27T18:18:54","guid":{"rendered":"https:\/\/roveyayinevi.com.tr\/index.php\/urun\/ofke-yonetimi-becerileri\/"},"modified":"2026-03-16T02:42:41","modified_gmt":"2026-03-15T23:42:41","slug":"ofke-yonetimi-becerileri","status":"publish","type":"product","link":"https:\/\/roveyayinevi.com.tr\/index.php\/urun\/ofke-yonetimi-becerileri\/","title":{"rendered":"\u00d6fke Y\u00f6netimi Becerileri"},"content":{"rendered":"<p>\u00d6fkeye Elveda, Daha \u0130yi Hissetmeye Merhaba!   Baz\u0131 \u00e7ocuklar i\u00e7g\u00fcd\u00fcsel olarak duygular\u0131n\u0131 nas\u0131l kontrol edeceklerini bilirken, bir\u00e7o\u011fu \u00f6fkelerini sa\u011fl\u0131kl\u0131 ve etkili yollarla ifade etmek i\u00e7in deste\u011fe ihtiya\u00e7 duyar. Bu samimi ve ilgi \u00e7ekici al\u0131\u015ft\u0131rma kitab\u0131, i\u00e7indeki e\u011flenceli 40 etkinlik sayesinde, 5-10 ya\u015f aras\u0131 \u00e7ocuklar\u0131n \u00f6fkelerini y\u00f6netme konusunda g\u00fc\u00e7l\u00fc beceriler geli\u015ftirmelerine yard\u0131mc\u0131 oluyor. \u00c7ocuklar bu kitapla duygular\u0131n\u0131 tan\u0131mlamaktan, onlar\u0131 ifade etmeye; olumsuz d\u00fc\u015f\u00fcnme kal\u0131plar\u0131na meydan okumaktan, \u00f6fkeli duygularla sa\u011fl\u0131kl\u0131 bir \u015fekilde ba\u015fa \u00e7\u0131kmaya kadar bir\u00e7ok beceri kazanacak ve bunlar\u0131 uygulamay\u0131 \u00f6\u011frenecekler. B\u00f6ylece daha sakin ve daha kontroll\u00fc hissetmek, aile ve arkada\u015flarla daha iyi ili\u015fkiler kurmak, okulda ya\u015fanan sorunlar\u0131 hafifletmek i\u00e7in gerekli ad\u0131mlar\u0131 atm\u0131\u015f olacaklar. <\/p>\n","protected":false},"excerpt":{"rendered":"<p>\u00d6fkeye Elveda, Daha \u0130yi Hissetmeye Merhaba! Baz\u0131 \u00e7ocuklar i\u00e7g\u00fcd\u00fcsel olarak duygular\u0131n\u0131 nas\u0131l kontrol edeceklerini bilirken, bir\u00e7o\u011fu \u00f6fkelerini sa\u011fl\u0131kl\u0131 ve etkili yollarla ifade etmek i\u00e7in deste\u011fe ihtiya\u00e7<span class=\"excerpt-hellip\"> [\u2026]<\/span><\/p>\n","protected":false},"featured_media":0,"template":"","meta":{"_monsterinsights_skip_tracking":false,"_monsterinsights_sitenote_active":false,"_monsterinsights_sitenote_note":"","_monsterinsights_sitenote_category":0},"product_brand":[],"product_cat":[12274,12518],"product_tag":[],"class_list":{"0":"post-730681","1":"product","2":"type-product","3":"status-publish","5":"product_cat-cocuk-ve-genclik-kitaplari","6":"product_cat-okul-oncesi-kitaplar","7":"pa_cilt-ciltsiz","8":"pa_tur-kitap","9":"pa_yayinevi-ithaki-yayinlari","10":"pa_yazar-amanda-robinson","12":"first","13":"instock","14":"sale","15":"shipping-taxable","16":"purchasable","17":"product-type-simple"},"_links":{"self":[{"href":"https:\/\/roveyayinevi.com.tr\/index.php\/wp-json\/wp\/v2\/product\/730681","targetHints":{"allow":["GET"]}}],"collection":[{"href":"https:\/\/roveyayinevi.com.tr\/index.php\/wp-json\/wp\/v2\/product"}],"about":[{"href":"https:\/\/roveyayinevi.com.tr\/index.php\/wp-json\/wp\/v2\/types\/product"}],"wp:attachment":[{"href":"https:\/\/roveyayinevi.com.tr\/index.php\/wp-json\/wp\/v2\/media?parent=730681"}],"wp:term":[{"taxonomy":"product_brand","embeddable":true,"href":"https:\/\/roveyayinevi.com.tr\/index.php\/wp-json\/wp\/v2\/product_brand?post=730681"},{"taxonomy":"product_cat","embeddable":true,"href":"https:\/\/roveyayinevi.com.tr\/index.php\/wp-json\/wp\/v2\/product_cat?post=730681"},{"taxonomy":"product_tag","embeddable":true,"href":"https:\/\/roveyayinevi.com.tr\/index.php\/wp-json\/wp\/v2\/product_tag?post=730681"}],"curies":[{"name":"wp","href":"https:\/\/api.w.org\/{rel}","templated":true}]}}