{"id":730680,"date":"2025-08-27T21:18:53","date_gmt":"2025-08-27T18:18:53","guid":{"rendered":"https:\/\/roveyayinevi.com.tr\/index.php\/urun\/hayatimin-akilalmaz-mantigi-ciltli\/"},"modified":"2026-04-16T02:38:34","modified_gmt":"2026-04-15T23:38:34","slug":"hayatimin-akilalmaz-mantigi-ciltli","status":"publish","type":"product","link":"https:\/\/roveyayinevi.com.tr\/index.php\/urun\/hayatimin-akilalmaz-mantigi-ciltli\/","title":{"rendered":"Hayat\u0131m\u0131n Ak\u0131lalmaz Mant\u0131\u011f\u0131 (Ciltli)"},"content":{"rendered":"<p>NORMAL HAYAT NASIL B\u0130R \u015eEYD\u0130?  Salvador, bu d\u00fcnyadaki yerini bildi\u011fini san\u0131yordu. Fakat lisedeki son senesinde karakterinde meydana gelen keskin de\u011fi\u015fim hem onu hem de \u00e7evresindeki herkesi ge\u00e7mi\u015f, \u015fimdi ve gelecekle y\u00fczle\u015fmeye itmi\u015fti.   \u00dc\u00e7 ya\u015f\u0131nda evlat edinilmesi sayesinde s\u0131cac\u0131k bir yuvaya ve olabilecek en sad\u0131k arkada\u015flara sahip oldu\u011funun fark\u0131ndayd\u0131. Yine de b\u00fcy\u00fcd\u00fck\u00e7e Meksikal\u0131 gey bir babas\u0131 olmas\u0131n\u0131n farkl\u0131 anlamlara da geldi\u011fini g\u00f6rd\u00fc\u011f\u00fcnde kendini kaybolmu\u015f hissetmeye ba\u015flad\u0131.   Bir yanda onu bunca y\u0131ld\u0131r sevgiyle yeti\u015ftiren babas\u0131, di\u011fer yanda genlerinde oldu\u011funu d\u00fc\u015f\u00fcnd\u00fc\u011f\u00fc \u015fiddet izleri varken, Salvador bu denklemin neresinde duruyordu?      \u201cSevgi, sosyal sorumluluk ve \u00f6l\u00fcm gibi zor konular ustal\u0131kla i\u015flenmi\u015f. Her k\u00fct\u00fcphanenin olmazsa olmaz\u0131.\u201d \u2014School Library Journal, starred review    \u201cAile ve dostlar aras\u0131ndaki zengin ili\u015fkiyi yakalamakta kimse S\u00e1enz\u2019in eline su d\u00f6kemez.\u201d \u2014Kirkus, starred review    \u201cSalvador\u2019un en derin korkular\u0131na \u0131\u015f\u0131k tutan k\u0131sac\u0131k b\u00f6l\u00fcmleri okurken zaman\u0131n nas\u0131l ge\u00e7ti\u011fini anlamayacaks\u0131n\u0131z.\u201d \u2014Publishers Weekly, starred review   \u201cAile, arkada\u015fl\u0131k, sevgi ve kay\u0131p \u00fczerine b\u00fcy\u00fcleyici bir hik\u00e2ye.\u201d \u2014New York Times   \u201cS\u00e1enz\u2019in eserlerini ka\u00e7\u0131rmak istemezsiniz.\u201d \u2014VOYA   \u201cDaha \u00f6nce yazara bay\u0131lman\u0131z\u0131 sa\u011flayan incelik, ger\u00e7ek\u00e7ilik ve s\u0131cakl\u0131k bu roman\u0131n da temelini olu\u015fturuyor.\u201d \u2014Bustle   \u201cSalvador, kitab\u0131 kapatt\u0131ktan sonra bile sizinle ya\u015famaya devam edecek bir karakter.\u201d \u2014Booklist   \u201cD\u00fcnyan\u0131n \u015fu an tam da b\u00f6yle bir kitaba ihtiyac\u0131 var.\u201d \u2014Bill Konigsberg   \u201c\u0130nsan olman\u0131n karma\u015f\u0131k yap\u0131s\u0131na \u015fefkat ve sevgiyle yakla\u015fan g\u00fc\u00e7l\u00fc bir roman.\u201d \u2014Francisco Jim\u00e9nez <\/p>\n","protected":false},"excerpt":{"rendered":"<p>NORMAL HAYAT NASIL B\u0130R \u015eEYD\u0130? Salvador, bu d\u00fcnyadaki yerini bildi\u011fini san\u0131yordu. Fakat lisedeki son senesinde karakterinde meydana gelen keskin de\u011fi\u015fim hem onu hem de \u00e7evresindeki herkesi<span class=\"excerpt-hellip\"> [\u2026]<\/span><\/p>\n","protected":false},"featured_media":0,"template":"","meta":{"_monsterinsights_skip_tracking":false,"_monsterinsights_sitenote_active":false,"_monsterinsights_sitenote_note":"","_monsterinsights_sitenote_category":0},"product_brand":[],"product_cat":[12291,12711],"product_tag":[],"class_list":{"0":"post-730680","1":"product","2":"type-product","3":"status-publish","5":"product_cat-edebiyat","6":"product_cat-roman-oyku","7":"pa_cilt-ciltli","8":"pa_tur-kitap","9":"pa_yayinevi-yabanci-yayinevi","10":"pa_yazar-benjamin-alire-saenz","12":"first","13":"instock","14":"sale","15":"shipping-taxable","16":"purchasable","17":"product-type-simple"},"_links":{"self":[{"href":"https:\/\/roveyayinevi.com.tr\/index.php\/wp-json\/wp\/v2\/product\/730680","targetHints":{"allow":["GET"]}}],"collection":[{"href":"https:\/\/roveyayinevi.com.tr\/index.php\/wp-json\/wp\/v2\/product"}],"about":[{"href":"https:\/\/roveyayinevi.com.tr\/index.php\/wp-json\/wp\/v2\/types\/product"}],"wp:attachment":[{"href":"https:\/\/roveyayinevi.com.tr\/index.php\/wp-json\/wp\/v2\/media?parent=730680"}],"wp:term":[{"taxonomy":"product_brand","embeddable":true,"href":"https:\/\/roveyayinevi.com.tr\/index.php\/wp-json\/wp\/v2\/product_brand?post=730680"},{"taxonomy":"product_cat","embeddable":true,"href":"https:\/\/roveyayinevi.com.tr\/index.php\/wp-json\/wp\/v2\/product_cat?post=730680"},{"taxonomy":"product_tag","embeddable":true,"href":"https:\/\/roveyayinevi.com.tr\/index.php\/wp-json\/wp\/v2\/product_tag?post=730680"}],"curies":[{"name":"wp","href":"https:\/\/api.w.org\/{rel}","templated":true}]}}