{"id":730679,"date":"2025-08-27T21:18:52","date_gmt":"2025-08-27T18:18:52","guid":{"rendered":"https:\/\/roveyayinevi.com.tr\/index.php\/urun\/ucurum\/"},"modified":"2026-04-16T02:38:34","modified_gmt":"2026-04-15T23:38:34","slug":"ucurum","status":"publish","type":"product","link":"https:\/\/roveyayinevi.com.tr\/index.php\/urun\/ucurum\/","title":{"rendered":"U\u00e7urum"},"content":{"rendered":"<p>Sorular aksiyonla, gerilimle birlikte sanatla, a\u015fkla ve s\u0131rlarla yo\u011furuldu\u011funda cevaplara hangi yoldan gidilir dersiniz? Peki, cevaplara giden yol u\u00e7uruma \u00e7\u0131k\u0131yorsa siz olsan\u0131z ne karar verirsiniz? Alyssa Clark, New York\u2019un \u00f6nde gelen sayg\u0131n ressamlar\u0131ndan bir tanesiydi. G\u00fczeldi, iyi bir i\u015fe, \u00fcne, paraya, dostlara sahipti. G\u0131pta edilecek bir hayat\u0131 vard\u0131.  Ancak g\u00f6r\u00fcnenin ard\u0131nda olan\u0131 kimse bilmiyordu. On be\u015f ya\u015f\u0131ndayken babas\u0131 g\u00f6zlerinin \u00f6n\u00fcnde \u00f6ld\u00fcr\u00fcld\u00fc\u011f\u00fcnde Alyssa kendine bir s\u00f6z vermi\u015ftir. Babas\u0131n\u0131 ondan alan adam\u0131 bulacakt\u0131r. Fakat bunu yapmaya kendini haz\u0131r hissetti\u011finde, kar\u015f\u0131s\u0131na hi\u00e7 olmamas\u0131 gereken bir zamanda, hi\u00e7 olmamas\u0131 gerekecek kadar karizmatik bir adam \u00e7\u0131kar; James Bennet. Alyssa i\u00e7in art\u0131k intikam\u0131 kadar \u00e7ok istedi\u011fi bir \u015fey daha vard\u0131r, a\u015fk\u0131. James\u2019in karanl\u0131k ama bir o kadar kavurucu havas\u0131 onu kendine hapsetmi\u015ftir. Ama Alyssa\u2019ya \u00e2\u015f\u0131k olan bir di\u011fer adam bu ili\u015fkiye izin vermemeye kararl\u0131d\u0131r. \u0130ntikam yemini, a\u015fk\u0131, arkada\u015f\u0131, mesle\u011fi ve kendi do\u011frular\u0131 aras\u0131nda kalan Alyssa\u2019n\u0131n yapaca\u011f\u0131 se\u00e7imler ve \u00f6\u011frenecekleri onu farkl\u0131 sonu\u00e7lara s\u00fcr\u00fcklemek \u00fczeredir. A\u00e7\u0131lan her kap\u0131yla birlikte yeni s\u0131rlar ortaya \u00e7\u0131karken, kapanan kap\u0131lar onu planlanmayan yollara iter. Alyssa hangi yolun sonunun u\u00e7urum oldu\u011funu art\u0131k g\u00f6rememektedir. Ya\u015fayacaklar\u0131n\u0131n ya\u015fad\u0131klar\u0131n\u0131n yan\u0131nda bir hi\u00e7 oldu\u011funu bilmedi\u011fi bu yolda art\u0131k onun i\u00e7in geri d\u00f6n\u00fc\u015f yoktur.   U\u00e7uruma \u00e7\u0131kan bir yolda ka\u00e7 ki\u015fi g\u00f6zleri kapal\u0131 ko\u015fmaya g\u00f6n\u00fcll\u00fc olur ki? <\/p>\n","protected":false},"excerpt":{"rendered":"<p>Sorular aksiyonla, gerilimle birlikte sanatla, a\u015fkla ve s\u0131rlarla yo\u011furuldu\u011funda cevaplara hangi yoldan gidilir dersiniz? Peki, cevaplara giden yol u\u00e7uruma \u00e7\u0131k\u0131yorsa siz olsan\u0131z ne karar verirsiniz? Alyssa<span class=\"excerpt-hellip\"> [\u2026]<\/span><\/p>\n","protected":false},"featured_media":0,"template":"","meta":{"_monsterinsights_skip_tracking":false,"_monsterinsights_sitenote_active":false,"_monsterinsights_sitenote_note":"","_monsterinsights_sitenote_category":0},"product_brand":[],"product_cat":[14643,12291],"product_tag":[],"class_list":{"0":"post-730679","1":"product","2":"type-product","3":"status-publish","5":"product_cat-ask","6":"product_cat-edebiyat","7":"pa_cilt-ciltsiz","8":"pa_tur-kitap","9":"pa_yayinevi-muptela-yayinevi","10":"pa_yazar-busra-balcik","12":"first","13":"instock","14":"sale","15":"shipping-taxable","16":"purchasable","17":"product-type-simple"},"_links":{"self":[{"href":"https:\/\/roveyayinevi.com.tr\/index.php\/wp-json\/wp\/v2\/product\/730679","targetHints":{"allow":["GET"]}}],"collection":[{"href":"https:\/\/roveyayinevi.com.tr\/index.php\/wp-json\/wp\/v2\/product"}],"about":[{"href":"https:\/\/roveyayinevi.com.tr\/index.php\/wp-json\/wp\/v2\/types\/product"}],"wp:attachment":[{"href":"https:\/\/roveyayinevi.com.tr\/index.php\/wp-json\/wp\/v2\/media?parent=730679"}],"wp:term":[{"taxonomy":"product_brand","embeddable":true,"href":"https:\/\/roveyayinevi.com.tr\/index.php\/wp-json\/wp\/v2\/product_brand?post=730679"},{"taxonomy":"product_cat","embeddable":true,"href":"https:\/\/roveyayinevi.com.tr\/index.php\/wp-json\/wp\/v2\/product_cat?post=730679"},{"taxonomy":"product_tag","embeddable":true,"href":"https:\/\/roveyayinevi.com.tr\/index.php\/wp-json\/wp\/v2\/product_tag?post=730679"}],"curies":[{"name":"wp","href":"https:\/\/api.w.org\/{rel}","templated":true}]}}