{"id":730678,"date":"2025-08-27T21:18:51","date_gmt":"2025-08-27T18:18:51","guid":{"rendered":"https:\/\/roveyayinevi.com.tr\/index.php\/urun\/gul-rengini\/"},"modified":"2026-04-16T02:38:34","modified_gmt":"2026-04-15T23:38:34","slug":"gul-rengini","status":"publish","type":"product","link":"https:\/\/roveyayinevi.com.tr\/index.php\/urun\/gul-rengini\/","title":{"rendered":"G\u00fcl Rengini"},"content":{"rendered":"<p>kendime d\u00f6nmek i\u00e7in g\u00fcnah y\u00fcz\u00fcme ge\u00e7tim t\u00fct\u00fcnl\u00fc bir a\u011fr\u0131n\u0131n aras\u0131ndan tuza \u00e2\u015f\u0131k sular, g\u00f6lgesiz ye\u015fillikler sand\u0131m ki m\u00fcnkir k\u0131lacak beni suskunlu\u011fum, \u00f6fkeyi bende biriktirecek soyundu\u011fum yaln\u0131zl\u0131\u011f\u0131m.   yan\u0131ld\u0131m kanad\u0131 her \u015feyim. <\/p>\n","protected":false},"excerpt":{"rendered":"<p>kendime d\u00f6nmek i\u00e7in g\u00fcnah y\u00fcz\u00fcme ge\u00e7tim t\u00fct\u00fcnl\u00fc bir a\u011fr\u0131n\u0131n aras\u0131ndan tuza \u00e2\u015f\u0131k sular, g\u00f6lgesiz ye\u015fillikler sand\u0131m ki m\u00fcnkir k\u0131lacak beni suskunlu\u011fum, \u00f6fkeyi bende biriktirecek soyundu\u011fum yaln\u0131zl\u0131\u011f\u0131m.<span class=\"excerpt-hellip\"> [\u2026]<\/span><\/p>\n","protected":false},"featured_media":0,"template":"","meta":{"_monsterinsights_skip_tracking":false,"_monsterinsights_sitenote_active":false,"_monsterinsights_sitenote_note":"","_monsterinsights_sitenote_category":0},"product_brand":[],"product_cat":[12291,12509],"product_tag":[],"class_list":{"0":"post-730678","1":"product","2":"type-product","3":"status-publish","5":"product_cat-edebiyat","6":"product_cat-siir","7":"pa_cilt-ciltsiz","8":"pa_tur-kitap","9":"pa_yayinevi-ithaki-yayinlari","10":"pa_yazar-mehmet-ozkan-sukuran","12":"first","13":"instock","14":"sale","15":"shipping-taxable","16":"purchasable","17":"product-type-simple"},"_links":{"self":[{"href":"https:\/\/roveyayinevi.com.tr\/index.php\/wp-json\/wp\/v2\/product\/730678","targetHints":{"allow":["GET"]}}],"collection":[{"href":"https:\/\/roveyayinevi.com.tr\/index.php\/wp-json\/wp\/v2\/product"}],"about":[{"href":"https:\/\/roveyayinevi.com.tr\/index.php\/wp-json\/wp\/v2\/types\/product"}],"wp:attachment":[{"href":"https:\/\/roveyayinevi.com.tr\/index.php\/wp-json\/wp\/v2\/media?parent=730678"}],"wp:term":[{"taxonomy":"product_brand","embeddable":true,"href":"https:\/\/roveyayinevi.com.tr\/index.php\/wp-json\/wp\/v2\/product_brand?post=730678"},{"taxonomy":"product_cat","embeddable":true,"href":"https:\/\/roveyayinevi.com.tr\/index.php\/wp-json\/wp\/v2\/product_cat?post=730678"},{"taxonomy":"product_tag","embeddable":true,"href":"https:\/\/roveyayinevi.com.tr\/index.php\/wp-json\/wp\/v2\/product_tag?post=730678"}],"curies":[{"name":"wp","href":"https:\/\/api.w.org\/{rel}","templated":true}]}}