{"id":730677,"date":"2025-08-27T21:18:50","date_gmt":"2025-08-27T18:18:50","guid":{"rendered":"https:\/\/roveyayinevi.com.tr\/index.php\/urun\/sandman-11-sonsuz-geceler\/"},"modified":"2026-04-16T02:38:34","modified_gmt":"2026-04-15T23:38:34","slug":"sandman-11-sonsuz-geceler","status":"publish","type":"product","link":"https:\/\/roveyayinevi.com.tr\/index.php\/urun\/sandman-11-sonsuz-geceler\/","title":{"rendered":"Sandman 11: Sonsuz Geceler"},"content":{"rendered":"<p>Bram Stoker En \u0130yi Resimli Anlat\u0131 \u00d6d\u00fcl\u00fc   Locus En \u0130yi Resimli Kitap \u00d6d\u00fcl\u00fc   Will Eisner \u00c7izgi Roman End\u00fcstrisi En \u0130yi \u00d6yk\u00fc Derlemesi \u00d6d\u00fcl\u00fc   Will Eisner \u00c7izgi Roman End\u00fcstrisi En \u0130yi K\u0131sa \u00d6yk\u00fc \u00d6d\u00fcl\u00fc (\u00d6l\u00fcm)   SONSUZ GECELER, hem SANDMAN hayranlar\u0131 i\u00e7in muazzam bir devam cildi hem de seriye yeni ba\u015flayacaklar i\u00e7in ideal bir \u00f6yk\u00fc kitab\u0131. Sonsuzlardan her biri i\u00e7in ak\u0131ldan \u00e7\u0131kmayan, ac\u0131kl\u0131 ve e\u011flenceli, erotik ve k\u00e2bus gibi yedi \u00f6yk\u00fc tuhaf s\u0131rlar\u0131 ve \u015fa\u015f\u0131rt\u0131c\u0131 ger\u00e7ekleri ortaya seriyor. Yedi \u00f6yk\u00fcy\u00fc \u00e7izgi roman d\u00fcnyas\u0131n\u0131n yedi b\u00fcy\u00fck \u00e7izeri resmediyor. SONSUZ GECELER ayn\u0131 zamanda New York Times \u00e7oksatanlar listesine giren ilk \u00e7izgi roman. <\/p>\n","protected":false},"excerpt":{"rendered":"<p>Bram Stoker En \u0130yi Resimli Anlat\u0131 \u00d6d\u00fcl\u00fc Locus En \u0130yi Resimli Kitap \u00d6d\u00fcl\u00fc Will Eisner \u00c7izgi Roman End\u00fcstrisi En \u0130yi \u00d6yk\u00fc Derlemesi \u00d6d\u00fcl\u00fc Will Eisner \u00c7izgi<span class=\"excerpt-hellip\"> [\u2026]<\/span><\/p>\n","protected":false},"featured_media":0,"template":"","meta":{"_monsterinsights_skip_tracking":false,"_monsterinsights_sitenote_active":false,"_monsterinsights_sitenote_note":"","_monsterinsights_sitenote_category":0},"product_brand":[],"product_cat":[12689,12274],"product_tag":[],"class_list":{"0":"post-730677","1":"product","2":"type-product","3":"status-publish","5":"product_cat-cizgi-roman-cocuk-ve-genclik-kitaplari","6":"product_cat-cocuk-ve-genclik-kitaplari","7":"pa_cilt-ciltsiz","8":"pa_tur-kitap","9":"pa_yayinevi-ithaki-yayinlari","10":"pa_yazar-neil-gaiman","12":"first","13":"instock","14":"sale","15":"shipping-taxable","16":"purchasable","17":"product-type-simple"},"_links":{"self":[{"href":"https:\/\/roveyayinevi.com.tr\/index.php\/wp-json\/wp\/v2\/product\/730677","targetHints":{"allow":["GET"]}}],"collection":[{"href":"https:\/\/roveyayinevi.com.tr\/index.php\/wp-json\/wp\/v2\/product"}],"about":[{"href":"https:\/\/roveyayinevi.com.tr\/index.php\/wp-json\/wp\/v2\/types\/product"}],"wp:attachment":[{"href":"https:\/\/roveyayinevi.com.tr\/index.php\/wp-json\/wp\/v2\/media?parent=730677"}],"wp:term":[{"taxonomy":"product_brand","embeddable":true,"href":"https:\/\/roveyayinevi.com.tr\/index.php\/wp-json\/wp\/v2\/product_brand?post=730677"},{"taxonomy":"product_cat","embeddable":true,"href":"https:\/\/roveyayinevi.com.tr\/index.php\/wp-json\/wp\/v2\/product_cat?post=730677"},{"taxonomy":"product_tag","embeddable":true,"href":"https:\/\/roveyayinevi.com.tr\/index.php\/wp-json\/wp\/v2\/product_tag?post=730677"}],"curies":[{"name":"wp","href":"https:\/\/api.w.org\/{rel}","templated":true}]}}