{"id":730676,"date":"2025-08-27T21:18:49","date_gmt":"2025-08-27T18:18:49","guid":{"rendered":"https:\/\/roveyayinevi.com.tr\/index.php\/urun\/houston-houston-duyuyor-musun\/"},"modified":"2026-04-16T02:38:34","modified_gmt":"2026-04-15T23:38:34","slug":"houston-houston-duyuyor-musun","status":"publish","type":"product","link":"https:\/\/roveyayinevi.com.tr\/index.php\/urun\/houston-houston-duyuyor-musun\/","title":{"rendered":"Houston, Houston Duyuyor Musun?"},"content":{"rendered":"<p>\u201c\u0130nsanl\u0131\u011f\u0131n hayatta kalabilmesi i\u00e7in farkl\u0131 bir d\u00fcnya tahayy\u00fcl eden, e\u015fsiz bir feminist masal.\u201d \u2013Michael Swanwick   Hugo En \u0130yi Novella \u00d6d\u00fcl\u00fc \/ Nebula En \u0130yi Novella \u00d6d\u00fcl\u00fc   Alice B. Sheldon 1967 y\u0131l\u0131nda James Tiptree, Jr. ad\u0131yla bilimkurgu yazmaya ba\u015flad\u0131\u011f\u0131nda kimse onun bir kad\u0131n oldu\u011funu bilmiyordu. Ger\u00e7ek ortaya \u00e7\u0131kt\u0131\u011f\u0131nda ise insanlar ne \u015fa\u015fk\u0131nl\u0131klar\u0131n\u0131 gizleyebilmi\u015f ne de yazar\u0131 takdir etmekten kendilerini alabilmi\u015fti. \u00d6tekilikten cinsiyete, ger\u00e7e\u011fin yan\u0131lt\u0131c\u0131l\u0131\u011f\u0131ndan insan\u0131n evrendeki yerine kadar pek \u00e7ok konudaki eseri aras\u0131nda muhtemelen en \u00f6nemlisi olan Houston, Houston Duyuyor Musun?\u2019da Tiptree feminist \u00fctopyan\u0131n temel metinlerinden birine imza at\u0131yor.   \u0130nsanl\u0131k tarihinde G\u00fcne\u015f\u2019e ger\u00e7ekle\u015fen ilk sefer. Bu seferden ba\u015far\u0131yla d\u00f6nen G\u00fcne\u015fku\u015fu ve \u00fc\u00e7 ki\u015filik m\u00fcrettebat\u0131. Beklenmedik \u015fekilde uzayan bir rota. Telsizin di\u011fer ucunda t\u00fcm ileti\u015fim giri\u015fimlerini yan\u0131ts\u0131z b\u0131rakan Houston. Sinyallerini yakalay\u0131p ileti\u015fime ge\u00e7en ba\u015fka bir uzay arac\u0131.   Erkeklerden olu\u015fan ve ara\u00e7lar\u0131 hasar ald\u0131\u011f\u0131 i\u00e7in tahmini bir rotayla D\u00fcnya\u2019ya d\u00f6nmeye \u00e7al\u0131\u015fan astronotlar, m\u00fcrettebat\u0131 kad\u0131nlardan olu\u015fan bir uzay gemisiyle derin uzayda kar\u015f\u0131la\u015ft\u0131\u011f\u0131nda deh\u015fet ve umut kar\u0131\u015f\u0131m\u0131 bir hisse kap\u0131l\u0131r. <\/p>\n","protected":false},"excerpt":{"rendered":"<p>\u201c\u0130nsanl\u0131\u011f\u0131n hayatta kalabilmesi i\u00e7in farkl\u0131 bir d\u00fcnya tahayy\u00fcl eden, e\u015fsiz bir feminist masal.\u201d \u2013Michael Swanwick Hugo En \u0130yi Novella \u00d6d\u00fcl\u00fc \/ Nebula En \u0130yi Novella \u00d6d\u00fcl\u00fc<span class=\"excerpt-hellip\"> [\u2026]<\/span><\/p>\n","protected":false},"featured_media":0,"template":"","meta":{"_monsterinsights_skip_tracking":false,"_monsterinsights_sitenote_active":false,"_monsterinsights_sitenote_note":"","_monsterinsights_sitenote_category":0},"product_brand":[],"product_cat":[12540,12291],"product_tag":[],"class_list":{"0":"post-730676","1":"product","2":"type-product","3":"status-publish","5":"product_cat-bilim-kurgu","6":"product_cat-edebiyat","7":"pa_cilt-ciltsiz","8":"pa_tur-kitap","9":"pa_yayinevi-ithaki-yayinlari","10":"pa_yazar-james-tiptree-jr","12":"first","13":"instock","14":"sale","15":"shipping-taxable","16":"purchasable","17":"product-type-simple"},"_links":{"self":[{"href":"https:\/\/roveyayinevi.com.tr\/index.php\/wp-json\/wp\/v2\/product\/730676","targetHints":{"allow":["GET"]}}],"collection":[{"href":"https:\/\/roveyayinevi.com.tr\/index.php\/wp-json\/wp\/v2\/product"}],"about":[{"href":"https:\/\/roveyayinevi.com.tr\/index.php\/wp-json\/wp\/v2\/types\/product"}],"wp:attachment":[{"href":"https:\/\/roveyayinevi.com.tr\/index.php\/wp-json\/wp\/v2\/media?parent=730676"}],"wp:term":[{"taxonomy":"product_brand","embeddable":true,"href":"https:\/\/roveyayinevi.com.tr\/index.php\/wp-json\/wp\/v2\/product_brand?post=730676"},{"taxonomy":"product_cat","embeddable":true,"href":"https:\/\/roveyayinevi.com.tr\/index.php\/wp-json\/wp\/v2\/product_cat?post=730676"},{"taxonomy":"product_tag","embeddable":true,"href":"https:\/\/roveyayinevi.com.tr\/index.php\/wp-json\/wp\/v2\/product_tag?post=730676"}],"curies":[{"name":"wp","href":"https:\/\/api.w.org\/{rel}","templated":true}]}}