{"id":730672,"date":"2025-08-27T21:18:45","date_gmt":"2025-08-27T18:18:45","guid":{"rendered":"https:\/\/roveyayinevi.com.tr\/index.php\/urun\/bit-yenigi-kadar-hulyalar\/"},"modified":"2026-04-16T02:38:34","modified_gmt":"2026-04-15T23:38:34","slug":"bit-yenigi-kadar-hulyalar","status":"publish","type":"product","link":"https:\/\/roveyayinevi.com.tr\/index.php\/urun\/bit-yenigi-kadar-hulyalar\/","title":{"rendered":"Bit Yeni\u011fi Kadar H\u00fclyalar"},"content":{"rendered":"<p>Belki bana da derler a\u011f\u0131z dolusu Eprimi\u015f bir yaln\u0131zl\u0131\u011f\u0131 b\u00fcy\u00fctt\u00fc\u011f\u00fcmden Umde edinip g\u00f6lgeli hayk\u0131r\u0131\u015flar\u0131n\u0131 Divane diye. <\/p>\n","protected":false},"excerpt":{"rendered":"<p>Belki bana da derler a\u011f\u0131z dolusu Eprimi\u015f bir yaln\u0131zl\u0131\u011f\u0131 b\u00fcy\u00fctt\u00fc\u011f\u00fcmden Umde edinip g\u00f6lgeli hayk\u0131r\u0131\u015flar\u0131n\u0131 Divane diye.<\/p>\n","protected":false},"featured_media":0,"template":"","meta":{"_monsterinsights_skip_tracking":false,"_monsterinsights_sitenote_active":false,"_monsterinsights_sitenote_note":"","_monsterinsights_sitenote_category":0},"product_brand":[],"product_cat":[12291,12509],"product_tag":[],"class_list":{"0":"post-730672","1":"product","2":"type-product","3":"status-publish","5":"product_cat-edebiyat","6":"product_cat-siir","7":"pa_cilt-ciltsiz","8":"pa_tur-kitap","9":"pa_yayinevi-luna-yayinlari","10":"pa_yazar-huzeyfe-karabay","12":"first","13":"instock","14":"sale","15":"shipping-taxable","16":"purchasable","17":"product-type-simple"},"_links":{"self":[{"href":"https:\/\/roveyayinevi.com.tr\/index.php\/wp-json\/wp\/v2\/product\/730672","targetHints":{"allow":["GET"]}}],"collection":[{"href":"https:\/\/roveyayinevi.com.tr\/index.php\/wp-json\/wp\/v2\/product"}],"about":[{"href":"https:\/\/roveyayinevi.com.tr\/index.php\/wp-json\/wp\/v2\/types\/product"}],"wp:attachment":[{"href":"https:\/\/roveyayinevi.com.tr\/index.php\/wp-json\/wp\/v2\/media?parent=730672"}],"wp:term":[{"taxonomy":"product_brand","embeddable":true,"href":"https:\/\/roveyayinevi.com.tr\/index.php\/wp-json\/wp\/v2\/product_brand?post=730672"},{"taxonomy":"product_cat","embeddable":true,"href":"https:\/\/roveyayinevi.com.tr\/index.php\/wp-json\/wp\/v2\/product_cat?post=730672"},{"taxonomy":"product_tag","embeddable":true,"href":"https:\/\/roveyayinevi.com.tr\/index.php\/wp-json\/wp\/v2\/product_tag?post=730672"}],"curies":[{"name":"wp","href":"https:\/\/api.w.org\/{rel}","templated":true}]}}