{"id":730670,"date":"2025-08-27T21:18:43","date_gmt":"2025-08-27T18:18:43","guid":{"rendered":"https:\/\/roveyayinevi.com.tr\/index.php\/urun\/gizlenen-derin-devlet-raporu\/"},"modified":"2026-04-16T02:38:34","modified_gmt":"2026-04-15T23:38:34","slug":"gizlenen-derin-devlet-raporu","status":"publish","type":"product","link":"https:\/\/roveyayinevi.com.tr\/index.php\/urun\/gizlenen-derin-devlet-raporu\/","title":{"rendered":"Gizlenen Derin Devlet Raporu"},"content":{"rendered":"<p>Ba\u015fbakanl\u0131k Tefti\u015f Kurulu Ba\u015fkan\u0131 Kutlu Sava\u015f\u2019\u0131n haz\u0131rlay\u0131p d\u00f6nemin ba\u015fbakan\u0131 Mesut Y\u0131lmaz\u2019a sundu\u011fu \u201cSusurluk Raporu\u201d ve eklerini, dosyan\u0131n eksiksiz haliyle yay\u0131ml\u0131yoruz. 3 Kas\u0131m 1996\u2019da Susurluk\u2019ta ger\u00e7ekle\u015fen, b\u00fcy\u00fck sars\u0131nt\u0131lara neden olan ve etkileri halen s\u00fcren bir trafik kazas\u0131n\u0131n ard\u0131ndaki kirli ili\u015fkiler a\u011f\u0131n\u0131 ayd\u0131nlatmak i\u00e7in y\u0131llard\u0131r \u00f6rg\u00fctl\u00fc \u00e7aba i\u00e7inde bulunan, bu \u00e7abalar\u0131 nedeniyle FET\u00d6 kumpaslar\u0131nda hedef se\u00e7ilmi\u015f Av. Nusret Senem\u2019in y\u0131llar sonra ula\u015ft\u0131\u011f\u0131 rapor, karanl\u0131\u011fa tutulan g\u00fc\u00e7l\u00fc bir \u0131\u015f\u0131k i\u015flevi g\u00f6r\u00fcyor.   Rapor, siyaset, yeralt\u0131 d\u00fcnyas\u0131, kamu kurulu\u015flar\u0131 \u00fc\u00e7geninde geli\u015fen ve faili me\u00e7hul cinayetlerden uyu\u015fturucu ticaretine, devlet ad\u0131na hareket eden \u00e7etelerden b\u00f6l\u00fcc\u00fc ter\u00f6re, d\u0131\u015f \u00fclkelerde tezg\u00e2hlanan darbelerden g\u00fcn\u00fcm\u00fcze kadar uzanan FET\u00d6 izlerine, silah ticaretinden kumarhane d\u00fcnyas\u0131na a\u00e7\u0131lan karanl\u0131k yelpazeyi g\u00f6zler \u00f6n\u00fcne seriyor.   Kutlu Sava\u015f\u2019\u0131n raporu incelendi\u011finde, Fethullah G\u00fclen, Mehmet Eym\u00fcr, Meral Ak\u015fener, Mahmut Y\u0131ld\u0131r\u0131m (Ye\u015fil), Abdullah \u00c7atl\u0131, Cem Ersever, \u00d6mer L\u00fctfi Topal, Mehmet Ali Yaprak, Sava\u015f Buldan, \u00d6zer \u00c7iller, Haluk K\u0131rc\u0131, Ali Fuat Y\u0131lmazer, \u0130brahim Babat, Abd\u00fclkadir Aygan  gibi isimlerin ba\u015frolde oldu\u011fu bir oyunun sahnelenme s\u00fcrecinin, yaln\u0131zca 25 y\u0131l \u00f6nceki T\u00fcrkiye\u2019yi de\u011fil, g\u00fcn\u00fcm\u00fcz\u00fc ve yar\u0131nlar\u0131m\u0131z\u0131 da ilgilendirdi\u011fi a\u00e7\u0131k\u00e7a g\u00f6r\u00fcl\u00fcyor. Yay\u0131mlad\u0131\u011f\u0131m\u0131z rapor, bir devlet yetkilisinin, \u00f6ncesi ve sonras\u0131yla Susurluk olay\u0131na ili\u015fkin devlete sundu\u011fu bir r\u00f6ntgen filmi niteli\u011findedir.   \u201cDevletin G\u00fcvenlik Te\u015fkilatlar\u0131 olaylar\u0131, irtibatlar\u0131 bilmekte, TCK\u2019na g\u00f6re su\u00e7 te\u015fkil eden fiilleri tespit etmekte ve susmaktad\u0131r. Susurluk olay\u0131 i\u015fte budur. Her \u015feyden haberdar olan M\u0130T\u2019e, 150 bin ki\u015filik ve asayi\u015ften sorumlu polise ra\u011fmen, etraf\u0131na 15-20 ki\u015fi toplam\u0131\u015f kabaday\u0131lara yapt\u0131klar\u0131n\u0131n hesab\u0131n\u0131 sormak m\u00fcmk\u00fcn olmam\u0131\u015ft\u0131r. Kurumlar kendilerini ink\u00e2r ederek, sonunda bir kamyona \u00e7arpm\u0131\u015flard\u0131r.\u201d <\/p>\n","protected":false},"excerpt":{"rendered":"<p>Ba\u015fbakanl\u0131k Tefti\u015f Kurulu Ba\u015fkan\u0131 Kutlu Sava\u015f\u2019\u0131n haz\u0131rlay\u0131p d\u00f6nemin ba\u015fbakan\u0131 Mesut Y\u0131lmaz\u2019a sundu\u011fu \u201cSusurluk Raporu\u201d ve eklerini, dosyan\u0131n eksiksiz haliyle yay\u0131ml\u0131yoruz. 3 Kas\u0131m 1996\u2019da Susurluk\u2019ta ger\u00e7ekle\u015fen, b\u00fcy\u00fck<span class=\"excerpt-hellip\"> [\u2026]<\/span><\/p>\n","protected":false},"featured_media":0,"template":"","meta":{"_monsterinsights_skip_tracking":false,"_monsterinsights_sitenote_active":false,"_monsterinsights_sitenote_note":"","_monsterinsights_sitenote_category":0},"product_brand":[],"product_cat":[13059,12337],"product_tag":[],"class_list":{"0":"post-730670","1":"product","2":"type-product","3":"status-publish","5":"product_cat-diger-politika-siyaset","6":"product_cat-politika-siyaset","7":"pa_cilt-ciltsiz","8":"pa_tur-kitap","9":"pa_yayinevi-kaynak-yayinlari","10":"pa_yazar-nusret-senem","12":"first","13":"instock","14":"sale","15":"shipping-taxable","16":"purchasable","17":"product-type-simple"},"_links":{"self":[{"href":"https:\/\/roveyayinevi.com.tr\/index.php\/wp-json\/wp\/v2\/product\/730670","targetHints":{"allow":["GET"]}}],"collection":[{"href":"https:\/\/roveyayinevi.com.tr\/index.php\/wp-json\/wp\/v2\/product"}],"about":[{"href":"https:\/\/roveyayinevi.com.tr\/index.php\/wp-json\/wp\/v2\/types\/product"}],"wp:attachment":[{"href":"https:\/\/roveyayinevi.com.tr\/index.php\/wp-json\/wp\/v2\/media?parent=730670"}],"wp:term":[{"taxonomy":"product_brand","embeddable":true,"href":"https:\/\/roveyayinevi.com.tr\/index.php\/wp-json\/wp\/v2\/product_brand?post=730670"},{"taxonomy":"product_cat","embeddable":true,"href":"https:\/\/roveyayinevi.com.tr\/index.php\/wp-json\/wp\/v2\/product_cat?post=730670"},{"taxonomy":"product_tag","embeddable":true,"href":"https:\/\/roveyayinevi.com.tr\/index.php\/wp-json\/wp\/v2\/product_tag?post=730670"}],"curies":[{"name":"wp","href":"https:\/\/api.w.org\/{rel}","templated":true}]}}