{"id":730668,"date":"2025-08-27T21:18:41","date_gmt":"2025-08-27T18:18:41","guid":{"rendered":"https:\/\/roveyayinevi.com.tr\/index.php\/urun\/elcilere-verilen-mektup-peygamberimizin-hayati\/"},"modified":"2025-11-13T06:43:59","modified_gmt":"2025-11-13T03:43:59","slug":"elcilere-verilen-mektup-peygamberimizin-hayati","status":"publish","type":"product","link":"https:\/\/roveyayinevi.com.tr\/index.php\/urun\/elcilere-verilen-mektup-peygamberimizin-hayati\/","title":{"rendered":"El\u00e7ilere Verilen Mektup &#8211; Peygamberimizin Hayat\u0131"},"content":{"rendered":"<p>Kocaman bir evrende k\u00fc\u00e7\u00fcc\u00fck bir d\u00fcnyada ya\u015f\u0131yoruz. Bu k\u00fc\u00e7\u00fck d\u00fcnyam\u0131za anlam katan en \u00f6nemli ki\u015fi sence kim? Evet, do\u011fru bildin, Peygamber Efendimiz Hazreti Muhammed (sallallahu aleyhi vesellem).  O, d\u00fcnyam\u0131zda say\u0131l\u0131 g\u00fcnler kalm\u0131\u015f ama b\u0131rakt\u0131\u011f\u0131 etki ve g\u00fczellik y\u00fczy\u0131llard\u0131r devam ediyor. O&#8217;nun a\u00e7t\u0131\u011f\u0131 yolda ilerlemek istemez misin? Bu gizemli yolculukta O&#8217;nu (s.a.s.) takip etmek bizleri mutlulu\u011fa, huzura, g\u00fczel yerlere g\u00f6t\u00fcrecek.  HAYD\u0130, KAPA\u011eI A\u00c7 VE D\u00dcNYANIN SIRLARINI KE\u015eFET. <\/p>\n","protected":false},"excerpt":{"rendered":"<p>Kocaman bir evrende k\u00fc\u00e7\u00fcc\u00fck bir d\u00fcnyada ya\u015f\u0131yoruz. Bu k\u00fc\u00e7\u00fck d\u00fcnyam\u0131za anlam katan en \u00f6nemli ki\u015fi sence kim? Evet, do\u011fru bildin, Peygamber Efendimiz Hazreti Muhammed (sallallahu aleyhi<span class=\"excerpt-hellip\"> [\u2026]<\/span><\/p>\n","protected":false},"featured_media":0,"template":"","meta":{"_monsterinsights_skip_tracking":false,"_monsterinsights_sitenote_active":false,"_monsterinsights_sitenote_note":"","_monsterinsights_sitenote_category":0},"product_brand":[],"product_cat":[12275,12274],"product_tag":[],"class_list":{"0":"post-730668","1":"product","2":"type-product","3":"status-publish","5":"product_cat-6-12-yas-kitaplari","6":"product_cat-cocuk-ve-genclik-kitaplari","7":"pa_cilt-ciltsiz","8":"pa_tur-kitap","9":"pa_yayinevi-timas-cocuk","10":"pa_yazar-salih-suruc","12":"first","13":"instock","14":"sale","15":"shipping-taxable","16":"purchasable","17":"product-type-simple"},"_links":{"self":[{"href":"https:\/\/roveyayinevi.com.tr\/index.php\/wp-json\/wp\/v2\/product\/730668","targetHints":{"allow":["GET"]}}],"collection":[{"href":"https:\/\/roveyayinevi.com.tr\/index.php\/wp-json\/wp\/v2\/product"}],"about":[{"href":"https:\/\/roveyayinevi.com.tr\/index.php\/wp-json\/wp\/v2\/types\/product"}],"wp:attachment":[{"href":"https:\/\/roveyayinevi.com.tr\/index.php\/wp-json\/wp\/v2\/media?parent=730668"}],"wp:term":[{"taxonomy":"product_brand","embeddable":true,"href":"https:\/\/roveyayinevi.com.tr\/index.php\/wp-json\/wp\/v2\/product_brand?post=730668"},{"taxonomy":"product_cat","embeddable":true,"href":"https:\/\/roveyayinevi.com.tr\/index.php\/wp-json\/wp\/v2\/product_cat?post=730668"},{"taxonomy":"product_tag","embeddable":true,"href":"https:\/\/roveyayinevi.com.tr\/index.php\/wp-json\/wp\/v2\/product_tag?post=730668"}],"curies":[{"name":"wp","href":"https:\/\/api.w.org\/{rel}","templated":true}]}}