{"id":730660,"date":"2025-08-27T21:18:32","date_gmt":"2025-08-27T18:18:32","guid":{"rendered":"https:\/\/roveyayinevi.com.tr\/index.php\/urun\/baski-karsiti-sosyal-calisma\/"},"modified":"2026-04-16T02:38:34","modified_gmt":"2026-04-15T23:38:34","slug":"baski-karsiti-sosyal-calisma","status":"publish","type":"product","link":"https:\/\/roveyayinevi.com.tr\/index.php\/urun\/baski-karsiti-sosyal-calisma\/","title":{"rendered":"Bask\u0131 Kar\u015f\u0131t\u0131 Sosyal \u00c7al\u0131\u015fma"},"content":{"rendered":"<p>Bug\u00fcn, d\u00fcnyan\u0131n her yerinden, daha iyi yar\u0131nlara ula\u015fabilme umuduyla bir araya gelen insanlar\u0131n temel kayg\u0131s\u0131, bask\u0131lar\u0131n ortadan kald\u0131r\u0131labilmesini ve herkesin kendini ifade etme hakk\u0131na kavu\u015fabilmesini m\u00fcmk\u00fcn k\u0131labilmektir. \u0130nsanlar\u0131n \u00f6zg\u00fcrl\u00fck ve g\u00fc\u00e7lenmeye ili\u015fkin taleplerinin yan\u0131 s\u0131ra farkl\u0131 n\u00fcfus gruplar\u0131 aras\u0131nda daha e\u015fitlik\u00e7i sosyal ili\u015fkiler yarat\u0131lmas\u0131na ili\u015fkin istekler, ulus devletin bask\u0131n yurtta\u015fl\u0131k ve kat\u0131l\u0131m tan\u0131mlar\u0131 ile yine ulus devletin bir par\u00e7as\u0131 olan refah ve sivil toplum tan\u0131mlar\u0131na da meydan okumaktad\u0131r. Bu meydan okuman\u0131n, i\u00e7inde sosyal \u00e7al\u0131\u015fman\u0131n da bulundu\u011fu bak\u0131m odakl\u0131 mesleklerin hem kuramsal temelleri hem de uygulamalar\u0131 \u00fczerinde b\u00fcy\u00fck etkileri olmu\u015ftur.   Bu kitap, uygulay\u0131c\u0131lar\u0131n, ya\u015fam deneyimleri bask\u0131c\u0131 g\u00fc\u00e7 ili\u015fkileri taraf\u0131ndan \u015fekillenmi\u015f m\u00fcracaat\u00e7\u0131lara daha uygun hizmetler sunabilmelerine yard\u0131mc\u0131 olmay\u0131 hedeflemektedir. Kitab\u0131n odak noktas\u0131, ya\u015famlar\u0131n\u0131n her g\u00fcn\u00fc kar\u015f\u0131lar\u0131na \u00e7\u0131kan ve onlar\u0131 kendi yarat\u0131c\u0131 potansiyellerinin fark\u0131nda olmaktan mahrum b\u0131rakan \u00e7e\u015fitli dezavantajl\u0131 ko\u015fullarla m\u00fccadele edenlerdir. Kitap, s\u0131n\u0131f, \u0131rk, toplumsal cinsiyet, ya\u015f, engellilik ya da cinsel y\u00f6nelim gibi her biri farkl\u0131 toplumsal b\u00f6l\u00fcnmelere kar\u015f\u0131l\u0131k gelen ve birbiri \u00fczerine eklenerek farkl\u0131 sonu\u00e7lar do\u011furan bask\u0131 bi\u00e7imlerine ili\u015fkin eklektik bir yakla\u015f\u0131m\u0131n \u00f6tesine ge\u00e7meyi ama\u00e7lamakta, sosyal \u00e7al\u0131\u015fmac\u0131lardan bask\u0131 alt\u0131nda olman\u0131n ger\u00e7ekli\u011fin yaln\u0131zca bir k\u0131sm\u0131 oldu\u011funu ve hem kendilerinin hem de m\u00fcracaat\u00e7\u0131lar\u0131n\u0131n bask\u0131 yaratan ili\u015fkilerden azade olmad\u0131klar\u0131n\u0131 anlamalar\u0131n\u0131 talep etmektedir. <\/p>\n","protected":false},"excerpt":{"rendered":"<p>Bug\u00fcn, d\u00fcnyan\u0131n her yerinden, daha iyi yar\u0131nlara ula\u015fabilme umuduyla bir araya gelen insanlar\u0131n temel kayg\u0131s\u0131, bask\u0131lar\u0131n ortadan kald\u0131r\u0131labilmesini ve herkesin kendini ifade etme hakk\u0131na kavu\u015fabilmesini m\u00fcmk\u00fcn<span class=\"excerpt-hellip\"> [\u2026]<\/span><\/p>\n","protected":false},"featured_media":0,"template":"","meta":{"_monsterinsights_skip_tracking":false,"_monsterinsights_sitenote_active":false,"_monsterinsights_sitenote_note":"","_monsterinsights_sitenote_category":0},"product_brand":[],"product_cat":[12325,12324],"product_tag":[],"class_list":{"0":"post-730660","1":"product","2":"type-product","3":"status-publish","5":"product_cat-diger-sosyoloji","6":"product_cat-sosyoloji","7":"pa_cilt-ciltsiz","8":"pa_tur-kitap","9":"pa_yayinevi-nika-yayinevi","10":"pa_yazar-lena-dominelli","12":"first","13":"instock","14":"sale","15":"shipping-taxable","16":"purchasable","17":"product-type-simple"},"_links":{"self":[{"href":"https:\/\/roveyayinevi.com.tr\/index.php\/wp-json\/wp\/v2\/product\/730660","targetHints":{"allow":["GET"]}}],"collection":[{"href":"https:\/\/roveyayinevi.com.tr\/index.php\/wp-json\/wp\/v2\/product"}],"about":[{"href":"https:\/\/roveyayinevi.com.tr\/index.php\/wp-json\/wp\/v2\/types\/product"}],"wp:attachment":[{"href":"https:\/\/roveyayinevi.com.tr\/index.php\/wp-json\/wp\/v2\/media?parent=730660"}],"wp:term":[{"taxonomy":"product_brand","embeddable":true,"href":"https:\/\/roveyayinevi.com.tr\/index.php\/wp-json\/wp\/v2\/product_brand?post=730660"},{"taxonomy":"product_cat","embeddable":true,"href":"https:\/\/roveyayinevi.com.tr\/index.php\/wp-json\/wp\/v2\/product_cat?post=730660"},{"taxonomy":"product_tag","embeddable":true,"href":"https:\/\/roveyayinevi.com.tr\/index.php\/wp-json\/wp\/v2\/product_tag?post=730660"}],"curies":[{"name":"wp","href":"https:\/\/api.w.org\/{rel}","templated":true}]}}