{"id":730655,"date":"2025-08-27T21:18:27","date_gmt":"2025-08-27T18:18:27","guid":{"rendered":"https:\/\/roveyayinevi.com.tr\/index.php\/urun\/konyada-kurt-mu-var\/"},"modified":"2025-11-21T06:48:04","modified_gmt":"2025-11-21T03:48:04","slug":"konyada-kurt-mu-var","status":"publish","type":"product","link":"https:\/\/roveyayinevi.com.tr\/index.php\/urun\/konyada-kurt-mu-var\/","title":{"rendered":"Konya&#8217;da K\u00fcrt m\u00fc Var ?"},"content":{"rendered":"<p>\u201cArazi kavgalar\u0131 \u00e7\u0131kard\u0131 ama m\u00fchim olan bir \u015fey yoktu. Yaln\u0131z T\u00fcrkler, K\u00fcrtleri bir \u015feye saym\u0131yorlar. K\u00fcrtlerin laf\u0131 ge\u00e7ince \u2018s\u00f6z\u00fcm yabana K\u00fcrtler\u2019 denirdi, bir topluma gidince K\u00fcrtler \u00e7ok olunca \u2018Bunlar\u0131 hep niye getirdiniz, K\u00fcrd\u00fc k\u00f6pe\u011fi toplay\u0131p getirmi\u015fsiniz,\u2019 denirdi.\u201d Kulu\u2019nun ya\u015fl\u0131lar\u0131ndan birinin anlat\u0131m\u0131 K\u00fcrtleri \u201cDo\u011fulu\u201d diye tan\u0131mlamak, onlar\u0131 Do\u011fu ve G\u00fcneydo\u011fu\u2019da konumland\u0131rmak, zihinlerde adeta otomatikle\u015fmi\u015f bir varsay\u0131m. Ba\u015fta \u0130stanbul, b\u00fcy\u00fck \u015fehirlerdeki varl\u0131klar\u0131 da hep hat\u0131rlat\u0131l\u0131yor. Hayret dolu \u201cKonya\u2019da K\u00fcrt m\u00fc var?\u201d sorusu, Orta Anadolu ta\u015fras\u0131ndaki K\u00fcrt n\u00fcfusuna dair bilgisizli\u011fin g\u00fcnl\u00fck dildeki ifadesi. Oysa Ankara, Konya, K\u0131r\u015fehir, \u00c7ank\u0131r\u0131, Aksaray, Yozgat, \u00c7orum, Amasya, Ni\u011fde ve Tokat\u2019\u0131n kimi il\u00e7elerinde, kimisi 15. y\u00fczy\u0131la kadar uzanan zamanlardan beri yerle\u015fikle\u015fmi\u015f K\u00fcrt topluluklar\u0131 ya\u015f\u0131yor. Hac\u0131 \u00c7evik \u201cKonya\u2019da K\u00fcrt m\u00fc Var?\u201dda kademe kademe g\u00f6\u00e7lerle olu\u015fan Orta Anadolu K\u00fcrt topluluklar\u0131n\u0131n toplumsal \u015fekillenme s\u00fcrecini ele ald\u0131ktan sonra, ba\u015fka bir g\u00f6\u00e7 dalgas\u0131na e\u011filiyor: Avrupa\u2019ya g\u00f6\u00e7 ve bunun siyasal etkilerine bak\u0131yor. Cihanbeyli ve Kulu havalisinden Almanya ve \u0130sve\u00e7\u2019e g\u00f6\u00e7 eden K\u00fcrt topluluklar\u0131, memleketlerinde K\u00fcrt kimli\u011fi etraf\u0131ndaki siyasalla\u015fmay\u0131 nas\u0131l etkilediler? Bu kimlik m\u00fccadelesi etraf\u0131nda kurulan siyasi partilerin etkisi neydi? Ve K\u00fcrt kimli\u011fini sahiplenmeye d\u00f6n\u00fck seferberlik, toplumsal ve siyasal hayat\u0131, farkl\u0131 topluluklar aras\u0131 ili\u015fkileri nas\u0131l etkiledi? G\u00f6zden uzak bir \u201cyurt ger\u00e7e\u011fi\u201d hakk\u0131nda, incelikli bir analiz&#8230;<\/p>\n","protected":false},"excerpt":{"rendered":"<p>\u201cArazi kavgalar\u0131 \u00e7\u0131kard\u0131 ama m\u00fchim olan bir \u015fey yoktu. Yaln\u0131z T\u00fcrkler, K\u00fcrtleri bir \u015feye saym\u0131yorlar. K\u00fcrtlerin laf\u0131 ge\u00e7ince \u2018s\u00f6z\u00fcm yabana K\u00fcrtler\u2019 denirdi, bir topluma gidince K\u00fcrtler<span class=\"excerpt-hellip\"> [\u2026]<\/span><\/p>\n","protected":false},"featured_media":0,"template":"","meta":{"_monsterinsights_skip_tracking":false,"_monsterinsights_sitenote_active":false,"_monsterinsights_sitenote_note":"","_monsterinsights_sitenote_category":0},"product_brand":[],"product_cat":[13590,12337],"product_tag":[],"class_list":{"0":"post-730655","1":"product","2":"type-product","3":"status-publish","5":"product_cat-arastirma-inceleme-politika-siyaset","6":"product_cat-politika-siyaset","7":"pa_cilt-ciltsiz","8":"pa_tur-kitap","9":"pa_yayinevi-iletisim-yayinlari","10":"pa_yazar-haci-cevik","12":"first","13":"instock","14":"sale","15":"shipping-taxable","16":"purchasable","17":"product-type-simple"},"_links":{"self":[{"href":"https:\/\/roveyayinevi.com.tr\/index.php\/wp-json\/wp\/v2\/product\/730655","targetHints":{"allow":["GET"]}}],"collection":[{"href":"https:\/\/roveyayinevi.com.tr\/index.php\/wp-json\/wp\/v2\/product"}],"about":[{"href":"https:\/\/roveyayinevi.com.tr\/index.php\/wp-json\/wp\/v2\/types\/product"}],"wp:attachment":[{"href":"https:\/\/roveyayinevi.com.tr\/index.php\/wp-json\/wp\/v2\/media?parent=730655"}],"wp:term":[{"taxonomy":"product_brand","embeddable":true,"href":"https:\/\/roveyayinevi.com.tr\/index.php\/wp-json\/wp\/v2\/product_brand?post=730655"},{"taxonomy":"product_cat","embeddable":true,"href":"https:\/\/roveyayinevi.com.tr\/index.php\/wp-json\/wp\/v2\/product_cat?post=730655"},{"taxonomy":"product_tag","embeddable":true,"href":"https:\/\/roveyayinevi.com.tr\/index.php\/wp-json\/wp\/v2\/product_tag?post=730655"}],"curies":[{"name":"wp","href":"https:\/\/api.w.org\/{rel}","templated":true}]}}