{"id":730652,"date":"2025-08-27T21:18:24","date_gmt":"2025-08-27T18:18:24","guid":{"rendered":"https:\/\/roveyayinevi.com.tr\/index.php\/urun\/ekolojik-bir-toplum-yaratmak-devrimci-bir-donusume-dogru\/"},"modified":"2026-04-16T02:38:34","modified_gmt":"2026-04-15T23:38:34","slug":"ekolojik-bir-toplum-yaratmak-devrimci-bir-donusume-dogru","status":"publish","type":"product","link":"https:\/\/roveyayinevi.com.tr\/index.php\/urun\/ekolojik-bir-toplum-yaratmak-devrimci-bir-donusume-dogru\/","title":{"rendered":"Ekolojik Bir Toplum Yaratmak Devrimci Bir D\u00f6n\u00fc\u015f\u00fcme Do\u011fru"},"content":{"rendered":"<p>Su, hava ve d\u00fcnyan\u0131n kendisi her ge\u00e7en g\u00fcn daha da kirleniyor. T\u00fcrler yok oluyor, yok ediliyor. Bununla birlikte, art\u0131k insanl\u0131k, kapitalizmin yaratt\u0131\u011f\u0131 katliam\u0131n fark\u0131na varmaya ba\u015fl\u0131yor. Kapitalizm, s\u00fcrekli b\u00fcy\u00fcmek ve k\u00e2r elde etmek \u00fczerine kurdu\u011fu bu d\u00fczeni s\u00fcrd\u00fcrebilmek i\u00e7in de\u011ferleri yok say\u0131yor ve e\u015fitsizlikleri tetikliyor. Artan \u0131rk\u00e7\u0131l\u0131k, cinsiyet\u00e7i bask\u0131 ve hi\u00e7 sonu gelmeyen sava\u015flar ortas\u0131nda, pastadan insanl\u0131\u011f\u0131n pay\u0131na yaln\u0131zca yoksulluk kal\u0131yor. T\u00fcm bunlar yap\u0131l\u0131rken insan\u0131n evrimsel rekabet\u00e7i k\u00f6kenlerine at\u0131fta bulunuluyor. Ekolojik Bir Toplum Yaratmak, ekolojik istikrars\u0131zl\u0131\u011f\u0131 destekleyen bu sistemi de\u011fi\u015ftirmeye y\u00f6nelik yap\u0131lacak reformlar\u0131n hayati \u00f6nem ta\u015f\u0131d\u0131\u011f\u0131n\u0131 vurguluyor fakat as\u0131l \u00f6nemli olan, bu sistemi sosyo-ekolojik bir devrimle de\u011fi\u015ftirmek. Toplumu demokratik, e\u015fitlik\u00e7i ve adil bir d\u00fczende s\u00fcrd\u00fcrmek m\u00fcmk\u00fcn. Toplum, s\u00f6ylenenin aksine temelde rekabet\u00e7i de\u011fil, yani do\u011fayla i\u015f birli\u011fi i\u00e7erisinde ya\u015famak m\u00fcmk\u00fcn. Toplumdaki bu temel de\u011fi\u015fimle ekolojik bir toplum yaratmak m\u00fcmk\u00fcn!  \u201cBu titiz ve etrafl\u0131 \u00e7al\u0131\u015fma, salt ola\u011fan\u00fcst\u00fc geni\u015f kapsam\u0131 ve uzmanl\u0131k seviyesindeki yetkinli\u011fiyle de\u011fil, ayn\u0131 zamanda kapitalist kurumlar\u0131n do\u011fas\u0131 gere\u011fi s\u00fcrd\u00fcr\u00fclemezli\u011fine ili\u015fkin analiziyle ve felaketi \u00f6nlemek i\u00e7in gereken \u201cdevrimci sistem de\u011fi\u015fikli\u011fi\u201dni ba\u015farabilece\u011fimizi m\u00fcjdeleyen umut verici mesaj\u0131yla da toplumsal ve ekolojik m\u00fccadele a\u00e7\u0131s\u0131ndan \u00e7ok de\u011ferli bir katk\u0131.\u201d \u2014 NOAM CHOMSKY Massachusetts Teknoloji Enstit\u00fcs\u00fc\u201cKitap, s\u00fcrd\u00fcr\u00fclebilir bir gelece\u011fe do\u011fru kuyumcu hassasiyetiyle bir yol a\u00e7\u0131yor. Gezegenimiz ad\u0131na eylem \u00f6nerileri ve \u00fcmitle dolu, ger\u00e7ekten tutkuyla, etrafl\u0131ca ara\u015ft\u0131r\u0131lm\u0131\u015f, yaln\u0131zca aktivistler de\u011fil, insanl\u0131\u011f\u0131n yery\u00fcz\u00fcndeki gelece\u011fini az\u0131c\u0131k da olsa \u00f6nemseyen herkes muhakkak okumal\u0131.\u201c \u2014 EMMA THOMPSON <\/p>\n","protected":false},"excerpt":{"rendered":"<p>Su, hava ve d\u00fcnyan\u0131n kendisi her ge\u00e7en g\u00fcn daha da kirleniyor. T\u00fcrler yok oluyor, yok ediliyor. Bununla birlikte, art\u0131k insanl\u0131k, kapitalizmin yaratt\u0131\u011f\u0131 katliam\u0131n fark\u0131na varmaya ba\u015fl\u0131yor.<span class=\"excerpt-hellip\"> [\u2026]<\/span><\/p>\n","protected":false},"featured_media":0,"template":"","meta":{"_monsterinsights_skip_tracking":false,"_monsterinsights_sitenote_active":false,"_monsterinsights_sitenote_note":"","_monsterinsights_sitenote_category":0},"product_brand":[],"product_cat":[23323,12364],"product_tag":[],"class_list":{"0":"post-730652","1":"product","2":"type-product","3":"status-publish","5":"product_cat-ekoloji","6":"product_cat-genel-konular","7":"pa_cilt-ciltsiz","8":"pa_tur-kitap","9":"pa_yayinevi-efil-yayinevi","10":"pa_yazar-fred-magdoff-chris-williams","12":"first","13":"instock","14":"sale","15":"shipping-taxable","16":"purchasable","17":"product-type-simple"},"_links":{"self":[{"href":"https:\/\/roveyayinevi.com.tr\/index.php\/wp-json\/wp\/v2\/product\/730652","targetHints":{"allow":["GET"]}}],"collection":[{"href":"https:\/\/roveyayinevi.com.tr\/index.php\/wp-json\/wp\/v2\/product"}],"about":[{"href":"https:\/\/roveyayinevi.com.tr\/index.php\/wp-json\/wp\/v2\/types\/product"}],"wp:attachment":[{"href":"https:\/\/roveyayinevi.com.tr\/index.php\/wp-json\/wp\/v2\/media?parent=730652"}],"wp:term":[{"taxonomy":"product_brand","embeddable":true,"href":"https:\/\/roveyayinevi.com.tr\/index.php\/wp-json\/wp\/v2\/product_brand?post=730652"},{"taxonomy":"product_cat","embeddable":true,"href":"https:\/\/roveyayinevi.com.tr\/index.php\/wp-json\/wp\/v2\/product_cat?post=730652"},{"taxonomy":"product_tag","embeddable":true,"href":"https:\/\/roveyayinevi.com.tr\/index.php\/wp-json\/wp\/v2\/product_tag?post=730652"}],"curies":[{"name":"wp","href":"https:\/\/api.w.org\/{rel}","templated":true}]}}