{"id":730651,"date":"2025-08-27T21:18:23","date_gmt":"2025-08-27T18:18:23","guid":{"rendered":"https:\/\/roveyayinevi.com.tr\/index.php\/urun\/beni-gorebiliyor-musun\/"},"modified":"2026-04-16T02:38:34","modified_gmt":"2026-04-15T23:38:34","slug":"beni-gorebiliyor-musun","status":"publish","type":"product","link":"https:\/\/roveyayinevi.com.tr\/index.php\/urun\/beni-gorebiliyor-musun\/","title":{"rendered":"Beni G\u00f6rebiliyor Musun?"},"content":{"rendered":"<p>Sen de bazen \u00e7ok k\u00fc\u00e7\u00fck oldu\u011funu d\u00fc\u015f\u00fcn\u00fcyor musun? Acele etme. Onu bir de aya\u011f\u0131na t\u0131rmanan minik t\u0131rt\u0131la soral\u0131m bakal\u0131m. O da senin k\u00fc\u00e7\u00fck oldu\u011funu d\u00fc\u015f\u00fcn\u00fcyor mu? B\u00fcy\u00fckl\u00fck ve k\u00fc\u00e7\u00fckl\u00fck nereden bakt\u0131\u011f\u0131na g\u00f6re de\u011fi\u015fir. \u0130nanm\u0131yor musun? Haydi o zaman G\u00f6k\u00e7e \u0130rten\u2019le birlikte k\u00fc\u00e7\u00fck \u015feylerin d\u00fcnyas\u0131n\u0131 ke\u015ffetmeye haz\u0131rlan ve kitab\u0131n sayfalar\u0131n\u0131 \u00e7evirmeye ba\u015fla. <\/p>\n","protected":false},"excerpt":{"rendered":"<p>Sen de bazen \u00e7ok k\u00fc\u00e7\u00fck oldu\u011funu d\u00fc\u015f\u00fcn\u00fcyor musun? Acele etme. Onu bir de aya\u011f\u0131na t\u0131rmanan minik t\u0131rt\u0131la soral\u0131m bakal\u0131m. O da senin k\u00fc\u00e7\u00fck oldu\u011funu d\u00fc\u015f\u00fcn\u00fcyor mu?<span class=\"excerpt-hellip\"> [\u2026]<\/span><\/p>\n","protected":false},"featured_media":0,"template":"","meta":{"_monsterinsights_skip_tracking":false,"_monsterinsights_sitenote_active":false,"_monsterinsights_sitenote_note":"","_monsterinsights_sitenote_category":0},"product_brand":[],"product_cat":[12913,12274],"product_tag":[],"class_list":{"0":"post-730651","1":"product","2":"type-product","3":"status-publish","5":"product_cat-3-6-yas-kitaplari","6":"product_cat-cocuk-ve-genclik-kitaplari","7":"pa_cilt-ciltsiz","8":"pa_tur-kitap","9":"pa_yayinevi-dogan-egmont-yayincilik","10":"pa_yazar-gokce-irten","12":"first","13":"instock","14":"sale","15":"shipping-taxable","16":"purchasable","17":"product-type-simple"},"_links":{"self":[{"href":"https:\/\/roveyayinevi.com.tr\/index.php\/wp-json\/wp\/v2\/product\/730651","targetHints":{"allow":["GET"]}}],"collection":[{"href":"https:\/\/roveyayinevi.com.tr\/index.php\/wp-json\/wp\/v2\/product"}],"about":[{"href":"https:\/\/roveyayinevi.com.tr\/index.php\/wp-json\/wp\/v2\/types\/product"}],"wp:attachment":[{"href":"https:\/\/roveyayinevi.com.tr\/index.php\/wp-json\/wp\/v2\/media?parent=730651"}],"wp:term":[{"taxonomy":"product_brand","embeddable":true,"href":"https:\/\/roveyayinevi.com.tr\/index.php\/wp-json\/wp\/v2\/product_brand?post=730651"},{"taxonomy":"product_cat","embeddable":true,"href":"https:\/\/roveyayinevi.com.tr\/index.php\/wp-json\/wp\/v2\/product_cat?post=730651"},{"taxonomy":"product_tag","embeddable":true,"href":"https:\/\/roveyayinevi.com.tr\/index.php\/wp-json\/wp\/v2\/product_tag?post=730651"}],"curies":[{"name":"wp","href":"https:\/\/api.w.org\/{rel}","templated":true}]}}