{"id":730650,"date":"2025-08-27T21:18:22","date_gmt":"2025-08-27T18:18:22","guid":{"rendered":"https:\/\/roveyayinevi.com.tr\/index.php\/urun\/mumkun-golgenin-hakikati-ii\/"},"modified":"2026-04-16T02:38:34","modified_gmt":"2026-04-15T23:38:34","slug":"mumkun-golgenin-hakikati-ii","status":"publish","type":"product","link":"https:\/\/roveyayinevi.com.tr\/index.php\/urun\/mumkun-golgenin-hakikati-ii\/","title":{"rendered":"M\u00fcmk\u00fcn G\u00f6lgenin Hakikati II"},"content":{"rendered":"<p>Kalp uyan\u0131r a\u015fk ile, en g\u00fczel m\u00fcmk\u00fcnlere\u2026 \u0130\u015fte bu \u00e2lem, d\u00fcnyam\u0131z ve biz.. Yarad\u0131l\u0131\u015f itibariyle t\u00fcm olas\u0131l\u0131klar alan\u0131nda anl\u0131k bir \u201cm\u00fcmk\u00fcn\u201d\u00fcz, \u201chay\u0131r\u201d (la) ile \u201cevet\u201d (illa) aras\u0131nda titre\u015fen..  Manam\u0131z Allah taraf\u0131ndan isimlendirilmi\u015f, akseden suretlerimiz biricik, Rahman\u2019\u0131n \u201c\u0130lahi Nefes\u201diyle her \u015fen yeniden niteleniriz. B\u00f6l\u00fcnmez birlikte, \u00e7okluk g\u00f6r\u00fcn\u00fcml\u00fc birle\u015fik m\u00fcmk\u00fcnler\u2026 Ki m\u00fcmk\u00fcnl\u00fc\u011f\u00fcm\u00fcz\u00fcn bir y\u00f6n\u00fc karanl\u0131k, di\u011feri \u0131\u015f\u0131k, biri do\u011fa, \u00f6b\u00fcr\u00fc ruh, gayb ile \u015fehadet, \u00f6rt\u00fcnme ile a\u00e7\u0131\u011fa \u00e7\u0131kma\u2026 Anla\u015f\u0131lan ne y\u00f6ne d\u00f6nersek olu\u015fumuz onca\u2026 Bir yolculuk daveti M\u00fcmk\u00fcn\u2026 Musa Dede\u2019nin kaleminden \u00e7\u0131km\u0131\u015f zamans\u0131z yaz\u0131lardan olu\u015fan, bir Sufi\u2019nin manevi yolculu\u011fundaki duraklardan manzaralar sunan bir kitap. Yolculu\u011fun hedefinde kendini bilme, kendini bulma var. Kendini bilmeden \u00e2lemi, Yaradan\u2019\u0131 bilmek ne m\u00fcmk\u00fcn! Tasavvuf gelene\u011fini g\u00fcncelleyen, modern sanata, bilime, kuantum fizi\u011fine g\u00f6z k\u0131rpan, zaman\u0131n ruhu \u00fczerine kafa yoran, Anadolu bilgeli\u011fine selam g\u00f6nderen bir metin bu. Derdine derman soranlara, mana aray\u0131\u015f\u0131nda olanlara, bulmu\u015f olup da seyrine doyamayanlara, a\u015fk mezhebinin m\u00fcritlerine yaz\u0131lm\u0131\u015f g\u00f6n\u00fclden mektuplar\u2026    <\/p>\n","protected":false},"excerpt":{"rendered":"<p>Kalp uyan\u0131r a\u015fk ile, en g\u00fczel m\u00fcmk\u00fcnlere\u2026 \u0130\u015fte bu \u00e2lem, d\u00fcnyam\u0131z ve biz.. Yarad\u0131l\u0131\u015f itibariyle t\u00fcm olas\u0131l\u0131klar alan\u0131nda anl\u0131k bir \u201cm\u00fcmk\u00fcn\u201d\u00fcz, \u201chay\u0131r\u201d (la) ile \u201cevet\u201d (illa)<span class=\"excerpt-hellip\"> [\u2026]<\/span><\/p>\n","protected":false},"featured_media":0,"template":"","meta":{"_monsterinsights_skip_tracking":false,"_monsterinsights_sitenote_active":false,"_monsterinsights_sitenote_note":"","_monsterinsights_sitenote_category":0},"product_brand":[],"product_cat":[12718,12719,15238],"product_tag":[],"class_list":{"0":"post-730650","1":"product","2":"type-product","3":"status-publish","5":"product_cat-din","6":"product_cat-islam","7":"product_cat-tasavvuf","8":"pa_cilt-ciltsiz","9":"pa_tur-kitap","10":"pa_yayinevi-dogan-novus","11":"pa_yazar-musa-dede","13":"first","14":"instock","15":"sale","16":"shipping-taxable","17":"purchasable","18":"product-type-simple"},"_links":{"self":[{"href":"https:\/\/roveyayinevi.com.tr\/index.php\/wp-json\/wp\/v2\/product\/730650","targetHints":{"allow":["GET"]}}],"collection":[{"href":"https:\/\/roveyayinevi.com.tr\/index.php\/wp-json\/wp\/v2\/product"}],"about":[{"href":"https:\/\/roveyayinevi.com.tr\/index.php\/wp-json\/wp\/v2\/types\/product"}],"wp:attachment":[{"href":"https:\/\/roveyayinevi.com.tr\/index.php\/wp-json\/wp\/v2\/media?parent=730650"}],"wp:term":[{"taxonomy":"product_brand","embeddable":true,"href":"https:\/\/roveyayinevi.com.tr\/index.php\/wp-json\/wp\/v2\/product_brand?post=730650"},{"taxonomy":"product_cat","embeddable":true,"href":"https:\/\/roveyayinevi.com.tr\/index.php\/wp-json\/wp\/v2\/product_cat?post=730650"},{"taxonomy":"product_tag","embeddable":true,"href":"https:\/\/roveyayinevi.com.tr\/index.php\/wp-json\/wp\/v2\/product_tag?post=730650"}],"curies":[{"name":"wp","href":"https:\/\/api.w.org\/{rel}","templated":true}]}}