{"id":730649,"date":"2025-08-27T21:18:21","date_gmt":"2025-08-27T18:18:21","guid":{"rendered":"https:\/\/roveyayinevi.com.tr\/index.php\/urun\/aelita-ciltli\/"},"modified":"2026-04-16T02:38:34","modified_gmt":"2026-04-15T23:38:34","slug":"aelita-ciltli","status":"publish","type":"product","link":"https:\/\/roveyayinevi.com.tr\/index.php\/urun\/aelita-ciltli\/","title":{"rendered":"Aelita (Ciltli)"},"content":{"rendered":"<p>Aleksey N. Tolstoy\u2019un 1923 y\u0131l\u0131nda yaz\u0131lm\u0131\u015f ve pek \u00e7ok d\u00fcnya diline \u00e7evrilmi\u015f yap\u0131t\u0131 Aelita, \u00e7a\u011f\u0131n fizik, astronomi ve tarih g\u00f6r\u00fc\u015flerini sentezleyen bir ser\u00fcven. Bir Sovyet mucidi ile eski bir K\u0131z\u0131lordu neferi, Mars\u2019ta yeni bir uygarl\u0131k sava\u015f\u0131n\u0131n i\u00e7inde buluyorlar kendilerini. Sosyal e\u015fitli\u011fi kurma iddias\u0131ndaki bir \u00fclkeden gelip ilahi bir ilgi ve korkuyla kar\u015f\u0131lan\u0131yorlar. \u201cG\u00f6klerin O\u011fullar\u0131n\u0131\u201d ilahi tahtlar\u0131ndan indiren ilk etken, \u00e7\u00f6kmekte olan e\u015fitsiz Marsl\u0131 uygarl\u0131\u011f\u0131n\u0131n g\u00fczel prensesi Aelita\u2019n\u0131n a\u015fk\u0131 oluyor, ikincisi ise isyan. Yay\u0131mland\u0131\u011f\u0131ndan bu yana pek \u00e7ok kez sinemaya uyarlanm\u0131\u015f Aelita, zaman\u0131n g\u00f6relili\u011fi, roket fizi\u011fi, Sovyet sistemi gibi temalardan yararlanan yazar\u0131n \u201cBat\u0131\u2019n\u0131n \u00c7\u00f6k\u00fc\u015f\u00fc\u201d teorileriyle tart\u0131\u015fmas\u0131 olarak da de\u011ferlendirilir.<\/p>\n","protected":false},"excerpt":{"rendered":"<p>Aleksey N. Tolstoy\u2019un 1923 y\u0131l\u0131nda yaz\u0131lm\u0131\u015f ve pek \u00e7ok d\u00fcnya diline \u00e7evrilmi\u015f yap\u0131t\u0131 Aelita, \u00e7a\u011f\u0131n fizik, astronomi ve tarih g\u00f6r\u00fc\u015flerini sentezleyen bir ser\u00fcven. Bir Sovyet mucidi<span class=\"excerpt-hellip\"> [\u2026]<\/span><\/p>\n","protected":false},"featured_media":0,"template":"","meta":{"_monsterinsights_skip_tracking":false,"_monsterinsights_sitenote_active":false,"_monsterinsights_sitenote_note":"","_monsterinsights_sitenote_category":0},"product_brand":[],"product_cat":[12291,26797],"product_tag":[],"class_list":{"0":"post-730649","1":"product","2":"type-product","3":"status-publish","5":"product_cat-edebiyat","6":"product_cat-modern-klasikler","7":"pa_cilt-ciltli","8":"pa_tur-kitap","9":"pa_yayinevi-is-bankasi-kultur-yayinlari","10":"pa_yazar-aleksey-nikolayevic-tolstoy","12":"first","13":"instock","14":"sale","15":"shipping-taxable","16":"purchasable","17":"product-type-simple"},"_links":{"self":[{"href":"https:\/\/roveyayinevi.com.tr\/index.php\/wp-json\/wp\/v2\/product\/730649","targetHints":{"allow":["GET"]}}],"collection":[{"href":"https:\/\/roveyayinevi.com.tr\/index.php\/wp-json\/wp\/v2\/product"}],"about":[{"href":"https:\/\/roveyayinevi.com.tr\/index.php\/wp-json\/wp\/v2\/types\/product"}],"wp:attachment":[{"href":"https:\/\/roveyayinevi.com.tr\/index.php\/wp-json\/wp\/v2\/media?parent=730649"}],"wp:term":[{"taxonomy":"product_brand","embeddable":true,"href":"https:\/\/roveyayinevi.com.tr\/index.php\/wp-json\/wp\/v2\/product_brand?post=730649"},{"taxonomy":"product_cat","embeddable":true,"href":"https:\/\/roveyayinevi.com.tr\/index.php\/wp-json\/wp\/v2\/product_cat?post=730649"},{"taxonomy":"product_tag","embeddable":true,"href":"https:\/\/roveyayinevi.com.tr\/index.php\/wp-json\/wp\/v2\/product_tag?post=730649"}],"curies":[{"name":"wp","href":"https:\/\/api.w.org\/{rel}","templated":true}]}}