{"id":730647,"date":"2025-08-27T21:18:20","date_gmt":"2025-08-27T18:18:20","guid":{"rendered":"https:\/\/roveyayinevi.com.tr\/index.php\/urun\/herkes-icin-ekonomi\/"},"modified":"2026-04-16T02:38:34","modified_gmt":"2026-04-15T23:38:34","slug":"herkes-icin-ekonomi","status":"publish","type":"product","link":"https:\/\/roveyayinevi.com.tr\/index.php\/urun\/herkes-icin-ekonomi\/","title":{"rendered":"Herkes \u0130\u00e7in Ekonomi"},"content":{"rendered":"<p>B\u00fct\u00fcn d\u00fcnya sars\u0131l\u0131yor, insanlar k\u00fcreselli\u011fin ne anlama geldi\u011fini ya\u015fayarak \u00f6\u011freniyor. K\u0131talar\u0131, \u00fclkeleri, uzak co\u011frafyalar\u0131 birbirine ba\u011flayan \u201cg\u00f6r\u00fcnmez bir el\u201d var.  Ekonomistler \u201chi\u00e7bir \u015feyin eskisi gibi olmayaca\u011f\u0131\u201d zamanlar\u0131 m\u00fcjdelerken, sonunda neye d\u00f6n\u00fc\u015fece\u011finin hen\u00fcz bilinmedi\u011fi g\u00fcn\u00fcm\u00fczde, yeni k\u00fcresel d\u00fczeni anlamak i\u00e7in bize bir rehber laz\u0131m. Yeniyi tarihle, neden-sonu\u00e7 ili\u015fkileriyle a\u00e7\u0131klayan bir rehber. M. Murat Kubilay, D\u00fcnya Sallan\u0131rken ve T\u00fcrkiye D\u00fc\u015ferken Herkes i\u00e7in Ekonomi ile sorulmas\u0131 gereken sorular\u0131 s\u0131ral\u0131yor.  Yaln\u0131zca b\u00fcy\u00fcme oranlar\u0131na odaklanmak kalk\u0131nma ve refah i\u00e7in yeterli mi?  Neden finansal piyasalarda b\u00fcy\u00fck bal\u0131k k\u00fc\u00e7\u00fck bal\u0131\u011f\u0131 yutar?  Bankalar ni\u00e7in bu kadar g\u00fc\u00e7l\u00fc ve paray\u0131 asl\u0131nda kim \u00fcretir?  Vergi rekortmenleri isimlerini neden gizler ve vergi y\u00fck\u00fc orta dire\u011fe nas\u0131l y\u00fcklenir?  T\u00fcrkiye daha demokratik olsayd\u0131, bu ekonomisiyle Avrupa Birli\u011fi \u00fcyesi olabilir miydi?  D\u00fcnya ekonomilerinin merkezinde neden ABD var ve bu durum s\u00fcrecek mi?  Ekonomik krizler ni\u00e7in \u00e7\u0131kar ve bu krizlerin en b\u00fcy\u00fc\u011f\u00fc gittik\u00e7e yakla\u015f\u0131yor mu?  T\u00fcrkiye, mak\u00fbs talihini yenip geli\u015fmi\u015f \u00fclkelerin refah\u0131na nas\u0131l eri\u015febilir?  <\/p>\n","protected":false},"excerpt":{"rendered":"<p>B\u00fct\u00fcn d\u00fcnya sars\u0131l\u0131yor, insanlar k\u00fcreselli\u011fin ne anlama geldi\u011fini ya\u015fayarak \u00f6\u011freniyor. K\u0131talar\u0131, \u00fclkeleri, uzak co\u011frafyalar\u0131 birbirine ba\u011flayan \u201cg\u00f6r\u00fcnmez bir el\u201d var. Ekonomistler \u201chi\u00e7bir \u015feyin eskisi gibi olmayaca\u011f\u0131\u201d<span class=\"excerpt-hellip\"> [\u2026]<\/span><\/p>\n","protected":false},"featured_media":0,"template":"","meta":{"_monsterinsights_skip_tracking":false,"_monsterinsights_sitenote_active":false,"_monsterinsights_sitenote_note":"","_monsterinsights_sitenote_category":0},"product_brand":[],"product_cat":[14841,13043],"product_tag":[],"class_list":{"0":"post-730647","1":"product","2":"type-product","3":"status-publish","5":"product_cat-arastirma-inceleme-kuram","6":"product_cat-ekonomi","7":"pa_cilt-ciltsiz","8":"pa_tur-kitap","9":"pa_yayinevi-dogan-kitap","10":"pa_yazar-m-murat-kubilay","12":"first","13":"instock","14":"sale","15":"shipping-taxable","16":"purchasable","17":"product-type-simple"},"_links":{"self":[{"href":"https:\/\/roveyayinevi.com.tr\/index.php\/wp-json\/wp\/v2\/product\/730647","targetHints":{"allow":["GET"]}}],"collection":[{"href":"https:\/\/roveyayinevi.com.tr\/index.php\/wp-json\/wp\/v2\/product"}],"about":[{"href":"https:\/\/roveyayinevi.com.tr\/index.php\/wp-json\/wp\/v2\/types\/product"}],"wp:attachment":[{"href":"https:\/\/roveyayinevi.com.tr\/index.php\/wp-json\/wp\/v2\/media?parent=730647"}],"wp:term":[{"taxonomy":"product_brand","embeddable":true,"href":"https:\/\/roveyayinevi.com.tr\/index.php\/wp-json\/wp\/v2\/product_brand?post=730647"},{"taxonomy":"product_cat","embeddable":true,"href":"https:\/\/roveyayinevi.com.tr\/index.php\/wp-json\/wp\/v2\/product_cat?post=730647"},{"taxonomy":"product_tag","embeddable":true,"href":"https:\/\/roveyayinevi.com.tr\/index.php\/wp-json\/wp\/v2\/product_tag?post=730647"}],"curies":[{"name":"wp","href":"https:\/\/api.w.org\/{rel}","templated":true}]}}