{"id":730644,"date":"2025-08-27T21:18:16","date_gmt":"2025-08-27T18:18:16","guid":{"rendered":"https:\/\/roveyayinevi.com.tr\/index.php\/urun\/daphnis-ile-khloenin-aski\/"},"modified":"2026-04-07T02:47:33","modified_gmt":"2026-04-06T23:47:33","slug":"daphnis-ile-khloenin-aski","status":"publish","type":"product","link":"https:\/\/roveyayinevi.com.tr\/index.php\/urun\/daphnis-ile-khloenin-aski\/","title":{"rendered":"Daphnis ile Khloe&#8217;nin A\u015fk\u0131"},"content":{"rendered":"<p>Hakk\u0131nda pek az \u015fey bilinen Longos taraf\u0131ndan yaz\u0131ld\u0131\u011f\u0131 varsay\u0131lan Daphnis ile Khloe\u2019nin A\u015fk\u0131 Antik Yunan edebiyat\u0131n\u0131n ilk d\u00fczyaz\u0131 \u00f6rneklerinden biri kabul edilmesinin yan\u0131 s\u0131ra pastoral edebiyat\u0131n da ilk yap\u0131t\u0131d\u0131r. Yazar\u0131n\u0131n kimli\u011fi netle\u015fmemi\u015f olsa da roman\u0131n okur \u00fcst\u00fcndeki etkisi y\u00fczy\u0131llar s\u00fcrm\u00fc\u015f, nice yazara, ozana, heykelt\u0131ra\u015fa, ressama, m\u00fczisyene ilham vermi\u015f; Shakespeare\u2019den Goethe\u2019ye, Rousseau\u2019dan George Sand\u2019a, Colette\u2019ten Yukio Mi\u015fima\u2019ya bir\u00e7ok b\u00fcy\u00fck edebiyat\u00e7\u0131n\u0131n yap\u0131tlar\u0131na esin kayna\u011f\u0131 olmu\u015f. \u0130ki bin y\u0131l \u00f6ncesinden gelen bu hik\u00e2ye, Midilli Adas\u0131&#8217;nda do\u011fan, ye\u015feren ve engellere g\u00f6\u011f\u00fcs geren bir a\u015fk\u0131 anlat\u0131yor. Masumiyet, ac\u0131mas\u0131z kader, sadakat, ihanet, tanr\u0131lar\u0131n intikam\u0131 ve hatta ac\u0131mas\u0131z korsanlar\u0131n e\u015flik etti\u011fi bu a\u015fk hi\u00e7birine boyun e\u011fmiyor, yok olmuyor. Sadece lekesiz, masum, karma\u015f\u0131k olmayan ili\u015fkiler ve saf duygulara de\u011fil, hayvanlara, bitkilere, r\u00fczg\u00e2ra, mevsimlere de ayn\u0131 g\u00fc\u00e7le y\u00f6nelebilen bu kadim metin insanl\u0131\u011fa bir arma\u011fan.<\/p>\n","protected":false},"excerpt":{"rendered":"<p>Hakk\u0131nda pek az \u015fey bilinen Longos taraf\u0131ndan yaz\u0131ld\u0131\u011f\u0131 varsay\u0131lan Daphnis ile Khloe\u2019nin A\u015fk\u0131 Antik Yunan edebiyat\u0131n\u0131n ilk d\u00fczyaz\u0131 \u00f6rneklerinden biri kabul edilmesinin yan\u0131 s\u0131ra pastoral edebiyat\u0131n<span class=\"excerpt-hellip\"> [\u2026]<\/span><\/p>\n","protected":false},"featured_media":0,"template":"","meta":{"_monsterinsights_skip_tracking":false,"_monsterinsights_sitenote_active":false,"_monsterinsights_sitenote_note":"","_monsterinsights_sitenote_category":0},"product_brand":[],"product_cat":[12291,12711],"product_tag":[],"class_list":{"0":"post-730644","1":"product","2":"type-product","3":"status-publish","5":"product_cat-edebiyat","6":"product_cat-roman-oyku","7":"pa_cilt-ciltsiz","8":"pa_tur-kitap","9":"pa_yayinevi-can-yayinlari","10":"pa_yazar-longos","12":"first","13":"instock","14":"sale","15":"shipping-taxable","16":"purchasable","17":"product-type-simple"},"_links":{"self":[{"href":"https:\/\/roveyayinevi.com.tr\/index.php\/wp-json\/wp\/v2\/product\/730644","targetHints":{"allow":["GET"]}}],"collection":[{"href":"https:\/\/roveyayinevi.com.tr\/index.php\/wp-json\/wp\/v2\/product"}],"about":[{"href":"https:\/\/roveyayinevi.com.tr\/index.php\/wp-json\/wp\/v2\/types\/product"}],"wp:attachment":[{"href":"https:\/\/roveyayinevi.com.tr\/index.php\/wp-json\/wp\/v2\/media?parent=730644"}],"wp:term":[{"taxonomy":"product_brand","embeddable":true,"href":"https:\/\/roveyayinevi.com.tr\/index.php\/wp-json\/wp\/v2\/product_brand?post=730644"},{"taxonomy":"product_cat","embeddable":true,"href":"https:\/\/roveyayinevi.com.tr\/index.php\/wp-json\/wp\/v2\/product_cat?post=730644"},{"taxonomy":"product_tag","embeddable":true,"href":"https:\/\/roveyayinevi.com.tr\/index.php\/wp-json\/wp\/v2\/product_tag?post=730644"}],"curies":[{"name":"wp","href":"https:\/\/api.w.org\/{rel}","templated":true}]}}