{"id":730643,"date":"2025-08-27T21:18:15","date_gmt":"2025-08-27T18:18:15","guid":{"rendered":"https:\/\/roveyayinevi.com.tr\/index.php\/urun\/hilal-sehir\/"},"modified":"2026-04-16T02:38:34","modified_gmt":"2026-04-15T23:38:34","slug":"hilal-sehir","status":"publish","type":"product","link":"https:\/\/roveyayinevi.com.tr\/index.php\/urun\/hilal-sehir\/","title":{"rendered":"Hilal \u015eehir"},"content":{"rendered":"<p>Sevgiyle, her \u015fey m\u00fcmk\u00fcnd\u00fcr. Kanla ba\u011fland\u0131. Arzuyla ba\u015ftan \u00e7\u0131kar\u0131ld\u0131. Kaderle serbest b\u0131rak\u0131ld\u0131. \u201cToprak ve Kan Hanesi oyunun kurallar\u0131n\u0131 de\u011fi\u015ftiriyor! Mutlaka okumal\u0131s\u0131n\u0131z. Sarah J. Maas bu roman\u0131yla standartlar\u0131 yeniden yaratt\u0131. \u201c  \u2014J. R. Ward \u201cHeyecan verici bir ilk kitap\u2026 Maas\u2019\u0131n keskin bir mizah\u0131 ile \u015f\u00f6lene d\u00f6n\u00fc\u015fen s\u0131n\u0131rs\u0131z hayal g\u00fcc\u00fc ve yak\u0131p kavuran bir romantizm. \u201c \u2014Publishers Weekly Bryce\u2019\u0131n ya\u015fam\u0131 kusursuzdu, b\u00fct\u00fcn g\u00fcn \u00e7al\u0131\u015f\u0131r, gece de partilerdi, ta ki bir iblis en yak\u0131n arkada\u015f\u0131n\u0131 \u00f6ld\u00fcrene kadar. Su\u00e7lu parmakl\u0131klar ard\u0131nda olmas\u0131na ra\u011fmen cinayetler devam edince Bryce kendini b\u00fcy\u00fck bir soru\u015fturman\u0131n merkezinde buldu. Hunt ise d\u00fc\u015fm\u00fc\u015f bir melekti. Bir zamanlar devirmeye \u00e7al\u0131\u015ft\u0131\u011f\u0131 Ba\u015fmelekler taraf\u0131ndan k\u00f6lele\u015ftirildi. Art\u0131k ac\u0131mas\u0131z becerilerini tek bir ama\u00e7 i\u00e7in kullan\u0131yordu,patronunun d\u00fc\u015fmanlar\u0131na suikast yapmak\u2026 Ancak bir g\u00fcn, Bryce\u2019\u0131n davas\u0131n\u0131 \u00e7\u00f6zerse \u00f6zg\u00fcrl\u00fc\u011f\u00fcne bir ad\u0131m atabilece\u011fini fark etti. Bryce ve Hunt, Hilal \u015eehir\u2019nin derinliklerine inerken, her \u015feyi tehdit eden karanl\u0131k g\u00fcc\u00fc ve alev alev yanan tutkuyu ke\u015ffederler. Cam \u015eato ve Dikenler ve G\u00fcller Saray\u0131\u2019n\u0131n b\u00fcy\u00fck yazar\u0131 Sarah J. Maas bu kez ya\u015fad\u0131\u011f\u0131m\u0131z kay\u0131plar\u0131n yaras\u0131n\u0131, \u00f6zg\u00fcrl\u00fcklerimiz i\u00e7in \u00f6dedi\u011fimiz bedelleri ve sevginin g\u00fcc\u00fcn\u00fc yaz\u0131yor. <\/p>\n","protected":false},"excerpt":{"rendered":"<p>Sevgiyle, her \u015fey m\u00fcmk\u00fcnd\u00fcr. Kanla ba\u011fland\u0131. Arzuyla ba\u015ftan \u00e7\u0131kar\u0131ld\u0131. Kaderle serbest b\u0131rak\u0131ld\u0131. \u201cToprak ve Kan Hanesi oyunun kurallar\u0131n\u0131 de\u011fi\u015ftiriyor! Mutlaka okumal\u0131s\u0131n\u0131z. Sarah J. Maas bu roman\u0131yla<span class=\"excerpt-hellip\"> [\u2026]<\/span><\/p>\n","protected":false},"featured_media":0,"template":"","meta":{"_monsterinsights_skip_tracking":false,"_monsterinsights_sitenote_active":false,"_monsterinsights_sitenote_note":"","_monsterinsights_sitenote_category":0},"product_brand":[],"product_cat":[12291,14777],"product_tag":[],"class_list":{"0":"post-730643","1":"product","2":"type-product","3":"status-publish","5":"product_cat-edebiyat","6":"product_cat-fantastik","7":"pa_cilt-ciltsiz","8":"pa_tur-kitap","9":"pa_yayinevi-dex-yayinevi","10":"pa_yazar-sarah-j-maas","12":"first","13":"instock","14":"sale","15":"shipping-taxable","16":"purchasable","17":"product-type-simple"},"_links":{"self":[{"href":"https:\/\/roveyayinevi.com.tr\/index.php\/wp-json\/wp\/v2\/product\/730643","targetHints":{"allow":["GET"]}}],"collection":[{"href":"https:\/\/roveyayinevi.com.tr\/index.php\/wp-json\/wp\/v2\/product"}],"about":[{"href":"https:\/\/roveyayinevi.com.tr\/index.php\/wp-json\/wp\/v2\/types\/product"}],"wp:attachment":[{"href":"https:\/\/roveyayinevi.com.tr\/index.php\/wp-json\/wp\/v2\/media?parent=730643"}],"wp:term":[{"taxonomy":"product_brand","embeddable":true,"href":"https:\/\/roveyayinevi.com.tr\/index.php\/wp-json\/wp\/v2\/product_brand?post=730643"},{"taxonomy":"product_cat","embeddable":true,"href":"https:\/\/roveyayinevi.com.tr\/index.php\/wp-json\/wp\/v2\/product_cat?post=730643"},{"taxonomy":"product_tag","embeddable":true,"href":"https:\/\/roveyayinevi.com.tr\/index.php\/wp-json\/wp\/v2\/product_tag?post=730643"}],"curies":[{"name":"wp","href":"https:\/\/api.w.org\/{rel}","templated":true}]}}